{"id":28610,"date":"2022-09-25T20:33:55","date_gmt":"2022-09-25T20:33:55","guid":{"rendered":"https:\/\/topgetestet.de\/?product=oodji-ultra-herren-langarmshirt-aus-baumwolle"},"modified":"2022-09-25T20:33:55","modified_gmt":"2022-09-25T20:33:55","slug":"oodji-ultra-herren-langarmshirt-aus-baumwolle","status":"publish","type":"product","link":"https:\/\/topgetestet.de\/?product=oodji-ultra-herren-langarmshirt-aus-baumwolle","title":{"rendered":"oodji Ultra Herren Langarmshirt aus Baumwolle"},"content":{"rendered":"<p>Price: <span style=\"color:#b12704\">[price_with_discount]<\/span><br \/><i><small>(as of [price_update_date] &#8211; <span class=\"wp_automatic_amazon_disclaimer\" title=\"Product prices and availability are accurate as of the date\/time indicated and are subject to change. Any price and availability information displayed on [relevant Amazon Site(s), as applicable] at the time of purchase will apply to the purchase of this product.\">Details<\/span>)<\/small><\/i><\/p>\n<p><a href=\"https:\/\/amazon.de\/dp\/B09BDFMWZS?tag=topgetestet09-21\"><img decoding=\"async\" src=\"https:\/\/i.imgur.com\/ISRHEWs.png\"><\/a><br \/>\n[ad_1]<br \/>\n <span>Praktisches Langarmshirt mit Rundhalsausschnitt. Das schlichte Modell ohne Verzierungen ist dezent und vielseitig. Damit k\u00f6nnen Sie einen komfortablen Casual-Look mit einer Jeans und Sneakern kreieren. Und wenn Sie eher elegante Smart-Casual-Outfits bevorzugen, dann kombinieren Sie das Shirt zu Blazern, Baumwollhosen ohne B\u00fcgelfalten und Mokassins. F\u00fcr Ihren Komfort sorgt der angenehme Stoff aus reiner Baumwolle, der Ihre Haut atmen l\u00e4sst. Outfits mit diesem Longsleeve eignen sich gut f\u00fcr Treffen mit Freunden in einem Caf\u00e9, ein Picknick, einen Kinoabend oder sogar f\u00fcrs Office, wenn es der Kleiderordnung nicht widerspricht. Ein vielseitiges Langarmshirt ist unentbehrlich f\u00fcr Ihre Alltagsgarderobe!<\/span> <br \/> Verpackungsabmessungen \u200f : \u200e  29.5 x 19.9 x 4.4 cm; 250 Gramm <br \/> Im Angebot von Amazon.de seit \u200f : \u200e  22. Dezember 2021 <br \/> Hersteller \u200f : \u200e  RIFICZECH s.r.o. <br \/> ASIN \u200f : \u200e  B09P19J58V <br \/> Modellnummer \u200f : \u200e  5B522103M <br \/> Kategorie \u200f : \u200e  Herren <\/p>\n<p>[ad_2]<\/p>\n","protected":false},"excerpt":{"rendered":"<p>Price: [price_with_discount](as of [price_update_date] &#8211; Details) [ad_1] Praktisches Langarmshirt mit Rundhalsausschnitt. Das schlichte Modell ohne Verzierungen ist dezent und vielseitig. Damit k\u00f6nnen Sie einen komfortablen Casual-Look mit einer Jeans und<\/p>\n","protected":false},"featured_media":28611,"comment_status":"open","ping_status":"closed","template":"","meta":[],"product_cat":[231],"product_tag":[],"class_list":{"0":"post-28610","1":"product","2":"type-product","3":"status-publish","4":"has-post-thumbnail","6":"product_cat-mens-fashion","8":"first","9":"instock","10":"shipping-taxable","11":"product-type-external"},"aioseo_notices":[],"_links":{"self":[{"href":"https:\/\/topgetestet.de\/index.php?rest_route=\/wp\/v2\/product\/28610","targetHints":{"allow":["GET"]}}],"collection":[{"href":"https:\/\/topgetestet.de\/index.php?rest_route=\/wp\/v2\/product"}],"about":[{"href":"https:\/\/topgetestet.de\/index.php?rest_route=\/wp\/v2\/types\/product"}],"replies":[{"embeddable":true,"href":"https:\/\/topgetestet.de\/index.php?rest_route=%2Fwp%2Fv2%2Fcomments&post=28610"}],"wp:featuredmedia":[{"embeddable":true,"href":"https:\/\/topgetestet.de\/index.php?rest_route=\/wp\/v2\/media\/28611"}],"wp:attachment":[{"href":"https:\/\/topgetestet.de\/index.php?rest_route=%2Fwp%2Fv2%2Fmedia&parent=28610"}],"wp:term":[{"taxonomy":"product_cat","embeddable":true,"href":"https:\/\/topgetestet.de\/index.php?rest_route=%2Fwp%2Fv2%2Fproduct_cat&post=28610"},{"taxonomy":"product_tag","embeddable":true,"href":"https:\/\/topgetestet.de\/index.php?rest_route=%2Fwp%2Fv2%2Fproduct_tag&post=28610"}],"curies":[{"name":"wp","href":"https:\/\/api.w.org\/{rel}","templated":true}]}}