{"id":28602,"date":"2022-09-25T20:31:42","date_gmt":"2022-09-25T20:31:42","guid":{"rendered":"https:\/\/topgetestet.de\/?product=speedo-eco-endurance-kickback-badeanzug-fur-damen"},"modified":"2022-09-25T20:31:42","modified_gmt":"2022-09-25T20:31:42","slug":"speedo-eco-endurance-kickback-badeanzug-fur-damen","status":"publish","type":"product","link":"https:\/\/topgetestet.de\/?product=speedo-eco-endurance-kickback-badeanzug-fur-damen","title":{"rendered":"Speedo Eco Endurance+ Kickback Badeanzug f\u00fcr Damen"},"content":{"rendered":"<p>Price: <span style=\"color:#b12704\">[price_with_discount]<\/span><br \/><i><small>(as of [price_update_date] &#8211; <span class=\"wp_automatic_amazon_disclaimer\" title=\"Product prices and availability are accurate as of the date\/time indicated and are subject to change. Any price and availability information displayed on [relevant Amazon Site(s), as applicable] at the time of purchase will apply to the purchase of this product.\">Details<\/span>)<\/small><\/i><\/p>\n<p><a href=\"https:\/\/amazon.de\/dp\/B094DQFLZK?tag=topgetestet09-21\"><img decoding=\"async\" src=\"https:\/\/i.imgur.com\/ISRHEWs.png\"><\/a><br \/>\n[ad_1]<br \/>\n <span>Unser KickbackBadeanzug in klassischem Schwarz hat einen h\u00f6heren R\u00fccken und ist mit Brusteinlagen versehen, um w\u00e4hrend des Trainings die Brust zu st\u00fctzen. Langlebig und umweltschonend: Hergestellt aus unserem neuen, zu 100 % chlorbest\u00e4ndigen Gewebe ECO Endurance, das schnell trocknet und zu 50 % aus recycelten Materialien besteht.<\/span> <br \/> Verpackungsabmessungen \u200f : \u200e  23.2 x 14 x 4 cm; 100 Gramm <br \/> Im Angebot von Amazon.de seit \u200f : \u200e  7. Mai 2021 <br \/> Hersteller \u200f : \u200e  Speedo <br \/> ASIN \u200f : \u200e  B094DQZ71N <br \/> Modellnummer \u200f : \u200e  8134730001 <br \/> Kategorie \u200f : \u200e  Damen <\/p>\n<p>Hohe Farbbest\u00e4ndigkeit erm\u00f6glicht die Verwendung kr\u00e4ftiger, leuchtender Farben<br \/>Verschluss: Pull-on<br \/>53% Recyceltes Polyester und, 47% Pbt<br \/>Eco Endurance+ Kickback<br \/>Pflegehinweis: Maschinenw\u00e4sche<br \/>Modellnummer: 8134730001<br \/>\n<br \/>[ad_2]<\/p>\n","protected":false},"excerpt":{"rendered":"<p>Price: [price_with_discount](as of [price_update_date] &#8211; Details) [ad_1] Unser KickbackBadeanzug in klassischem Schwarz hat einen h\u00f6heren R\u00fccken und ist mit Brusteinlagen versehen, um w\u00e4hrend des Trainings die Brust zu st\u00fctzen. Langlebig<\/p>\n","protected":false},"featured_media":28603,"comment_status":"open","ping_status":"closed","template":"","meta":[],"product_cat":[232],"product_tag":[],"class_list":{"0":"post-28602","1":"product","2":"type-product","3":"status-publish","4":"has-post-thumbnail","6":"product_cat-women-fashion","8":"first","9":"instock","10":"shipping-taxable","11":"product-type-external"},"aioseo_notices":[],"_links":{"self":[{"href":"https:\/\/topgetestet.de\/index.php?rest_route=\/wp\/v2\/product\/28602","targetHints":{"allow":["GET"]}}],"collection":[{"href":"https:\/\/topgetestet.de\/index.php?rest_route=\/wp\/v2\/product"}],"about":[{"href":"https:\/\/topgetestet.de\/index.php?rest_route=\/wp\/v2\/types\/product"}],"replies":[{"embeddable":true,"href":"https:\/\/topgetestet.de\/index.php?rest_route=%2Fwp%2Fv2%2Fcomments&post=28602"}],"wp:featuredmedia":[{"embeddable":true,"href":"https:\/\/topgetestet.de\/index.php?rest_route=\/wp\/v2\/media\/28603"}],"wp:attachment":[{"href":"https:\/\/topgetestet.de\/index.php?rest_route=%2Fwp%2Fv2%2Fmedia&parent=28602"}],"wp:term":[{"taxonomy":"product_cat","embeddable":true,"href":"https:\/\/topgetestet.de\/index.php?rest_route=%2Fwp%2Fv2%2Fproduct_cat&post=28602"},{"taxonomy":"product_tag","embeddable":true,"href":"https:\/\/topgetestet.de\/index.php?rest_route=%2Fwp%2Fv2%2Fproduct_tag&post=28602"}],"curies":[{"name":"wp","href":"https:\/\/api.w.org\/{rel}","templated":true}]}}