{"id":28241,"date":"2022-09-25T18:14:11","date_gmt":"2022-09-25T18:14:11","guid":{"rendered":"https:\/\/topgetestet.de\/?product=nba-2k23-michael-jordan-edition-usk-pegi-playstation-5"},"modified":"2022-09-25T18:14:11","modified_gmt":"2022-09-25T18:14:11","slug":"nba-2k23-michael-jordan-edition-usk-pegi-playstation-5","status":"publish","type":"product","link":"https:\/\/topgetestet.de\/?product=nba-2k23-michael-jordan-edition-usk-pegi-playstation-5","title":{"rendered":"NBA 2K23 Michael Jordan Edition &#8211; USK &#038; PEGI [PlayStation 5]"},"content":{"rendered":"<p>Price: <span style=\"color:#b12704\">[price_with_discount]<\/span><br \/><i><small>(as of [price_update_date] &#8211; <span class=\"wp_automatic_amazon_disclaimer\" title=\"Product prices and availability are accurate as of the date\/time indicated and are subject to change. Any price and availability information displayed on [relevant Amazon Site(s), as applicable] at the time of purchase will apply to the purchase of this product.\">Details<\/span>)<\/small><\/i><\/p>\n<p><a href=\"https:\/\/amazon.de\/dp\/B0B61RJ397?tag=topgetestet09-21\"><img decoding=\"async\" src=\"https:\/\/i.imgur.com\/ISRHEWs.png\"><\/a><br \/>\n[ad_1]<br \/>\n <span>FOLGE DEM RUF WAHRE GR\u00d6\u00dfE RUFT Folge dem Ruf zu wahrer Gr\u00f6\u00dfe und entfalte dein volles Potenzial in NBA 2K23. Beweise dich gegen die besten Spieler*innen der Welt und stell in &#8216;Meine KARRIERE&#8217; dein Talent zur Schau. Bring in &#8216;Mein TEAM&#8217; die All-Stars von heute mit zeitlosen Legenden zusammen. Bau dir in &#8216;Mein GM&#8217; deine eigene Dynastie auf oder f\u00fchre die NBA mit &#8216;Meine LIGA&#8217; in eine neue Richtung. Nimm es in PLAY NOW mit NBA- oder WNBA-Teams auf und genie\u00dfe lebensechtes Gameplay. Wie folgst du dem Ruf? Vorbestellerbonus: 5.000 VC + 5.000 MyTEAM Points 10 weekly MyTEAM Promo Packs &#8211; 1 pro Woche Ein Boost f\u00fcr jeden MyCarrer Typ Ein Boost f\u00fcr jeden Gatorade Boost Typ Devin Booker MyPLAYER Jersey 95 rated Devin Booker MyTEAM Free Agent Karte<\/span> <br \/> Alterseinstufung \u200f : \u200e  USK ab 12 freigegeben <br \/> Verpackungsabmessungen \u200f : \u200e  17.4 x 13.8 x 1.9 cm; 101 Gramm <br \/> Erscheinungstermin \u200f : \u200e  9. September 2022 <br \/> ASIN \u200f : \u200e  B0B61RJ397 <br \/> Herkunftsland \u200f : \u200e  Deutschland <\/p>\n<p>ES BEGINNT IN DER CITY \u2013 In der bis dato spannendsten &#8216;Meine KARRIERE&#8217;-Reise wartet The City nur darauf, von dir erobert zu werden. Verfeinere dein Spiel, bau deine Marke auf und entscheide, wie du auf und jenseits des Courts Geschichte schreiben willst. W\u00e4hl deine Crew und nimm es mit den besten &#8216;Mein SPIELERN&#8217; der brandneuen City auf, die durch atemberaubende Ausblicke, Arenen und Courts besticht.<br \/>R\u00dcCKKEHR DER JORDAN CHALLENGE \u2013 Dreh die Zeit zur\u00fcck und erlebe die beeindruckenden &#8216;Jordan Challenges&#8217;, die mit einer an die jeweilige Zeit angelehnten Grafik Michael Jordans Aufstieg von der College-Sensation bis zur unvergessenen Ikone einfangen. Schn\u00fcr seine Schuhe, um seine \u00fcberragenden Stats und legend\u00e4ren letzten W\u00fcrfe nachzustellen. Dabei kannst du dir Kommentare seiner Weggef\u00e4hrten anh\u00f6ren, die miterlebt haben, wie er vom aufstrebenden Ausnahmetalent zur Basketball-Legende wurde.<br \/>BAU DEIN TEAM AUF \u2013 Lass alle Grenzen hinter dir, wenn du in &#8216;Mein TEAM&#8217; eine Gruppe legend\u00e4rer Talente aus beliebigen \u00c4ras zusammenstellst. Gl\u00e4nze in jeder Saison auf dem Court und erwecke deine Vision mit einer gro\u00dfen Auswahl an Anpassungsm\u00f6glichkeiten zum Leben, um den perfekten Look f\u00fcr deine perfekte Starting Five zu kreieren.<br \/>Bonusinhalte: 100.000 VC, Meine Karriere [10x] 6 Meine KARRIERE SKILL BOOST TYPEN [10x] 3 GATORADE BOOST TYPEN [4x] Meine KARRIERE T-SHIRTS &#8211; BOOKER T-SHIRT (COVER ART) &#8211; BOOKER T-SHIRT (CUSTOM DESIGN) &#8211; JORDAN T-SHIRT (COVER ART) &#8211; JORDAN T-SHIRT (CUSTOM DESIGN) [1x] 2-HR DOUBLE XP COIN EXCLUSIVER RUCKSACK EXCLUSIVES CUSTOM DESIGN COVER STAR SKATEBOARD [1X] ARM SLEEVE, My Team: [10K] MyTEAM POINTS [10x] MyTEAM TOKENS [23x] MyTEAM PROMO PACKS [10x] DAY 1 PROMO PACKS + 1 TOPPER PACK (AMETHYST) [2x] PROMO PACKS PRO WOCHE F\u00dcR 6 WOCHEN [2x] COVER STAR PLAYER CARDS SAPPHIR DEVIN BOOKER RUBIN MICHAEL JORDAN &#8211; [1x] FREE AGENT OPTION PACK [1x] DIAMANT JORDAN SCHUH [1x] RUBIN COACH KARTEN PACK<br \/>\n<br \/>[ad_2]<\/p>\n","protected":false},"excerpt":{"rendered":"<p>Price: [price_with_discount](as of [price_update_date] &#8211; Details) [ad_1] FOLGE DEM RUF WAHRE GR\u00d6\u00dfE RUFT Folge dem Ruf zu wahrer Gr\u00f6\u00dfe und entfalte dein volles Potenzial in NBA 2K23. Beweise dich gegen<\/p>\n","protected":false},"featured_media":28242,"comment_status":"open","ping_status":"closed","template":"","meta":[],"product_cat":[227],"product_tag":[261],"class_list":{"0":"post-28241","1":"product","2":"type-product","3":"status-publish","4":"has-post-thumbnail","6":"product_cat-gaming","7":"product_tag-playstation-legacy-games","9":"first","10":"instock","11":"sale","12":"shipping-taxable","13":"product-type-external"},"aioseo_notices":[],"_links":{"self":[{"href":"https:\/\/topgetestet.de\/index.php?rest_route=\/wp\/v2\/product\/28241","targetHints":{"allow":["GET"]}}],"collection":[{"href":"https:\/\/topgetestet.de\/index.php?rest_route=\/wp\/v2\/product"}],"about":[{"href":"https:\/\/topgetestet.de\/index.php?rest_route=\/wp\/v2\/types\/product"}],"replies":[{"embeddable":true,"href":"https:\/\/topgetestet.de\/index.php?rest_route=%2Fwp%2Fv2%2Fcomments&post=28241"}],"wp:featuredmedia":[{"embeddable":true,"href":"https:\/\/topgetestet.de\/index.php?rest_route=\/wp\/v2\/media\/28242"}],"wp:attachment":[{"href":"https:\/\/topgetestet.de\/index.php?rest_route=%2Fwp%2Fv2%2Fmedia&parent=28241"}],"wp:term":[{"taxonomy":"product_cat","embeddable":true,"href":"https:\/\/topgetestet.de\/index.php?rest_route=%2Fwp%2Fv2%2Fproduct_cat&post=28241"},{"taxonomy":"product_tag","embeddable":true,"href":"https:\/\/topgetestet.de\/index.php?rest_route=%2Fwp%2Fv2%2Fproduct_tag&post=28241"}],"curies":[{"name":"wp","href":"https:\/\/api.w.org\/{rel}","templated":true}]}}