{"id":28067,"date":"2022-09-25T17:28:04","date_gmt":"2022-09-25T17:28:04","guid":{"rendered":"https:\/\/topgetestet.de\/?product=under-armour-herren-ua-charged-rogue-2-twist-laufschuhe"},"modified":"2022-09-25T17:28:04","modified_gmt":"2022-09-25T17:28:04","slug":"under-armour-herren-ua-charged-rogue-2-twist-laufschuhe","status":"publish","type":"product","link":"https:\/\/topgetestet.de\/?product=under-armour-herren-ua-charged-rogue-2-twist-laufschuhe","title":{"rendered":"Under Armour Herren UA Charged Rogue 2 Twist Laufschuhe"},"content":{"rendered":"<p>Price: <span style=\"color:#b12704\">[price_with_discount]<\/span><br \/><i><small>(as of [price_update_date] &#8211; <span class=\"wp_automatic_amazon_disclaimer\" title=\"Product prices and availability are accurate as of the date\/time indicated and are subject to change. Any price and availability information displayed on [relevant Amazon Site(s), as applicable] at the time of purchase will apply to the purchase of this product.\">Details<\/span>)<\/small><\/i><\/p>\n<p><a href=\"https:\/\/amazon.de\/dp\/B08FTJFP6S?tag=topgetestet09-21\"><img decoding=\"async\" src=\"https:\/\/i.imgur.com\/ISRHEWs.png\"><\/a><br \/>\n[ad_1]<\/p>\n<p>       Produktbeschreibung des Herstellers <\/p>\n<p>              <img decoding=\"async\" alt=\"UA Shoes\" src=\"https:\/\/images-na.ssl-images-amazon.com\/images\/G\/01\/x-locale\/common\/grey-pixel.gif\" class=\"a-lazy-loaded\" data-src=\"https:\/\/m.media-amazon.com\/images\/S\/aplus-media\/vc\/c82a2dbd-1c74-4f11-8242-b86bce70337f.__CR0,0,970,300_PT0_SX970_V1___.jpg\"><\/p>\n<p>               <img decoding=\"async\" alt=\"UA Shoes\" src=\"https:\/\/m.media-amazon.com\/images\/S\/aplus-media\/vc\/c82a2dbd-1c74-4f11-8242-b86bce70337f.__CR0,0,970,300_PT0_SX970_V1___.jpg\"><\/p>\n<p>               <img decoding=\"async\" alt=\"Herren UA Essential Sportstyle-Schuhe\" src=\"https:\/\/images-na.ssl-images-amazon.com\/images\/G\/01\/x-locale\/common\/grey-pixel.gif\" class=\"a-spacing-mini a-lazy-loaded\" data-src=\"https:\/\/m.media-amazon.com\/images\/S\/aplus-media\/vc\/41503e5f-389c-4cbb-8c60-1219f485b0f4.__CR0,0,900,1200_PT0_SX300_V1___.png\"><\/p>\n<p>                <img decoding=\"async\" alt=\"Herren UA Essential Sportstyle-Schuhe\" src=\"https:\/\/m.media-amazon.com\/images\/S\/aplus-media\/vc\/41503e5f-389c-4cbb-8c60-1219f485b0f4.__CR0,0,900,1200_PT0_SX300_V1___.png\"><\/p>\n<p> <\/p>\n<p>                <img decoding=\"async\" alt=\"UA Mission\" src=\"https:\/\/images-na.ssl-images-amazon.com\/images\/G\/01\/x-locale\/common\/grey-pixel.gif\" class=\"a-spacing-mini a-lazy-loaded\" data-src=\"https:\/\/m.media-amazon.com\/images\/S\/aplus-media\/vc\/1323c4d5-c1ed-4aa3-ac81-f1c4c2d62e81.__CR0,0,350,175_PT0_SX350_V1___.jpg\"><\/p>\n<p>                 <img decoding=\"async\" alt=\"UA Mission\" src=\"https:\/\/m.media-amazon.com\/images\/S\/aplus-media\/vc\/1323c4d5-c1ed-4aa3-ac81-f1c4c2d62e81.__CR0,0,350,175_PT0_SX350_V1___.jpg\"><\/p>\n<p>                 WIR HABEN EINE DEUTLICHE MISSION: UNDER ARMOUR MACHT ATHLETEN BESSER  <\/p>\n<p class=\"a-spacing-small a-size-small a-color-secondary\"> Wir haben mit einem T-Shirt, das Sportlern einen unbestreitbaren Vorteil gab, angefangen und letztendlich eine v\u00f6llige Erneuerung von Sportkleidung herbeigef\u00fchrt. Heute ist Innovation unser Lebenselixier und der Schl\u00fcssel zum Erreichen unserer Markenmission. <\/p>\n<p>                Herren UA Essential Sportstyle-Schuhe  <\/p>\n<p class=\"a-spacing-base\"> Schuhe von Under Armour sind f\u00fcr Leichtigkeit, Atmungsaktivit\u00e4t und eine bequeme Passform bekannt. Dieser Schuh ist dabei keine Ausnahme. Du suchst ein Paar, das du einfach \u00fcberall tragen kannst? Du hast es gefunden. <\/p>\n<p>                     Atmungsaktives, leichtes Netzstoff-Obermaterial f\u00fcr Komfort den ganzen Tag lang<br \/>\n                     Die bequeme Einlegesohle passt sich der Form des Fu\u00dfes an, ist an der Ferse zus\u00e4tzlich gepolstert und sorgt so f\u00fcr Komfort in der Aufprallzone<br \/>\n                     Gepolsterte EVA-Mittelsohle f\u00fcr einen leichten und reaktionsstarken Lauf<br \/>\n                     Vollgummi-Au\u00dfensohle f\u00fcr eine vielseitige Bodenhaftung und bessere Strapazierf\u00e4higkeit   <\/p>\n<h3 class=\"a-spacing-small\"> \u00dcBER UNDER ARMOUR SCHUHE <\/h3>\n<p> <img decoding=\"async\" alt=\"UA Shoes\" src=\"https:\/\/images-na.ssl-images-amazon.com\/images\/G\/01\/x-locale\/common\/grey-pixel.gif\" class=\"a-spacing-mini a-lazy-loaded\" data-src=\"https:\/\/m.media-amazon.com\/images\/S\/aplus-media\/vc\/1b77bd27-ea69-445b-b557-c2f1d0f54ab7.__CR0,0,600,600_PT0_SX300_V1___.jpg\">\n                   <\/p>\n<p>                    <img decoding=\"async\" alt=\"UA Shoes\" src=\"https:\/\/m.media-amazon.com\/images\/S\/aplus-media\/vc\/1b77bd27-ea69-445b-b557-c2f1d0f54ab7.__CR0,0,600,600_PT0_SX300_V1___.jpg\"><\/p>\n<p> <img decoding=\"async\" alt=\"UA Heatgear\" src=\"https:\/\/images-na.ssl-images-amazon.com\/images\/G\/01\/x-locale\/common\/grey-pixel.gif\" class=\"a-spacing-mini a-lazy-loaded\" data-src=\"https:\/\/m.media-amazon.com\/images\/S\/aplus-media\/vc\/47f6e79e-bfb5-469a-92f2-3ee6032b972c.__CR0,0,600,600_PT0_SX300_V1___.jpg\">\n                   <\/p>\n<p>                    <img decoding=\"async\" alt=\"UA Heatgear\" src=\"https:\/\/m.media-amazon.com\/images\/S\/aplus-media\/vc\/47f6e79e-bfb5-469a-92f2-3ee6032b972c.__CR0,0,600,600_PT0_SX300_V1___.jpg\"><\/p>\n<p> <img decoding=\"async\" alt=\"UA Coldgear\" src=\"https:\/\/images-na.ssl-images-amazon.com\/images\/G\/01\/x-locale\/common\/grey-pixel.gif\" class=\"a-spacing-mini a-lazy-loaded\" data-src=\"https:\/\/m.media-amazon.com\/images\/S\/aplus-media\/vc\/83a6c680-1f59-44ce-b324-fd26ddbeee6b.__CR0,0,600,600_PT0_SX300_V1___.jpg\">\n                   <\/p>\n<p>                    <img decoding=\"async\" alt=\"UA Coldgear\" src=\"https:\/\/m.media-amazon.com\/images\/S\/aplus-media\/vc\/83a6c680-1f59-44ce-b324-fd26ddbeee6b.__CR0,0,600,600_PT0_SX300_V1___.jpg\"><\/p>\n<p>                   UA SCHUHE  <\/p>\n<p> INNOVATION F\u00dcR ALLES, WAS MAN MACHT. <\/p>\n<p> Unsere Herrenschuhe wurden f\u00fcr alles, was man trainieren will entwickelt\u2014auf dem Platz, auf dem Feld, laufen oder trainieren, sogar Schuhe f\u00fcr eine bequeme Erholungsphase, nach der man wieder loslegen kann. Suchen sie sich ein Paar aus. <\/p>\n<p>                   UA HEATGEAR  <\/p>\n<p> MIT DIESER KLEIDUNG F\u00dcHLT MAN SICH K\u00dcHL, TROCKEN UND LEICHT. <\/p>\n<p> W\u00e4hrend er in der Sommersonne schwitzte, erfand unser Gr\u00fcnder diese originelle Innovation. Dieses atmungsaktive Gewebe f\u00fchrt Schwei\u00df vom K\u00f6rper weg und reguliert die K\u00f6rpertemperatur, damit man sich k\u00fchler, trockener und leichter denn je f\u00fchlt. <\/p>\n<p>                   UA COLDGEAR  <\/p>\n<p> MIT DIESER KLEIDUNG F\u00dcHLT MAN SICH WARM, TROCKEN UND LEICHT. <\/p>\n<p> Dieser Schicht vertrauen Athleten, wenn das Thermometer sinkt. ColdGear macht schwere, volumin\u00f6se Ausr\u00fcstung bei kaltem Wetter unn\u00f6tig. <\/p>\n<p> <img decoding=\"async\" alt=\"size1\" src=\"https:\/\/images-na.ssl-images-amazon.com\/images\/G\/01\/x-locale\/common\/grey-pixel.gif\" class=\"a-spacing-mini a-lazy-loaded\" data-src=\"https:\/\/m.media-amazon.com\/images\/S\/aplus-media\/vc\/32e95e25-d59d-4d73-904e-880b29497816.__CR0,0,300,300_PT0_SX300_V1___.jpg\">\n                   <\/p>\n<p>                    <img decoding=\"async\" alt=\"size1\" src=\"https:\/\/m.media-amazon.com\/images\/S\/aplus-media\/vc\/32e95e25-d59d-4d73-904e-880b29497816.__CR0,0,300,300_PT0_SX300_V1___.jpg\"><\/p>\n<p> <img decoding=\"async\" alt=\"size2\" src=\"https:\/\/images-na.ssl-images-amazon.com\/images\/G\/01\/x-locale\/common\/grey-pixel.gif\" class=\"a-spacing-mini a-lazy-loaded\" data-src=\"https:\/\/m.media-amazon.com\/images\/S\/aplus-media\/vc\/bd80e6c4-d43e-4338-9fe3-038ddb1a954d.__CR0,0,300,300_PT0_SX300_V1___.jpg\">\n                   <\/p>\n<p>                    <img decoding=\"async\" alt=\"size2\" src=\"https:\/\/m.media-amazon.com\/images\/S\/aplus-media\/vc\/bd80e6c4-d43e-4338-9fe3-038ddb1a954d.__CR0,0,300,300_PT0_SX300_V1___.jpg\"><\/p>\n<p>                   GR\u00d6SSENTABELLE  <\/p>\n<p> Die Messwerte sind standardisiert, es k\u00f6nnen Schwankungen auftreten. <\/p>\n<p>                   SO MISST DU  <\/p>\n<p> FU\u00df: Wir beginnen mit dem eigentlichen Fu\u00df, d. h. der Fu\u00df vom Fersen zu den Zehen gemessen. Diese Gr\u00f6\u00dfe (in Zentimetern) wird dann in unsere Standardgr\u00f6\u00dfe \u00fcbertragen. <\/p>\n<p> So kannst Du deine Fu\u00dfgr\u00f6\u00dfe zuhause bestimmen: Setze deinen ganzen Fu\u00df fest auf ein St\u00fcck Papier, zeichne ihn nach und miss ihn von der Ferse zu den Zehen. Wenn deine Fu\u00dfgr\u00f6\u00dfe genau zwischen zwei Gr\u00f6\u00dfen liegt, empfehlen wir Dir die gr\u00f6\u00dfere Gr\u00f6\u00dfe. Vergewissere dich, dass Du dich beim Messen mit deinem ganzen K\u00f6rpergewicht auf die F\u00fc\u00dfe stellst. Hinweis: F\u00fcr ein exakteres Ergebnis empfehlen wir dir, den Fu\u00df zu messen, nachdem Du schon einige Zeit auf den F\u00fc\u00dfen gewesen gewesen bist. <\/p>\n<p> Wir haben diese benutzerfreundliche Gr\u00f6\u00dfentabelle konzipiert, so dass Du problemlos die richtige Schuhgr\u00f6\u00dfe f\u00fcr deine Kinder finden kannst. *Wegen der metrischen\/angels\u00e4chsischen Konvertierung entsprechen manchmal zwei US-Gr\u00f6\u00dfen einer GB- oder CM-Gr\u00f6\u00dfe. <\/p>\n<p>                 Technologie<br \/>\n                 Heatgear<br \/>\n                 Heatgear<br \/>\n                 Heatgear<br \/>\n                 Heatgear<br \/>\n                 Storm   <\/p>\n<p>                 Passform<br \/>\n                 Kompression<br \/>\n                 Loose<br \/>\n                 Loose<br \/>\n                 Kompression<br \/>\n                 29 l   <\/p>\n<p>                 4-Way Stretchstoff<br \/>\n                 \u2713<br \/>\n                 \u2713<br \/>\n                 \u2713<br \/>\n                 \u2713   <\/p>\n<p>                 Moisture Transport System<br \/>\n                 \u2713<br \/>\n                 \u2713<br \/>\n                 \u2713<br \/>\n                 \u2713   <\/p>\n<p>                 Schnelltrocknend<br \/>\n                 \u2713<br \/>\n                 \u2713<br \/>\n                 \u2713<br \/>\n                 \u2713<br \/>\n                 \u2713   <\/p>\n<p>                 Anti-Odor Technologie<br \/>\n                 \u2713<br \/>\n                 \u2713<br \/>\n                 \u2713<br \/>\n                 \u2713   <\/p>\n<p>                 Atmungsaktivit\u00e4t<br \/>\n                 \u2713<br \/>\n                 \u2713<br \/>\n                 \u2713<br \/>\n                 \u2713<br \/>\n                 \u2713   <\/p>\n<p>                 Neuer 2021 Style<br \/>\n                 \u2713<br \/>\n                 \u2713   <\/p>\n<p>                 \u2713   <\/p>\n<p> Verpackungsabmessungen \u200f : \u200e  28.7 x 19.56 x 11.18 cm; 680 Gramm <br \/> Im Angebot von Amazon.de seit \u200f : \u200e  23. Juli 2022 <br \/> Hersteller \u200f : \u200e  Under Armour <br \/> ASIN \u200f : \u200e  B09LS9VYCH <br \/> Modellnummer \u200f : \u200e  3022954 <br \/> Kategorie \u200f : \u200e  Herren <\/p>\n<p>Verschluss: Schn\u00fcrung<br \/>Absatzform: Flach<br \/>Materialzusammensetzung: 54 % Stoff, 46 % Synthetik<br \/>Schuhweite: Medium<br \/>Nicht wasserfest<br \/>\n<br \/>[ad_2]<\/p>\n","protected":false},"excerpt":{"rendered":"<p>Price: [price_with_discount](as of [price_update_date] &#8211; Details) [ad_1] Produktbeschreibung des Herstellers WIR HABEN EINE DEUTLICHE MISSION: UNDER ARMOUR MACHT ATHLETEN BESSER Wir haben mit einem T-Shirt, das Sportlern einen unbestreitbaren Vorteil<\/p>\n","protected":false},"featured_media":28068,"comment_status":"open","ping_status":"closed","template":"","meta":[],"product_cat":[234],"product_tag":[235],"class_list":{"0":"post-28067","1":"product","2":"type-product","3":"status-publish","4":"has-post-thumbnail","6":"product_cat-shoes","7":"product_tag-mens-road-running-shoes","9":"first","10":"instock","11":"shipping-taxable","12":"product-type-external"},"aioseo_notices":[],"_links":{"self":[{"href":"https:\/\/topgetestet.de\/index.php?rest_route=\/wp\/v2\/product\/28067","targetHints":{"allow":["GET"]}}],"collection":[{"href":"https:\/\/topgetestet.de\/index.php?rest_route=\/wp\/v2\/product"}],"about":[{"href":"https:\/\/topgetestet.de\/index.php?rest_route=\/wp\/v2\/types\/product"}],"replies":[{"embeddable":true,"href":"https:\/\/topgetestet.de\/index.php?rest_route=%2Fwp%2Fv2%2Fcomments&post=28067"}],"wp:featuredmedia":[{"embeddable":true,"href":"https:\/\/topgetestet.de\/index.php?rest_route=\/wp\/v2\/media\/28068"}],"wp:attachment":[{"href":"https:\/\/topgetestet.de\/index.php?rest_route=%2Fwp%2Fv2%2Fmedia&parent=28067"}],"wp:term":[{"taxonomy":"product_cat","embeddable":true,"href":"https:\/\/topgetestet.de\/index.php?rest_route=%2Fwp%2Fv2%2Fproduct_cat&post=28067"},{"taxonomy":"product_tag","embeddable":true,"href":"https:\/\/topgetestet.de\/index.php?rest_route=%2Fwp%2Fv2%2Fproduct_tag&post=28067"}],"curies":[{"name":"wp","href":"https:\/\/api.w.org\/{rel}","templated":true}]}}