{"id":27774,"date":"2022-09-25T15:32:15","date_gmt":"2022-09-25T15:32:15","guid":{"rendered":"https:\/\/topgetestet.de\/?product=lacoste-damen-41cfa0027-sneakers"},"modified":"2022-09-25T15:32:15","modified_gmt":"2022-09-25T15:32:15","slug":"lacoste-damen-41cfa0027-sneakers","status":"publish","type":"product","link":"https:\/\/topgetestet.de\/?product=lacoste-damen-41cfa0027-sneakers","title":{"rendered":"Lacoste Damen 41cfa0027 Sneakers"},"content":{"rendered":"<p>Price: <span style=\"color:#b12704\">[price_with_discount]<\/span><br \/><i><small>(as of [price_update_date] &#8211; <span class=\"wp_automatic_amazon_disclaimer\" title=\"Product prices and availability are accurate as of the date\/time indicated and are subject to change. Any price and availability information displayed on [relevant Amazon Site(s), as applicable] at the time of purchase will apply to the purchase of this product.\">Details<\/span>)<\/small><\/i><\/p>\n<p><a href=\"https:\/\/amazon.de\/dp\/B08PCZ34FM?tag=topgetestet09-21\"><img decoding=\"async\" src=\"https:\/\/i.imgur.com\/ISRHEWs.png\"><\/a><br \/>\n[ad_1]<\/p>\n<p>       Von der Marke <\/p>\n<p>             <img decoding=\"async\" alt=\"Lacoste\" src=\"https:\/\/images-na.ssl-images-amazon.com\/images\/G\/01\/x-locale\/common\/grey-pixel.gif\" class=\"a-lazy-loaded\" data-src=\"https:\/\/m.media-amazon.com\/images\/S\/aplus-media\/sota\/2a87506d-7f18-4869-a568-25e717f6d906.__CR0,0,1464,625_PT0_SX1464_V1___.jpg\"><\/p>\n<p>              <img decoding=\"async\" alt=\"Lacoste\" src=\"https:\/\/m.media-amazon.com\/images\/S\/aplus-media\/sota\/2a87506d-7f18-4869-a568-25e717f6d906.__CR0,0,1464,625_PT0_SX1464_V1___.jpg\"><\/p>\n<p>                   <img decoding=\"async\" alt=\"Lacoste\" src=\"https:\/\/images-na.ssl-images-amazon.com\/images\/G\/01\/x-locale\/common\/grey-pixel.gif\" class=\"a-lazy-loaded\" data-src=\"https:\/\/m.media-amazon.com\/images\/S\/aplus-media\/sota\/46d2c87d-4843-49c5-b3cb-b7ac7139d290.__CR201,0,1598,2000_PT0_SX362_V1___.jpg\"><\/p>\n<p>                    <img decoding=\"async\" alt=\"Lacoste\" src=\"https:\/\/m.media-amazon.com\/images\/S\/aplus-media\/sota\/46d2c87d-4843-49c5-b3cb-b7ac7139d290.__CR201,0,1598,2000_PT0_SX362_V1___.jpg\"><\/p>\n<p>                     Lacoste  <\/p>\n<p> Seit 1933 streben wir danach, zu inspirieren. <\/p>\n<p> Animiert vom Original-Krokodil, Ren\u00e9 Lacoste, <\/p>\n<p> vom Tennisplatz \u00fcber die Stra\u00dfe bis hin zu den Laufstegen, vereinen wir verschiedene Stile. <\/p>\n<p> Und schaffen unkonventionelle Kombinationen. <\/p>\n<p> Kreativit\u00e4t ist unsere Leidenschaft, unser roter Faden.Vom ikonischen Poloshirt bis hin zu jeder neuen Zusammenarbeit und Kollektion. <\/p>\n<p> Eleganz ist mehr als ein Stil, Eleganz ist ein Lebensstil.Wir engagieren uns f\u00fcr soziale und nachhaltige Initiativen, einen Schritt nach dem anderen.Und geben unseren Kreationen die Freiheit, den Puls der Stadt widerzuspiegeln. <\/p>\n<p>                   <img decoding=\"async\" alt=\"Lacoste\" src=\"https:\/\/images-na.ssl-images-amazon.com\/images\/G\/01\/x-locale\/common\/grey-pixel.gif\" class=\"a-lazy-loaded\" data-src=\"https:\/\/m.media-amazon.com\/images\/S\/aplus-media\/sota\/a261e012-1115-4384-b5f7-79a5bc883f8f.__CR201,0,1598,2000_PT0_SX362_V1___.jpg\"><\/p>\n<p>                    <img decoding=\"async\" alt=\"Lacoste\" src=\"https:\/\/m.media-amazon.com\/images\/S\/aplus-media\/sota\/a261e012-1115-4384-b5f7-79a5bc883f8f.__CR201,0,1598,2000_PT0_SX362_V1___.jpg\"><\/p>\n<p>                   <img decoding=\"async\" alt=\"Lacoste\" src=\"https:\/\/images-na.ssl-images-amazon.com\/images\/G\/01\/x-locale\/common\/grey-pixel.gif\" class=\"a-lazy-loaded\" data-src=\"https:\/\/m.media-amazon.com\/images\/S\/aplus-media\/sota\/d8946a1c-d453-45a7-bbf0-321faaa2ad85.__CR201,0,1598,2000_PT0_SX362_V1___.jpg\"><\/p>\n<p>                    <img decoding=\"async\" alt=\"Lacoste\" src=\"https:\/\/m.media-amazon.com\/images\/S\/aplus-media\/sota\/d8946a1c-d453-45a7-bbf0-321faaa2ad85.__CR201,0,1598,2000_PT0_SX362_V1___.jpg\"><\/p>\n<p>                   <img decoding=\"async\" alt=\"Lacoste\" src=\"https:\/\/images-na.ssl-images-amazon.com\/images\/G\/01\/x-locale\/common\/grey-pixel.gif\" class=\"a-lazy-loaded\" data-src=\"https:\/\/m.media-amazon.com\/images\/S\/aplus-media\/sota\/101081fb-5268-4cd8-9bef-2e83ce291264.__CR201,0,1598,2000_PT0_SX362_V1___.jpg\"><\/p>\n<p>                    <img decoding=\"async\" alt=\"Lacoste\" src=\"https:\/\/m.media-amazon.com\/images\/S\/aplus-media\/sota\/101081fb-5268-4cd8-9bef-2e83ce291264.__CR201,0,1598,2000_PT0_SX362_V1___.jpg\"><\/p>\n<p> Verpackungsabmessungen \u200f : \u200e  28 x 17.8 x 9.6 cm; 720 Gramm <br \/> Im Angebot von Amazon.de seit \u200f : \u200e  1. Dezember 2020 <br \/> Hersteller \u200f : \u200e  Lacoste <br \/> ASIN \u200f : \u200e  B08PCYBQYS <br \/> Modellnummer \u200f : \u200e  41CFA0027 <br \/> Kategorie \u200f : \u200e  Damen <\/p>\n<p>[ad_2]<\/p>\n","protected":false},"excerpt":{"rendered":"<p>Price: [price_with_discount](as of [price_update_date] &#8211; Details) [ad_1] Von der Marke Lacoste Seit 1933 streben wir danach, zu inspirieren. Animiert vom Original-Krokodil, Ren\u00e9 Lacoste, vom Tennisplatz \u00fcber die Stra\u00dfe bis hin<\/p>\n","protected":false},"featured_media":27775,"comment_status":"open","ping_status":"closed","template":"","meta":[],"product_cat":[230],"product_tag":[266],"class_list":{"0":"post-27774","1":"product","2":"type-product","3":"status-publish","4":"has-post-thumbnail","6":"product_cat-fashion","7":"product_tag-womens-fashion-sneakers","9":"first","10":"instock","11":"shipping-taxable","12":"product-type-external"},"aioseo_notices":[],"_links":{"self":[{"href":"https:\/\/topgetestet.de\/index.php?rest_route=\/wp\/v2\/product\/27774","targetHints":{"allow":["GET"]}}],"collection":[{"href":"https:\/\/topgetestet.de\/index.php?rest_route=\/wp\/v2\/product"}],"about":[{"href":"https:\/\/topgetestet.de\/index.php?rest_route=\/wp\/v2\/types\/product"}],"replies":[{"embeddable":true,"href":"https:\/\/topgetestet.de\/index.php?rest_route=%2Fwp%2Fv2%2Fcomments&post=27774"}],"wp:featuredmedia":[{"embeddable":true,"href":"https:\/\/topgetestet.de\/index.php?rest_route=\/wp\/v2\/media\/27775"}],"wp:attachment":[{"href":"https:\/\/topgetestet.de\/index.php?rest_route=%2Fwp%2Fv2%2Fmedia&parent=27774"}],"wp:term":[{"taxonomy":"product_cat","embeddable":true,"href":"https:\/\/topgetestet.de\/index.php?rest_route=%2Fwp%2Fv2%2Fproduct_cat&post=27774"},{"taxonomy":"product_tag","embeddable":true,"href":"https:\/\/topgetestet.de\/index.php?rest_route=%2Fwp%2Fv2%2Fproduct_tag&post=27774"}],"curies":[{"name":"wp","href":"https:\/\/api.w.org\/{rel}","templated":true}]}}