{"id":27616,"date":"2022-09-25T14:26:40","date_gmt":"2022-09-25T14:26:40","guid":{"rendered":"https:\/\/topgetestet.de\/?product=nivea-body-lotion-lavendel-400ml"},"modified":"2022-09-25T14:26:40","modified_gmt":"2022-09-25T14:26:40","slug":"nivea-body-lotion-lavendel-400ml","status":"publish","type":"product","link":"https:\/\/topgetestet.de\/?product=nivea-body-lotion-lavendel-400ml","title":{"rendered":"NIVEA Body Lotion Lavendel 400ML"},"content":{"rendered":"<p>Price: <span style=\"color:#b12704\">[price_with_discount]<\/span><br \/><i><small>(as of [price_update_date] &#8211; <span class=\"wp_automatic_amazon_disclaimer\" title=\"Product prices and availability are accurate as of the date\/time indicated and are subject to change. Any price and availability information displayed on [relevant Amazon Site(s), as applicable] at the time of purchase will apply to the purchase of this product.\">Details<\/span>)<\/small><\/i><\/p>\n<p><a href=\"https:\/\/amazon.de\/dp\/B09B2M5D4Q?tag=topgetestet09-21\"><img decoding=\"async\" src=\"https:\/\/i.imgur.com\/ISRHEWs.png\"><\/a><br \/>\n[ad_1]<br \/>\n <span>F\u00fcr alle, die mehr als nur Feuchtigkeit von einer Body Lotion erwarten. Die Formel ist angereichert mit dem NIVEA TIEFENPFLEGE SERUM, \u00d6len nat\u00fcrliches Ursprungs und entspannendem Lavendelduft &#8211; f\u00fcr verw\u00f6hnte, geschmeidige Haut. Mit nur einer Anwendung sorgt sie f\u00fcr ein samtweiches Hautgef\u00fchl und versorgt die Haut 48h mit intensiver Feuchtigkeit. F\u00fcr einen Effekt den Sie nicht nur f\u00fchlen, sondern auch sehen k\u00f6nnen: NIVEA Lavendel Body Lotion.<\/span><br \/>\n<br \/>[ad_2]<\/p>\n","protected":false},"excerpt":{"rendered":"<p>Price: [price_with_discount](as of [price_update_date] &#8211; Details) [ad_1] F\u00fcr alle, die mehr als nur Feuchtigkeit von einer Body Lotion erwarten. Die Formel ist angereichert mit dem NIVEA TIEFENPFLEGE SERUM, \u00d6len nat\u00fcrliches<\/p>\n","protected":false},"featured_media":27617,"comment_status":"open","ping_status":"closed","template":"","meta":[],"product_cat":[228],"product_tag":[239],"class_list":{"0":"post-27616","1":"product","2":"type-product","3":"status-publish","4":"has-post-thumbnail","6":"product_cat-beauty","7":"product_tag-body-skin-care","9":"first","10":"instock","11":"shipping-taxable","12":"product-type-external"},"aioseo_notices":[],"_links":{"self":[{"href":"https:\/\/topgetestet.de\/index.php?rest_route=\/wp\/v2\/product\/27616","targetHints":{"allow":["GET"]}}],"collection":[{"href":"https:\/\/topgetestet.de\/index.php?rest_route=\/wp\/v2\/product"}],"about":[{"href":"https:\/\/topgetestet.de\/index.php?rest_route=\/wp\/v2\/types\/product"}],"replies":[{"embeddable":true,"href":"https:\/\/topgetestet.de\/index.php?rest_route=%2Fwp%2Fv2%2Fcomments&post=27616"}],"wp:featuredmedia":[{"embeddable":true,"href":"https:\/\/topgetestet.de\/index.php?rest_route=\/wp\/v2\/media\/27617"}],"wp:attachment":[{"href":"https:\/\/topgetestet.de\/index.php?rest_route=%2Fwp%2Fv2%2Fmedia&parent=27616"}],"wp:term":[{"taxonomy":"product_cat","embeddable":true,"href":"https:\/\/topgetestet.de\/index.php?rest_route=%2Fwp%2Fv2%2Fproduct_cat&post=27616"},{"taxonomy":"product_tag","embeddable":true,"href":"https:\/\/topgetestet.de\/index.php?rest_route=%2Fwp%2Fv2%2Fproduct_tag&post=27616"}],"curies":[{"name":"wp","href":"https:\/\/api.w.org\/{rel}","templated":true}]}}