{"id":27564,"date":"2022-09-25T14:16:40","date_gmt":"2022-09-25T14:16:40","guid":{"rendered":"https:\/\/topgetestet.de\/?product=kipling-damen-city-pack-mini-rucksacke-einheitsgrose"},"modified":"2022-09-25T14:16:40","modified_gmt":"2022-09-25T14:16:40","slug":"kipling-damen-city-pack-mini-rucksacke-einheitsgrose","status":"publish","type":"product","link":"https:\/\/topgetestet.de\/?product=kipling-damen-city-pack-mini-rucksacke-einheitsgrose","title":{"rendered":"Kipling Damen City Pack Mini Rucks\u00e4cke, Einheitsgr\u00f6\u00dfe"},"content":{"rendered":"<p>Price: <span style=\"color:#b12704\">[price_with_discount]<\/span><br \/><i><small>(as of [price_update_date] &#8211; <span class=\"wp_automatic_amazon_disclaimer\" title=\"Product prices and availability are accurate as of the date\/time indicated and are subject to change. Any price and availability information displayed on [relevant Amazon Site(s), as applicable] at the time of purchase will apply to the purchase of this product.\">Details<\/span>)<\/small><\/i><\/p>\n<p><a href=\"https:\/\/amazon.de\/dp\/B098K6PFXQ?tag=topgetestet09-21\"><img decoding=\"async\" src=\"https:\/\/i.imgur.com\/ISRHEWs.png\"><\/a><br \/>\n[ad_1]<br \/>\n Wir vereinfachen Dein Leben und best\u00e4rken die Neugier, Deinen eigenen Weg zu gehen. <br \/> Im Angebot von Amazon.de seit \u200f : \u200e  20. September 2021 <br \/> ASIN \u200f : \u200e  B09GQ6VWM6 <\/p>\n<p>62 % Polyester, 38 % recyceltes Polyester<br \/>Verschluss: Rei\u00dfverschluss<br \/>Au\u00dfen: 100% Polyester; Innen: 100% Polyester<br \/>City Pack Mini Rucks\u00e4cke<br \/>Modellnummer: KI4628W26<br \/>Ma\u00dfe (H x B x T): 29 x 27 x 14 cm<br \/>\n<br \/>[ad_2]<\/p>\n","protected":false},"excerpt":{"rendered":"<p>Price: [price_with_discount](as of [price_update_date] &#8211; Details) [ad_1] Wir vereinfachen Dein Leben und best\u00e4rken die Neugier, Deinen eigenen Weg zu gehen. Im Angebot von Amazon.de seit \u200f : \u200e 20. September<\/p>\n","protected":false},"featured_media":27565,"comment_status":"open","ping_status":"closed","template":"","meta":[],"product_cat":[232],"product_tag":[],"class_list":{"0":"post-27564","1":"product","2":"type-product","3":"status-publish","4":"has-post-thumbnail","6":"product_cat-women-fashion","8":"first","9":"instock","10":"sale","11":"shipping-taxable","12":"product-type-external"},"aioseo_notices":[],"_links":{"self":[{"href":"https:\/\/topgetestet.de\/index.php?rest_route=\/wp\/v2\/product\/27564","targetHints":{"allow":["GET"]}}],"collection":[{"href":"https:\/\/topgetestet.de\/index.php?rest_route=\/wp\/v2\/product"}],"about":[{"href":"https:\/\/topgetestet.de\/index.php?rest_route=\/wp\/v2\/types\/product"}],"replies":[{"embeddable":true,"href":"https:\/\/topgetestet.de\/index.php?rest_route=%2Fwp%2Fv2%2Fcomments&post=27564"}],"wp:featuredmedia":[{"embeddable":true,"href":"https:\/\/topgetestet.de\/index.php?rest_route=\/wp\/v2\/media\/27565"}],"wp:attachment":[{"href":"https:\/\/topgetestet.de\/index.php?rest_route=%2Fwp%2Fv2%2Fmedia&parent=27564"}],"wp:term":[{"taxonomy":"product_cat","embeddable":true,"href":"https:\/\/topgetestet.de\/index.php?rest_route=%2Fwp%2Fv2%2Fproduct_cat&post=27564"},{"taxonomy":"product_tag","embeddable":true,"href":"https:\/\/topgetestet.de\/index.php?rest_route=%2Fwp%2Fv2%2Fproduct_tag&post=27564"}],"curies":[{"name":"wp","href":"https:\/\/api.w.org\/{rel}","templated":true}]}}