{"id":27266,"date":"2022-09-25T13:09:43","date_gmt":"2022-09-25T13:09:43","guid":{"rendered":"https:\/\/topgetestet.de\/?product=doom-eternal-deluxe-edition-playstation-4-kostenloses-upgrade-auf-ps5"},"modified":"2022-09-25T13:09:43","modified_gmt":"2022-09-25T13:09:43","slug":"doom-eternal-deluxe-edition-playstation-4-kostenloses-upgrade-auf-ps5","status":"publish","type":"product","link":"https:\/\/topgetestet.de\/?product=doom-eternal-deluxe-edition-playstation-4-kostenloses-upgrade-auf-ps5","title":{"rendered":"DOOM Eternal &#8211; Deluxe Edition [PlayStation 4] | kostenloses Upgrade auf PS5"},"content":{"rendered":"<p>Price: <span style=\"color:#b12704\">[price_with_discount]<\/span><br \/><i><small>(as of [price_update_date] &#8211; <span class=\"wp_automatic_amazon_disclaimer\" title=\"Product prices and availability are accurate as of the date\/time indicated and are subject to change. Any price and availability information displayed on [relevant Amazon Site(s), as applicable] at the time of purchase will apply to the purchase of this product.\">Details<\/span>)<\/small><\/i><\/p>\n<p><a href=\"https:\/\/amazon.de\/dp\/B07SRRDRHP?tag=topgetestet09-21\"><img decoding=\"async\" src=\"https:\/\/i.imgur.com\/ISRHEWs.png\"><\/a><br \/>\n[ad_1]<br \/>\n <span>Das von id Software entwickelte Doom Eternal ist der Nachfolger des preisgekr\u00f6nten Hits Doom (2016). Erleben Sie die n\u00e4chste Generation des Ego-Shooter-Genres mit der ultimativen Kombination aus Tempo und Power. Das n\u00e4chste Level in knallharter First-Person-Action! Dank der Power der id Tech 7 Engine und des brandn packenden Soundtracks von Mick Gordon f\u00fchlen Sie sich in Doom eternal in der Haut des unaufhaltsamen Doom Slayers m\u00e4chtiger denn je! Zerfetzen Sie mit Ihren m\u00e4chtigen Waffen und bekannte D\u00e4monen und besuchen Sie dabei unglaubliche, noch nie zuvor gesehene Welten. Als Doom Slayer kehren Sie auf die Erde zur\u00fcck, die von D\u00e4monen \u00fcberrannt wurde. Drehen Sie alle Regler auf Anschlag, entdecken Sie die Urspr\u00fcnge des Slayers und f\u00fchren Sie seine Mission fort, alles zu metzeln und zu schnetzeln bis nichts mehr steht &#8211; getreu dem Motto: &#8220;Raze Hell&#8221;<\/span> <br \/> Alterseinstufung \u200f : \u200e  USK ab 18 <br \/> Produktabmessungen \u200f : \u200e  17 x 13.5 x 1.5 cm; 85 Gramm <br \/> Erscheinungstermin \u200f : \u200e  20. M\u00e4rz 2020 <br \/> ASIN \u200f : \u200e  B07SRRDRHP <br \/> Herstellerreferenz \u200f : \u200e  42586 <\/p>\n<p>Zerfetzen Sie mit Ihren m\u00e4chtigen Waffen und bekannte D\u00e4monen und besuchen Sie dabei unglaubliche, noch nie zuvor gesehene Welten<br \/>Year One Pass Zugriff auf zwei Einzelspieler-Kampagnen-Add-ons innerhalb des ersten Jahres nach Ver\u00f6ffentlichung<br \/>Enth\u00e4lt den d\u00e4monischen Doom Slayer Skin<br \/>Klassische Doom Waffenger\u00e4usche f\u00fcr mehr Spielspa\u00df<br \/>\n<br \/>[ad_2]<\/p>\n","protected":false},"excerpt":{"rendered":"<p>Price: [price_with_discount](as of [price_update_date] &#8211; Details) [ad_1] Das von id Software entwickelte Doom Eternal ist der Nachfolger des preisgekr\u00f6nten Hits Doom (2016). Erleben Sie die n\u00e4chste Generation des Ego-Shooter-Genres mit<\/p>\n","protected":false},"featured_media":27267,"comment_status":"open","ping_status":"closed","template":"","meta":[],"product_cat":[227],"product_tag":[261],"class_list":{"0":"post-27266","1":"product","2":"type-product","3":"status-publish","4":"has-post-thumbnail","6":"product_cat-gaming","7":"product_tag-playstation-legacy-games","9":"first","10":"instock","11":"shipping-taxable","12":"product-type-external"},"aioseo_notices":[],"_links":{"self":[{"href":"https:\/\/topgetestet.de\/index.php?rest_route=\/wp\/v2\/product\/27266","targetHints":{"allow":["GET"]}}],"collection":[{"href":"https:\/\/topgetestet.de\/index.php?rest_route=\/wp\/v2\/product"}],"about":[{"href":"https:\/\/topgetestet.de\/index.php?rest_route=\/wp\/v2\/types\/product"}],"replies":[{"embeddable":true,"href":"https:\/\/topgetestet.de\/index.php?rest_route=%2Fwp%2Fv2%2Fcomments&post=27266"}],"wp:featuredmedia":[{"embeddable":true,"href":"https:\/\/topgetestet.de\/index.php?rest_route=\/wp\/v2\/media\/27267"}],"wp:attachment":[{"href":"https:\/\/topgetestet.de\/index.php?rest_route=%2Fwp%2Fv2%2Fmedia&parent=27266"}],"wp:term":[{"taxonomy":"product_cat","embeddable":true,"href":"https:\/\/topgetestet.de\/index.php?rest_route=%2Fwp%2Fv2%2Fproduct_cat&post=27266"},{"taxonomy":"product_tag","embeddable":true,"href":"https:\/\/topgetestet.de\/index.php?rest_route=%2Fwp%2Fv2%2Fproduct_tag&post=27266"}],"curies":[{"name":"wp","href":"https:\/\/api.w.org\/{rel}","templated":true}]}}