{"id":27232,"date":"2022-09-25T12:58:40","date_gmt":"2022-09-25T12:58:40","guid":{"rendered":"https:\/\/topgetestet.de\/?product=bursten-satz-make-up-pinsel-set-kosmetik-werkzeuge"},"modified":"2022-09-25T12:58:40","modified_gmt":"2022-09-25T12:58:40","slug":"bursten-satz-make-up-pinsel-set-kosmetik-werkzeuge","status":"publish","type":"product","link":"https:\/\/topgetestet.de\/?product=bursten-satz-make-up-pinsel-set-kosmetik-werkzeuge","title":{"rendered":"B\u00fcrsten-Satz-Make-up-Pinsel-Set Kosmetik Werkzeuge"},"content":{"rendered":"<p>Price: <span style=\"color:#b12704\">[price_with_discount]<\/span><br \/><i><small>(as of [price_update_date] &#8211; <span class=\"wp_automatic_amazon_disclaimer\" title=\"Product prices and availability are accurate as of the date\/time indicated and are subject to change. Any price and availability information displayed on [relevant Amazon Site(s), as applicable] at the time of purchase will apply to the purchase of this product.\">Details<\/span>)<\/small><\/i><\/p>\n<p><a href=\"https:\/\/amazon.de\/dp\/B0B49VSXT6?tag=topgetestet09-21\"><img decoding=\"async\" src=\"https:\/\/i.imgur.com\/ISRHEWs.png\"><\/a><br \/>\n[ad_1]<br \/>\n Um die Gesamtbewertung der Sterne und die prozentuale Aufschl\u00fcsselung nach Sternen zu berechnen, verwenden wir keinen einfachen Durchschnitt. Stattdessen ber\u00fccksichtigt unser System beispielsweise, wie aktuell eine Bewertung ist und ob der Pr\u00fcfer den Artikel bei Amazon gekauft hat. Es wurden auch Bewertungen analysiert, um die Vertrauensw\u00fcrdigkeit zu \u00fcberpr\u00fcfen.<br \/>\n<br \/>[ad_2]<\/p>\n","protected":false},"excerpt":{"rendered":"<p>Price: [price_with_discount](as of [price_update_date] &#8211; Details) [ad_1] Um die Gesamtbewertung der Sterne und die prozentuale Aufschl\u00fcsselung nach Sternen zu berechnen, verwenden wir keinen einfachen Durchschnitt. Stattdessen ber\u00fccksichtigt unser System beispielsweise,<\/p>\n","protected":false},"featured_media":27233,"comment_status":"open","ping_status":"closed","template":"","meta":[],"product_cat":[228],"product_tag":[241],"class_list":{"0":"post-27232","1":"product","2":"type-product","3":"status-publish","4":"has-post-thumbnail","6":"product_cat-beauty","7":"product_tag-makeup-brushes-tools","9":"first","10":"instock","11":"shipping-taxable","12":"product-type-external"},"aioseo_notices":[],"_links":{"self":[{"href":"https:\/\/topgetestet.de\/index.php?rest_route=\/wp\/v2\/product\/27232","targetHints":{"allow":["GET"]}}],"collection":[{"href":"https:\/\/topgetestet.de\/index.php?rest_route=\/wp\/v2\/product"}],"about":[{"href":"https:\/\/topgetestet.de\/index.php?rest_route=\/wp\/v2\/types\/product"}],"replies":[{"embeddable":true,"href":"https:\/\/topgetestet.de\/index.php?rest_route=%2Fwp%2Fv2%2Fcomments&post=27232"}],"wp:featuredmedia":[{"embeddable":true,"href":"https:\/\/topgetestet.de\/index.php?rest_route=\/wp\/v2\/media\/27233"}],"wp:attachment":[{"href":"https:\/\/topgetestet.de\/index.php?rest_route=%2Fwp%2Fv2%2Fmedia&parent=27232"}],"wp:term":[{"taxonomy":"product_cat","embeddable":true,"href":"https:\/\/topgetestet.de\/index.php?rest_route=%2Fwp%2Fv2%2Fproduct_cat&post=27232"},{"taxonomy":"product_tag","embeddable":true,"href":"https:\/\/topgetestet.de\/index.php?rest_route=%2Fwp%2Fv2%2Fproduct_tag&post=27232"}],"curies":[{"name":"wp","href":"https:\/\/api.w.org\/{rel}","templated":true}]}}