{"id":27196,"date":"2022-09-25T12:43:10","date_gmt":"2022-09-25T12:43:10","guid":{"rendered":"https:\/\/topgetestet.de\/?product=jack-jones-herren-jjdiem-tee-ss-crew-neck-t-shirt"},"modified":"2022-09-25T12:43:10","modified_gmt":"2022-09-25T12:43:10","slug":"jack-jones-herren-jjdiem-tee-ss-crew-neck-t-shirt","status":"publish","type":"product","link":"https:\/\/topgetestet.de\/?product=jack-jones-herren-jjdiem-tee-ss-crew-neck-t-shirt","title":{"rendered":"JACK &#038; JONES Herren Jjdiem Tee Ss Crew Neck T-Shirt"},"content":{"rendered":"<p>Price: <span style=\"color:#b12704\">[price_with_discount]<\/span><br \/><i><small>(as of [price_update_date] &#8211; <span class=\"wp_automatic_amazon_disclaimer\" title=\"Product prices and availability are accurate as of the date\/time indicated and are subject to change. Any price and availability information displayed on [relevant Amazon Site(s), as applicable] at the time of purchase will apply to the purchase of this product.\">Details<\/span>)<\/small><\/i><\/p>\n<p><a href=\"https:\/\/amazon.de\/dp\/B09LMPY1JL?tag=topgetestet09-21\"><img decoding=\"async\" src=\"https:\/\/i.imgur.com\/ISRHEWs.png\"><\/a><br \/>\n[ad_1]<\/p>\n<p>       Produktbeschreibung des Herstellers <\/p>\n<p>              <img decoding=\"async\" alt=\"JJ\" src=\"https:\/\/images-na.ssl-images-amazon.com\/images\/G\/01\/x-locale\/common\/grey-pixel.gif\" class=\"a-lazy-loaded\" data-src=\"https:\/\/m.media-amazon.com\/images\/S\/aplus-media-library-service-media\/744dd188-201a-4b04-8c59-dcb13541668b.__CR0,11,3005,929_PT0_SX970_V1___.jpg\"><\/p>\n<p>               <img decoding=\"async\" alt=\"JJ\" src=\"https:\/\/m.media-amazon.com\/images\/S\/aplus-media-library-service-media\/744dd188-201a-4b04-8c59-dcb13541668b.__CR0,11,3005,929_PT0_SX970_V1___.jpg\"><\/p>\n<p> Vor mehr als einem Vierteljahrhundert haben wir uns in die Welt hinausgewagt. Wir waren nur ein paar Leute mit unserer ersten Jeanskollektion und einer kaum zu leugnenden Leidenschaft f\u00fcr Denim. Viele Jahre sp\u00e4ter ist noch einer von diesen Typen \u00fcbrig &#8211; und nach wie vor geht es bei uns um Jeans. Auf unserem Weg sind noch ein paar Leute zu unserem Team hinzugekommen. Uns ist nat\u00fcrlich bewusst, dass es mehr als einer Jeans bedarf, um die Anforderungen der Jungs an ihre Garderobe zu erf\u00fcllen. Daher decken wir das ganze Spektrum von Urban Sportswear, \u00fcber l\u00e4ssige Klassiker, adrette Anz\u00fcge bis hin zu Accessoires und Schuhen ab. Unsere Produktpalette h\u00e4lt etwas f\u00fcr jeden erdenklichen Anlass bereit. <\/p>\n<p> Wir definieren uns nicht nur als Marke, sondern auch dar\u00fcber hinaus. Wir sind eine Br\u00fcderschaft, ein Club, eine Gemeinschaft, die durch Denim zusammengehalten wird. Und innerhalb dieser Gemeinschaft verfolgen wir ein gro\u00dfes Ziel \u2013 n\u00e4mlich f\u00fcr unsere Jungs da zu sein. In unserem Universum spielen sich keine Dramen ab \u2013 denn hier bei uns ist das Shopping ganz einfach. Hier geht es um tolle Jeans mit einer tollen Atmosph\u00e4re. Das ist die Philosophie, die hinter unserer Marke steht. <\/p>\n<p>          <img decoding=\"async\" alt=\"Size\" src=\"https:\/\/images-na.ssl-images-amazon.com\/images\/G\/01\/x-locale\/common\/grey-pixel.gif\" class=\"a-spacing-base a-lazy-loaded\" data-src=\"https:\/\/m.media-amazon.com\/images\/S\/aplus-media\/sota\/733f0608-fe13-4568-ab99-07120dc81aac.__CR0,0,970,600_PT0_SX970_V1___.jpg\"><\/p>\n<p>           <img decoding=\"async\" alt=\"Size\" src=\"https:\/\/m.media-amazon.com\/images\/S\/aplus-media\/sota\/733f0608-fe13-4568-ab99-07120dc81aac.__CR0,0,970,600_PT0_SX970_V1___.jpg\"><\/p>\n<p>              <img decoding=\"async\" alt=\"top\" src=\"https:\/\/images-na.ssl-images-amazon.com\/images\/G\/01\/x-locale\/common\/grey-pixel.gif\" class=\"a-lazy-loaded\" data-src=\"https:\/\/m.media-amazon.com\/images\/S\/aplus-media\/sota\/943cf70f-c103-4a75-ad62-5591fdb4cda0.__CR104,0,1293,400_PT0_SX970_V1___.jpg\"><\/p>\n<p>               <img decoding=\"async\" alt=\"top\" src=\"https:\/\/m.media-amazon.com\/images\/S\/aplus-media\/sota\/943cf70f-c103-4a75-ad62-5591fdb4cda0.__CR104,0,1293,400_PT0_SX970_V1___.jpg\"><\/p>\n<p> Verpackungsabmessungen \u200f : \u200e  29.7 x 26.2 x 3 cm; 150 Gramm <br \/> Im Angebot von Amazon.de seit \u200f : \u200e  11. November 2021 <br \/> Hersteller \u200f : \u200e  Bestseller A\/S <br \/> ASIN \u200f : \u200e  B09LMMSKJH <br \/> Modellnummer \u200f : \u200e  12211432 <br \/> Kategorie \u200f : \u200e  Herren <\/p>\n<p>[ad_2]<\/p>\n","protected":false},"excerpt":{"rendered":"<p>Price: [price_with_discount](as of [price_update_date] &#8211; Details) [ad_1] Produktbeschreibung des Herstellers Vor mehr als einem Vierteljahrhundert haben wir uns in die Welt hinausgewagt. Wir waren nur ein paar Leute mit unserer<\/p>\n","protected":false},"featured_media":27197,"comment_status":"open","ping_status":"closed","template":"","meta":[],"product_cat":[231],"product_tag":[],"class_list":{"0":"post-27196","1":"product","2":"type-product","3":"status-publish","4":"has-post-thumbnail","6":"product_cat-mens-fashion","8":"first","9":"instock","10":"shipping-taxable","11":"product-type-external"},"aioseo_notices":[],"_links":{"self":[{"href":"https:\/\/topgetestet.de\/index.php?rest_route=\/wp\/v2\/product\/27196","targetHints":{"allow":["GET"]}}],"collection":[{"href":"https:\/\/topgetestet.de\/index.php?rest_route=\/wp\/v2\/product"}],"about":[{"href":"https:\/\/topgetestet.de\/index.php?rest_route=\/wp\/v2\/types\/product"}],"replies":[{"embeddable":true,"href":"https:\/\/topgetestet.de\/index.php?rest_route=%2Fwp%2Fv2%2Fcomments&post=27196"}],"wp:featuredmedia":[{"embeddable":true,"href":"https:\/\/topgetestet.de\/index.php?rest_route=\/wp\/v2\/media\/27197"}],"wp:attachment":[{"href":"https:\/\/topgetestet.de\/index.php?rest_route=%2Fwp%2Fv2%2Fmedia&parent=27196"}],"wp:term":[{"taxonomy":"product_cat","embeddable":true,"href":"https:\/\/topgetestet.de\/index.php?rest_route=%2Fwp%2Fv2%2Fproduct_cat&post=27196"},{"taxonomy":"product_tag","embeddable":true,"href":"https:\/\/topgetestet.de\/index.php?rest_route=%2Fwp%2Fv2%2Fproduct_tag&post=27196"}],"curies":[{"name":"wp","href":"https:\/\/api.w.org\/{rel}","templated":true}]}}