{"id":27188,"date":"2022-09-25T12:41:41","date_gmt":"2022-09-25T12:41:41","guid":{"rendered":"https:\/\/topgetestet.de\/?product=swarovski-kollektion-ortyx-armbander"},"modified":"2022-09-25T12:41:41","modified_gmt":"2022-09-25T12:41:41","slug":"swarovski-kollektion-ortyx-armbander","status":"publish","type":"product","link":"https:\/\/topgetestet.de\/?product=swarovski-kollektion-ortyx-armbander","title":{"rendered":"Swarovski Kollektion Ortyx Armb\u00e4nder"},"content":{"rendered":"<p>Price: <span style=\"color:#b12704\">[price_with_discount]<\/span><br \/><i><small>(as of [price_update_date] &#8211; <span class=\"wp_automatic_amazon_disclaimer\" title=\"Product prices and availability are accurate as of the date\/time indicated and are subject to change. Any price and availability information displayed on [relevant Amazon Site(s), as applicable] at the time of purchase will apply to the purchase of this product.\">Details<\/span>)<\/small><\/i><\/p>\n<p><a href=\"https:\/\/amazon.de\/dp\/B08W2LYG9N?tag=topgetestet09-21\"><img decoding=\"async\" src=\"https:\/\/i.imgur.com\/ISRHEWs.png\"><\/a><br \/>\n[ad_1]<\/p>\n<p>       Von der Marke <\/p>\n<p>             <img decoding=\"async\" alt=\"swarovski\" src=\"https:\/\/images-na.ssl-images-amazon.com\/images\/G\/01\/x-locale\/common\/grey-pixel.gif\" class=\"a-lazy-loaded\" data-src=\"https:\/\/m.media-amazon.com\/images\/S\/aplus-media-library-service-media\/71a26b13-247e-468c-a6da-a61815046908.__CR0,0,1464,625_PT0_SX1464_V1___.jpg\"><\/p>\n<p>              <img decoding=\"async\" alt=\"swarovski\" src=\"https:\/\/m.media-amazon.com\/images\/S\/aplus-media-library-service-media\/71a26b13-247e-468c-a6da-a61815046908.__CR0,0,1464,625_PT0_SX1464_V1___.jpg\"><\/p>\n<p>                   <img decoding=\"async\" alt=\"swarovski \" src=\"https:\/\/images-na.ssl-images-amazon.com\/images\/G\/01\/x-locale\/common\/grey-pixel.gif\" class=\"a-lazy-loaded\" data-src=\"https:\/\/m.media-amazon.com\/images\/S\/aplus-media-library-service-media\/23f051d7-9807-4bfa-95e3-1bd7cd671d46.__CR0,0,315,145_PT0_SX315_V1___.jpg\"><\/p>\n<p>                    <img decoding=\"async\" alt=\"swarovski \" src=\"https:\/\/m.media-amazon.com\/images\/S\/aplus-media-library-service-media\/23f051d7-9807-4bfa-95e3-1bd7cd671d46.__CR0,0,315,145_PT0_SX315_V1___.jpg\"><\/p>\n<p> Daniel Swarovski hatte 1891 eine Vision: Er wollte \u201eeinen Diamanten f\u00fcr alle\u201d kreieren. Er erfand eine elektrische Maschine, die pr\u00e4ziser als je zuvor schliff, und leitete damit den Beginn einer neuen \u00c4ra f\u00fcr Kristall ein. <\/p>\n<h3> Bestsellers <\/h3>\n<p class=\"apm-brand-story-stores-link\">\n<h3> Neuheiten <\/h3>\n<p class=\"apm-brand-story-stores-link\">\n<h3> Amazon Exklusiv <\/h3>\n<p class=\"apm-brand-story-stores-link\">\n<h3> Uhren <\/h3>\n<p class=\"apm-brand-story-stores-link\">\n<h3> Dekorationen und Accessoires <\/h3>\n<p class=\"apm-brand-story-stores-link\">\n<p> Im Angebot von Amazon.de seit \u200f : \u200e  28. Januar 2022 <br \/> Hersteller \u200f : \u200e  Swarovski <br \/> ASIN \u200f : \u200e  B09RGPWZ33 <\/p>\n<p>[ad_2]<\/p>\n","protected":false},"excerpt":{"rendered":"<p>Price: [price_with_discount](as of [price_update_date] &#8211; Details) [ad_1] Von der Marke Daniel Swarovski hatte 1891 eine Vision: Er wollte \u201eeinen Diamanten f\u00fcr alle\u201d kreieren. Er erfand eine elektrische Maschine, die pr\u00e4ziser<\/p>\n","protected":false},"featured_media":27189,"comment_status":"open","ping_status":"closed","template":"","meta":[],"product_cat":[232],"product_tag":[],"class_list":{"0":"post-27188","1":"product","2":"type-product","3":"status-publish","4":"has-post-thumbnail","6":"product_cat-women-fashion","8":"first","9":"instock","10":"sale","11":"shipping-taxable","12":"product-type-external"},"aioseo_notices":[],"_links":{"self":[{"href":"https:\/\/topgetestet.de\/index.php?rest_route=\/wp\/v2\/product\/27188","targetHints":{"allow":["GET"]}}],"collection":[{"href":"https:\/\/topgetestet.de\/index.php?rest_route=\/wp\/v2\/product"}],"about":[{"href":"https:\/\/topgetestet.de\/index.php?rest_route=\/wp\/v2\/types\/product"}],"replies":[{"embeddable":true,"href":"https:\/\/topgetestet.de\/index.php?rest_route=%2Fwp%2Fv2%2Fcomments&post=27188"}],"wp:featuredmedia":[{"embeddable":true,"href":"https:\/\/topgetestet.de\/index.php?rest_route=\/wp\/v2\/media\/27189"}],"wp:attachment":[{"href":"https:\/\/topgetestet.de\/index.php?rest_route=%2Fwp%2Fv2%2Fmedia&parent=27188"}],"wp:term":[{"taxonomy":"product_cat","embeddable":true,"href":"https:\/\/topgetestet.de\/index.php?rest_route=%2Fwp%2Fv2%2Fproduct_cat&post=27188"},{"taxonomy":"product_tag","embeddable":true,"href":"https:\/\/topgetestet.de\/index.php?rest_route=%2Fwp%2Fv2%2Fproduct_tag&post=27188"}],"curies":[{"name":"wp","href":"https:\/\/api.w.org\/{rel}","templated":true}]}}