{"id":27111,"date":"2022-09-25T12:22:14","date_gmt":"2022-09-25T12:22:14","guid":{"rendered":"https:\/\/topgetestet.de\/?product=vaude-damen-womens-ubn-kiruna-ii-mid-stx-stiefeletten"},"modified":"2022-09-25T12:22:14","modified_gmt":"2022-09-25T12:22:14","slug":"vaude-damen-womens-ubn-kiruna-ii-mid-stx-stiefeletten","status":"publish","type":"product","link":"https:\/\/topgetestet.de\/?product=vaude-damen-womens-ubn-kiruna-ii-mid-stx-stiefeletten","title":{"rendered":"VAUDE Damen Women&#8217;s UBN Kiruna II Mid STX Stiefeletten"},"content":{"rendered":"<p>Price: <span style=\"color:#b12704\">[price_with_discount]<\/span><br \/><i><small>(as of [price_update_date] &#8211; <span class=\"wp_automatic_amazon_disclaimer\" title=\"Product prices and availability are accurate as of the date\/time indicated and are subject to change. Any price and availability information displayed on [relevant Amazon Site(s), as applicable] at the time of purchase will apply to the purchase of this product.\">Details<\/span>)<\/small><\/i><\/p>\n<p><a href=\"https:\/\/amazon.de\/dp\/B07ND9DR5L?tag=topgetestet09-21\"><img decoding=\"async\" src=\"https:\/\/i.imgur.com\/ISRHEWs.png\"><\/a><br \/>\n[ad_1]<br \/>\n <span>Leicht, sportiv und gegen alle Wetter gewappnet: Der modische Winterschuh UBN Kiruna II Mid CPX f\u00fcr den Stadtalltag. Er ist nicht nur ultrabequem, sondern auch noch ein echter Umweltfreund. Denn neben dem hohen Tragekomfort besteht dieser urbane Damenschuh aus umweltfreundlichen Komponenten, die ihn so besonders machen. Das robuste Nubukleder aus der deutschen Manufaktur Heinen z\u00e4hlt qualitativ zu den besten weltweit, das warme Innenfutter mit Recycling-Anteilen w\u00e4rmt zus\u00e4tzlich an eisigen Tagen. Die eingearbeitete Ceplex-Membran garantiert trockene F\u00fc\u00dfe und gute Atmungsaktivit\u00e4t, die komfortable EVA Mittelsohle sorgt f\u00fcr bequemes Laufen den ganzen Tag \u00fcber. Die Innensohle ist zudem herausnehmbar. Und egal, ob Schnee, Matsch oder N\u00e4sse &#8211; die Gummisohle mit Winterprofil bietet einen guten Grip und somit mehr Sicherheit auf dem winterlichen Asphalt. Das VAUDE Green Shape-Label steht f\u00fcr ein umweltfreundliches, funktionelles Produkt aus nachhaltigen Materialien.<\/span> <br \/> Verpackungsabmessungen \u200f : \u200e  33.4 x 28 x 12.2 cm; 1.05 Kilogramm <br \/> Im Angebot von Amazon.de seit \u200f : \u200e  4. Februar 2019 <br \/> Hersteller \u200f : \u200e  VAUDE <br \/> ASIN \u200f : \u200e  B07ND689G5 <br \/> Modellnummer \u200f : \u200e  20493 <br \/> Kategorie \u200f : \u200e  Damen <\/p>\n<p>Innenmaterial: Synthetik<br \/>Sohle: Synthetik<br \/>Verschluss: Schn\u00fcren<br \/>Absatzh\u00f6he: 2 cm<br \/>Absatzform: Flach<br \/>Materialzusammensetzung: Obermaterial: Nubukleder 100%;<br \/>\n<br \/>[ad_2]<\/p>\n","protected":false},"excerpt":{"rendered":"<p>Price: [price_with_discount](as of [price_update_date] &#8211; Details) [ad_1] Leicht, sportiv und gegen alle Wetter gewappnet: Der modische Winterschuh UBN Kiruna II Mid CPX f\u00fcr den Stadtalltag. Er ist nicht nur ultrabequem,<\/p>\n","protected":false},"featured_media":27112,"comment_status":"open","ping_status":"closed","template":"","meta":[],"product_cat":[232],"product_tag":[],"class_list":{"0":"post-27111","1":"product","2":"type-product","3":"status-publish","4":"has-post-thumbnail","6":"product_cat-women-fashion","8":"first","9":"instock","10":"shipping-taxable","11":"product-type-external"},"aioseo_notices":[],"_links":{"self":[{"href":"https:\/\/topgetestet.de\/index.php?rest_route=\/wp\/v2\/product\/27111","targetHints":{"allow":["GET"]}}],"collection":[{"href":"https:\/\/topgetestet.de\/index.php?rest_route=\/wp\/v2\/product"}],"about":[{"href":"https:\/\/topgetestet.de\/index.php?rest_route=\/wp\/v2\/types\/product"}],"replies":[{"embeddable":true,"href":"https:\/\/topgetestet.de\/index.php?rest_route=%2Fwp%2Fv2%2Fcomments&post=27111"}],"wp:featuredmedia":[{"embeddable":true,"href":"https:\/\/topgetestet.de\/index.php?rest_route=\/wp\/v2\/media\/27112"}],"wp:attachment":[{"href":"https:\/\/topgetestet.de\/index.php?rest_route=%2Fwp%2Fv2%2Fmedia&parent=27111"}],"wp:term":[{"taxonomy":"product_cat","embeddable":true,"href":"https:\/\/topgetestet.de\/index.php?rest_route=%2Fwp%2Fv2%2Fproduct_cat&post=27111"},{"taxonomy":"product_tag","embeddable":true,"href":"https:\/\/topgetestet.de\/index.php?rest_route=%2Fwp%2Fv2%2Fproduct_tag&post=27111"}],"curies":[{"name":"wp","href":"https:\/\/api.w.org\/{rel}","templated":true}]}}