{"id":26744,"date":"2022-09-25T10:36:33","date_gmt":"2022-09-25T10:36:33","guid":{"rendered":"https:\/\/topgetestet.de\/?product=far-cry-6-ultimate-edition-uncut-playstation-5"},"modified":"2022-09-25T10:36:33","modified_gmt":"2022-09-25T10:36:33","slug":"far-cry-6-ultimate-edition-uncut-playstation-5","status":"publish","type":"product","link":"https:\/\/topgetestet.de\/?product=far-cry-6-ultimate-edition-uncut-playstation-5","title":{"rendered":"Far Cry 6 Ultimate Edition | Uncut &#8211; [PlayStation 5]"},"content":{"rendered":"<p>Price: <span style=\"color:#b12704\">[price_with_discount]<\/span><br \/><i><small>(as of [price_update_date] &#8211; <span class=\"wp_automatic_amazon_disclaimer\" title=\"Product prices and availability are accurate as of the date\/time indicated and are subject to change. Any price and availability information displayed on [relevant Amazon Site(s), as applicable] at the time of purchase will apply to the purchase of this product.\">Details<\/span>)<\/small><\/i><\/p>\n<p><a href=\"https:\/\/amazon.de\/dp\/B08FXY1C44?tag=topgetestet09-21\"><img decoding=\"async\" src=\"https:\/\/i.imgur.com\/ISRHEWs.png\"><\/a><br \/>\n[ad_1]<\/p>\n<p>       Produktbeschreibung des Herstellers <\/p>\n<p>            <img decoding=\"async\" alt=\"Far Cry 6\" src=\"https:\/\/images-na.ssl-images-amazon.com\/images\/G\/01\/x-locale\/common\/grey-pixel.gif\" class=\"a-lazy-loaded\" data-src=\"https:\/\/m.media-amazon.com\/images\/S\/aplus-media\/vc\/2337f73c-b749-445b-8f38-5a2fcd7a6496.__CR0,0,1464,600_PT0_SX1464_V1___.jpg\"><\/p>\n<p>             <img decoding=\"async\" alt=\"Far Cry 6\" src=\"https:\/\/m.media-amazon.com\/images\/S\/aplus-media\/vc\/2337f73c-b749-445b-8f38-5a2fcd7a6496.__CR0,0,1464,600_PT0_SX1464_V1___.jpg\"><\/p>\n<p>            <img decoding=\"async\" alt=\"Far Cry 6\" src=\"https:\/\/images-na.ssl-images-amazon.com\/images\/G\/01\/x-locale\/common\/grey-pixel.gif\" class=\"a-lazy-loaded\" data-src=\"https:\/\/m.media-amazon.com\/images\/S\/aplus-media\/vc\/5e5c77d9-e3d1-4e45-82fc-b49090786ccd.__CR0,0,1464,600_PT0_SX1464_V1___.jpg\"><\/p>\n<p>             <img decoding=\"async\" alt=\"Far Cry 6\" src=\"https:\/\/m.media-amazon.com\/images\/S\/aplus-media\/vc\/5e5c77d9-e3d1-4e45-82fc-b49090786ccd.__CR0,0,1464,600_PT0_SX1464_V1___.jpg\"><\/p>\n<p>                   <img decoding=\"async\" alt=\"Far Cry 6\" src=\"https:\/\/m.media-amazon.com\/images\/S\/aplus-media\/vc\/02ad2038-a88b-4053-abfd-b8485d109742.__CR0,0,1464,600_PT0_SX1464_V1___.jpg\"> <\/p>\n<p>                   <img decoding=\"async\" alt=\"Far Cry 6\" src=\"https:\/\/m.media-amazon.com\/images\/S\/aplus-media\/vc\/0f12be31-be9f-42b1-b149-f0a204d372da.__CR0,0,1464,600_PT0_SX1464_V1___.jpg\"> <\/p>\n<p>                   <img decoding=\"async\" alt=\"Far Cry 6\" src=\"https:\/\/m.media-amazon.com\/images\/S\/aplus-media\/vc\/4314388e-476d-4ef8-a042-5f8c083a5a3c.__CR0,0,1464,600_PT0_SX1464_V1___.jpg\"> <\/p>\n<p>                   <img decoding=\"async\" alt=\"Far Cry 6\" src=\"https:\/\/m.media-amazon.com\/images\/S\/aplus-media\/vc\/1466909b-4b4e-490a-9ff6-ef7dbe256833.__CR0,0,1464,600_PT0_SX1464_V1___.jpg\"> <\/p>\n<p>                   <img decoding=\"async\" alt=\"Far Cry 6\" src=\"https:\/\/m.media-amazon.com\/images\/S\/aplus-media\/vc\/a4244b34-be32-43e8-87b7-bc63ee805aa9.__CR0,0,1464,600_PT0_SX1464_V1___.jpg\"> <\/p>\n<p>                   <img decoding=\"async\" alt=\"Far Cry 6\" src=\"https:\/\/m.media-amazon.com\/images\/S\/aplus-media\/vc\/9be8b994-8a95-4af3-8b72-b092d039f1cd.__CR0,0,1464,600_PT0_SX1464_V1___.jpg\"> <\/p>\n<p>                   <img decoding=\"async\" alt=\"Far Cry 6\" src=\"https:\/\/m.media-amazon.com\/images\/S\/aplus-media\/vc\/784ccf05-41ef-4777-be5e-c12786ecbf95.__CR0,0,1464,600_PT0_SX1464_V1___.jpg\"> <\/p>\n<p>                   <img decoding=\"async\" alt=\"Far Cry 6\" src=\"https:\/\/m.media-amazon.com\/images\/S\/aplus-media\/vc\/ddb160dc-93e8-4bcc-af8d-f2321bacc50f.__CR0,0,1464,600_PT0_SX1464_V1___.jpg\"> <\/p>\n<p>                   <img decoding=\"async\" alt=\"Far Cry 6\" src=\"https:\/\/m.media-amazon.com\/images\/S\/aplus-media\/vc\/7bb8e97b-3989-4a0c-b49f-930fa9bcd589.__CR0,0,1464,600_PT0_SX1464_V1___.jpg\"> <\/p>\n<p>                   <img decoding=\"async\" alt=\"Far Cry 6\" src=\"https:\/\/m.media-amazon.com\/images\/S\/aplus-media\/vc\/3cff125e-3494-4c79-896a-c57715396a69.__CR0,0,1464,600_PT0_SX1464_V1___.jpg\"> <\/p>\n<p>                   <img decoding=\"async\" alt=\"Far Cry 6\" src=\"https:\/\/m.media-amazon.com\/images\/S\/aplus-media\/vc\/0e4dcc7c-51b8-49c5-9c02-db329653a528.__CR0,0,1464,600_PT0_SX1464_V1___.jpg\"> <\/p>\n<p>            <img decoding=\"async\" alt=\"Far Cry 6\" src=\"https:\/\/images-na.ssl-images-amazon.com\/images\/G\/01\/x-locale\/common\/grey-pixel.gif\" class=\"a-lazy-loaded\" data-src=\"https:\/\/m.media-amazon.com\/images\/S\/aplus-media\/vc\/b7e8188c-45c7-4ffc-9d3d-3315b4e4afd9.__CR0,0,1464,600_PT0_SX1464_V1___.jpg\"><\/p>\n<p>             <img decoding=\"async\" alt=\"Far Cry 6\" src=\"https:\/\/m.media-amazon.com\/images\/S\/aplus-media\/vc\/b7e8188c-45c7-4ffc-9d3d-3315b4e4afd9.__CR0,0,1464,600_PT0_SX1464_V1___.jpg\"><\/p>\n<p>            <img decoding=\"async\" alt=\"Far Cry 6\" src=\"https:\/\/images-na.ssl-images-amazon.com\/images\/G\/01\/x-locale\/common\/grey-pixel.gif\" class=\"a-lazy-loaded\" data-src=\"https:\/\/m.media-amazon.com\/images\/S\/aplus-media\/vc\/30ba4a4c-1033-4841-9d96-3f89445dbc58.__CR0,0,1464,600_PT0_SX1464_V1___.jpg\"><\/p>\n<p>             <img decoding=\"async\" alt=\"Far Cry 6\" src=\"https:\/\/m.media-amazon.com\/images\/S\/aplus-media\/vc\/30ba4a4c-1033-4841-9d96-3f89445dbc58.__CR0,0,1464,600_PT0_SX1464_V1___.jpg\"><\/p>\n<p> Alterseinstufung \u200f : \u200e  Unbekannt <br \/> Sprache \u200f : \u200e  Deutsch <br \/> Produktabmessungen \u200f : \u200e  17.2 x 13.4 x 1.3 cm; 90 Gramm <br \/> Erscheinungstermin \u200f : \u200e  7. Oktober 2021 <br \/> ASIN \u200f : \u200e  B08FXY1C44 <br \/> Herstellerreferenz \u200f : \u200e  433492 <br \/> Herkunftsland \u200f : \u200e  Deutschland <\/p>\n<p>Schlie\u00dfen Sie sich der Revolution Diktator Ant\u00f3n Castillo an, der von den Hollywoodstars Giancarlo Esposito (The Mandalorian, Breaking Bad) verk\u00f6rpert wird<br \/>W\u00e4hlen Sie zwischen der weiblichen oder dem m\u00e4nnlichen Protagonisten Dani Rojas erleben Sie eine Entwicklung vom normalen B\u00fcrger zum Guerilla-K\u00e4mpfer<br \/>Treffen Sie auf wie einem Ex-KGB-Spion bis hin zu einem Dackel-Begleiter, der ebenso s\u00fc\u00df wie t\u00f6dlich ist<br \/>\n<br \/>[ad_2]<\/p>\n","protected":false},"excerpt":{"rendered":"<p>Price: [price_with_discount](as of [price_update_date] &#8211; Details) [ad_1] Produktbeschreibung des Herstellers Alterseinstufung \u200f : \u200e Unbekannt Sprache \u200f : \u200e Deutsch Produktabmessungen \u200f : \u200e 17.2 x 13.4 x 1.3 cm;<\/p>\n","protected":false},"featured_media":26745,"comment_status":"open","ping_status":"closed","template":"","meta":[],"product_cat":[227],"product_tag":[261],"class_list":{"0":"post-26744","1":"product","2":"type-product","3":"status-publish","4":"has-post-thumbnail","6":"product_cat-gaming","7":"product_tag-playstation-legacy-games","9":"first","10":"instock","11":"shipping-taxable","12":"product-type-external"},"aioseo_notices":[],"_links":{"self":[{"href":"https:\/\/topgetestet.de\/index.php?rest_route=\/wp\/v2\/product\/26744","targetHints":{"allow":["GET"]}}],"collection":[{"href":"https:\/\/topgetestet.de\/index.php?rest_route=\/wp\/v2\/product"}],"about":[{"href":"https:\/\/topgetestet.de\/index.php?rest_route=\/wp\/v2\/types\/product"}],"replies":[{"embeddable":true,"href":"https:\/\/topgetestet.de\/index.php?rest_route=%2Fwp%2Fv2%2Fcomments&post=26744"}],"wp:featuredmedia":[{"embeddable":true,"href":"https:\/\/topgetestet.de\/index.php?rest_route=\/wp\/v2\/media\/26745"}],"wp:attachment":[{"href":"https:\/\/topgetestet.de\/index.php?rest_route=%2Fwp%2Fv2%2Fmedia&parent=26744"}],"wp:term":[{"taxonomy":"product_cat","embeddable":true,"href":"https:\/\/topgetestet.de\/index.php?rest_route=%2Fwp%2Fv2%2Fproduct_cat&post=26744"},{"taxonomy":"product_tag","embeddable":true,"href":"https:\/\/topgetestet.de\/index.php?rest_route=%2Fwp%2Fv2%2Fproduct_tag&post=26744"}],"curies":[{"name":"wp","href":"https:\/\/api.w.org\/{rel}","templated":true}]}}