{"id":26039,"date":"2022-09-25T06:04:05","date_gmt":"2022-09-25T06:04:05","guid":{"rendered":"https:\/\/topgetestet.de\/?product=asics-unisex-kinder-gel-game-8-gs-clay-sneaker"},"modified":"2022-09-25T06:04:05","modified_gmt":"2022-09-25T06:04:05","slug":"asics-unisex-kinder-gel-game-8-gs-clay-sneaker","status":"publish","type":"product","link":"https:\/\/topgetestet.de\/?product=asics-unisex-kinder-gel-game-8-gs-clay-sneaker","title":{"rendered":"ASICS Unisex Kinder Gel-Game 8 Gs Clay Sneaker"},"content":{"rendered":"<p>Price: <span style=\"color:#b12704\">[price_with_discount]<\/span><br \/><i><small>(as of [price_update_date] &#8211; <span class=\"wp_automatic_amazon_disclaimer\" title=\"Product prices and availability are accurate as of the date\/time indicated and are subject to change. Any price and availability information displayed on [relevant Amazon Site(s), as applicable] at the time of purchase will apply to the purchase of this product.\">Details<\/span>)<\/small><\/i><\/p>\n<p><a href=\"https:\/\/amazon.de\/dp\/B0B56TBXMQ?tag=topgetestet09-21\"><img decoding=\"async\" src=\"https:\/\/i.imgur.com\/ISRHEWs.png\"><\/a><br \/>\n[ad_1]<br \/>\n <span>Dieser Tennisschuh ist bequem und resistent und ist vielseitig f\u00fcr den Amateur -Athleten, der mehrmals pro Woche trainiert. Durch die Aufrechterhaltung der au\u00dfergew\u00f6hnlichen Unterst\u00fctzungseigenschaften war das Ziel f\u00fcr diese Saison die Verbesserung der Bel\u00fcftung und Flexibilit\u00e4t. Ausgestattet mit einem Design mit offenem Netz im Obermaterial, um die Luftzirkulation zu verbessern und Ihre F\u00fc\u00dfe frisch zu halten, verf\u00fcgt dieser Schuh \u00fcber synthetische Lederschichten und einen Polyurethanfilm, der eine verbesserte Stabilit\u00e4t bei pl\u00f6tzlichen \u00dcberg\u00e4ngen erm\u00f6glicht. Die neue Verarbeitung kombiniert den Schaum des ewigen Ewigen mit einer Erweidung der Gel -Technologie auf dem Vorfu\u00df, um die Aufprallabsorption zu verbessern. Dar\u00fcber hinaus garantiert die verbesserte Sohle eine bessere Flexibilit\u00e4t und ein resistenteres Design. Der Gel-Game 8-Ton-Tennisschuh ist eine perfekte Wahl f\u00fcr Anf\u00e4nger und mittelgro\u00dfe Spieler, die nach einem gepolsterten und stabilen Tennisschuh suchen.<\/span> <br \/> Verpackungsabmessungen \u200f : \u200e  31 x 18.4 x 11.2 cm; 590 Gramm <br \/> Im Angebot von Amazon.de seit \u200f : \u200e  27. Juni 2022 <br \/> Hersteller \u200f : \u200e  ASICS <br \/> ASIN \u200f : \u200e  B0B56Y6HCV <br \/> Modellnummer \u200f : \u200e  1044A024-106 <br \/> Kategorie \u200f : \u200e  Unisex Kinder <\/p>\n<p>[ad_2]<\/p>\n","protected":false},"excerpt":{"rendered":"<p>Price: [price_with_discount](as of [price_update_date] &#8211; Details) [ad_1] Dieser Tennisschuh ist bequem und resistent und ist vielseitig f\u00fcr den Amateur -Athleten, der mehrmals pro Woche trainiert. Durch die Aufrechterhaltung der au\u00dfergew\u00f6hnlichen<\/p>\n","protected":false},"featured_media":26040,"comment_status":"open","ping_status":"closed","template":"","meta":[],"product_cat":[227],"product_tag":[255],"class_list":{"0":"post-26039","1":"product","2":"type-product","3":"status-publish","4":"has-post-thumbnail","6":"product_cat-gaming","7":"product_tag-amazon-games","9":"first","10":"instock","11":"shipping-taxable","12":"product-type-external"},"aioseo_notices":[],"_links":{"self":[{"href":"https:\/\/topgetestet.de\/index.php?rest_route=\/wp\/v2\/product\/26039","targetHints":{"allow":["GET"]}}],"collection":[{"href":"https:\/\/topgetestet.de\/index.php?rest_route=\/wp\/v2\/product"}],"about":[{"href":"https:\/\/topgetestet.de\/index.php?rest_route=\/wp\/v2\/types\/product"}],"replies":[{"embeddable":true,"href":"https:\/\/topgetestet.de\/index.php?rest_route=%2Fwp%2Fv2%2Fcomments&post=26039"}],"wp:featuredmedia":[{"embeddable":true,"href":"https:\/\/topgetestet.de\/index.php?rest_route=\/wp\/v2\/media\/26040"}],"wp:attachment":[{"href":"https:\/\/topgetestet.de\/index.php?rest_route=%2Fwp%2Fv2%2Fmedia&parent=26039"}],"wp:term":[{"taxonomy":"product_cat","embeddable":true,"href":"https:\/\/topgetestet.de\/index.php?rest_route=%2Fwp%2Fv2%2Fproduct_cat&post=26039"},{"taxonomy":"product_tag","embeddable":true,"href":"https:\/\/topgetestet.de\/index.php?rest_route=%2Fwp%2Fv2%2Fproduct_tag&post=26039"}],"curies":[{"name":"wp","href":"https:\/\/api.w.org\/{rel}","templated":true}]}}