{"id":25688,"date":"2022-09-25T03:12:47","date_gmt":"2022-09-25T03:12:47","guid":{"rendered":"https:\/\/topgetestet.de\/?product=personal-training-mit-jackie-warner-xtreme-cardio-workout"},"modified":"2022-09-25T03:12:47","modified_gmt":"2022-09-25T03:12:47","slug":"personal-training-mit-jackie-warner-xtreme-cardio-workout","status":"publish","type":"product","link":"https:\/\/topgetestet.de\/?product=personal-training-mit-jackie-warner-xtreme-cardio-workout","title":{"rendered":"Personal Training mit Jackie Warner &#8211; Xtreme Cardio Workout"},"content":{"rendered":"<p>Price: <span style=\"color:#b12704\">[price_with_discount]<\/span><br \/><i><small>(as of [price_update_date] &#8211; <span class=\"wp_automatic_amazon_disclaimer\" title=\"Product prices and availability are accurate as of the date\/time indicated and are subject to change. Any price and availability information displayed on [relevant Amazon Site(s), as applicable] at the time of purchase will apply to the purchase of this product.\">Details<\/span>)<\/small><\/i><\/p>\n<p><a href=\"https:\/\/amazon.de\/dp\/B00AM5RCMC?tag=topgetestet09-21\"><img decoding=\"async\" src=\"https:\/\/i.imgur.com\/ISRHEWs.png\"><\/a><br \/>\n[ad_1]<br \/>\n <span>Mit dem Xtreme Cardio Workout kannst du Jackies Personal Training ab sofort bei dir zu Hause absolvieren. Mit Hilfe dieses Trainings ist die Zeit vorbei, in der du m\u00fchsame Stunden im Fitness-Studio verbracht hast, um deinen Traumk\u00f6rper zu formen. Jackie hat ein hocheffektives Ganzk\u00f6rper-Zirkeltraining kreiert, das lediglich<br \/>30 Minuten dauert. Du fragst dich, wie das m\u00f6glich ist? Mit \u00dcbungseinheiten, die gleichzeitig mehrere Muskelgruppen ansprechen, hat Jackie die Trainingszeit halbiert.<br \/>Das ist Xtreme Effi zienz! Du formst deinen ganzen K\u00f6rper schneller, indem du noch mehr Muskeln trainierst und dabei automatisch mehr Kalorien verbrennst. Au\u00dferdem<br \/>dringst du mit diesen \u00dcbungsfolgen direkt in den Kardiobereich vor. Du absolvierst gleichzeitig ein Kraft- und Cardiotraining, im Grunde also zwei Workouts in einem.<br \/>Vielbesch\u00e4ftigte Menschen haben keine Zeit, um Muskelgruppen einzeln zu trainieren oder noch ein zus\u00e4tzliches Cardiotraining einzulegen. Wenn dir also deine Zeit kostbar und dein Ziel die Fettverbrennung ist, dann ist dieses Workout genau das richtige f\u00fcr dich. Widme Jackie drei Mal pro Woche 30 Minuten deiner Zeit und erhalte im Gegenzug einen Traumk\u00f6rper: schlank, stark und super gestyled!<\/span> <br \/> Seitenverh\u00e4ltnis \u200f : \u200e  16:9 &#8211; 1.77:1 <br \/> Alterseinstufung \u200f : \u200e  Infoprogramm <br \/> Produktabmessungen \u200f : \u200e  13.9 x 1.7 x 19.3 cm; 83.16 Gramm <br \/> Herstellerreferenz \u200f : \u200e  7900052EMN <br \/> Medienformat \u200f : \u200e  PAL, Dolby <br \/> Laufzeit \u200f : \u200e  32 Minuten <br \/> Erscheinungstermin \u200f : \u200e  26. April 2013 <br \/> Darsteller \u200f : \u200e  Jackie Warner <br \/> Sprache, \u200f : \u200e  Deutsch (Dolby Digital 2.0 Stereo), Englisch (Dolby Digital 2.0 Stereo) <br \/> Studio \u200f : \u200e  WVG Medien GmbH <br \/> ASIN \u200f : \u200e  B00AM5RCMC <br \/> Herkunftsland \u200f : \u200e  Deutschland <br \/> Anzahl Disks \u200f : \u200e  1 <\/p>\n<p>[ad_2]<\/p>\n","protected":false},"excerpt":{"rendered":"<p>Price: [price_with_discount](as of [price_update_date] &#8211; Details) [ad_1] Mit dem Xtreme Cardio Workout kannst du Jackies Personal Training ab sofort bei dir zu Hause absolvieren. Mit Hilfe dieses Trainings ist die<\/p>\n","protected":false},"featured_media":25689,"comment_status":"open","ping_status":"closed","template":"","meta":[],"product_cat":[233],"product_tag":[274],"class_list":{"0":"post-25688","1":"product","2":"type-product","3":"status-publish","4":"has-post-thumbnail","6":"product_cat-fitness","7":"product_tag-cardio-training","9":"first","10":"instock","11":"shipping-taxable","12":"product-type-external"},"aioseo_notices":[],"_links":{"self":[{"href":"https:\/\/topgetestet.de\/index.php?rest_route=\/wp\/v2\/product\/25688","targetHints":{"allow":["GET"]}}],"collection":[{"href":"https:\/\/topgetestet.de\/index.php?rest_route=\/wp\/v2\/product"}],"about":[{"href":"https:\/\/topgetestet.de\/index.php?rest_route=\/wp\/v2\/types\/product"}],"replies":[{"embeddable":true,"href":"https:\/\/topgetestet.de\/index.php?rest_route=%2Fwp%2Fv2%2Fcomments&post=25688"}],"wp:featuredmedia":[{"embeddable":true,"href":"https:\/\/topgetestet.de\/index.php?rest_route=\/wp\/v2\/media\/25689"}],"wp:attachment":[{"href":"https:\/\/topgetestet.de\/index.php?rest_route=%2Fwp%2Fv2%2Fmedia&parent=25688"}],"wp:term":[{"taxonomy":"product_cat","embeddable":true,"href":"https:\/\/topgetestet.de\/index.php?rest_route=%2Fwp%2Fv2%2Fproduct_cat&post=25688"},{"taxonomy":"product_tag","embeddable":true,"href":"https:\/\/topgetestet.de\/index.php?rest_route=%2Fwp%2Fv2%2Fproduct_tag&post=25688"}],"curies":[{"name":"wp","href":"https:\/\/api.w.org\/{rel}","templated":true}]}}