{"id":25497,"date":"2022-09-25T00:06:16","date_gmt":"2022-09-25T00:06:16","guid":{"rendered":"https:\/\/topgetestet.de\/?product=nintendo-switch-konsole-neon-rot-neon-blau"},"modified":"2022-09-25T00:06:16","modified_gmt":"2022-09-25T00:06:16","slug":"nintendo-switch-konsole-neon-rot-neon-blau","status":"publish","type":"product","link":"https:\/\/topgetestet.de\/?product=nintendo-switch-konsole-neon-rot-neon-blau","title":{"rendered":"Nintendo Switch Konsole &#8211; Neon-Rot\/Neon-Blau"},"content":{"rendered":"<p>Price: <span style=\"color:#b12704\">[price_with_discount]<\/span><br \/><i><small>(as of [price_update_date] &#8211; <span class=\"wp_automatic_amazon_disclaimer\" title=\"Product prices and availability are accurate as of the date\/time indicated and are subject to change. Any price and availability information displayed on [relevant Amazon Site(s), as applicable] at the time of purchase will apply to the purchase of this product.\">Details<\/span>)<\/small><\/i><\/p>\n<p><a href=\"https:\/\/amazon.de\/dp\/B07WKNQ8JT?tag=topgetestet09-21\"><img decoding=\"async\" src=\"https:\/\/i.imgur.com\/ISRHEWs.png\"><\/a><br \/>\n[ad_1]<br \/>\n <span>Nintendo Switch v2 32GB Neon-Blau \/ Neon Rot<\/span> <br \/> Auslaufartikel (Produktion durch Hersteller eingestellt) \u200f : \u200e  Nein <br \/> Batterien \u200f : \u200e  Lithium-Ionen Batterien erforderlich (enthalten). <br \/> Alterseinstufung \u200f : \u200e  Nicht gepr\u00fcft <br \/> Sprache \u200f : \u200e  Spanisch, Deutsch <br \/> Handbuch \u200f : \u200e  Spanisch, Deutsch <br \/> Produktabmessungen \u200f : \u200e  19.8 x 35 x 9.3 cm; 80 Gramm <br \/> Erscheinungstermin \u200f : \u200e  19. August 2019 <br \/> Untertitel: \u200f : \u200e  Spanisch, Deutsch <br \/> ASIN \u200f : \u200e  B07WKNQ8JT <br \/> Modellnummer \u200f : \u200e  NSH006 045496452629 <br \/> Herkunftsland \u200f : \u200e  Deutschland <\/p>\n<p>Vor dem Fernseher in der gro\u00dfen Gruppe: Setze die Nintendo Switch in die Station ein und schon kannst du in HD auf dem Fernseher spielen.<br \/>Geteilter Bildschirm f\u00fcr doppelten Spa\u00df: Der Aufsteller verwandelt deine Konsole im Nu in einen Bildschirm zum Teilen \u2013 perfekt f\u00fcr Mehrspielerpartien mit Freunden!<br \/>Unterwegs mit dem gro\u00dfen Bildschirm: Schlie\u00dfe die Joy-Con-Controller an die Konsole, nimm sie mit und genie\u00dfe die TV-Spielerfahrung auch unterwegs.<br \/>Die Nintendo Switch-Konsole hat einen Controller auf jeder Seite, die beide auch zusammen verwendet werden k\u00f6nnen: die Joy-Con.<br \/>Verbindet man beide Joy-Con mit der Joy-Con-Halterung, kann man sie wie einen traditionellen Controller verwenden. Ohne die Halterung kann man beide unabh\u00e4ngig voneinander als zwei separate Controller einsetzen.<br \/>Verbinde bis zu acht Konsolen f\u00fcr Mehrspieler-Partien<br \/>\n<br \/>[ad_2]<\/p>\n","protected":false},"excerpt":{"rendered":"<p>Price: [price_with_discount](as of [price_update_date] &#8211; Details) [ad_1] Nintendo Switch v2 32GB Neon-Blau \/ Neon Rot Auslaufartikel (Produktion durch Hersteller eingestellt) \u200f : \u200e Nein Batterien \u200f : \u200e Lithium-Ionen Batterien<\/p>\n","protected":false},"featured_media":25498,"comment_status":"open","ping_status":"closed","template":"","meta":[],"product_cat":[227],"product_tag":[255],"class_list":{"0":"post-25497","1":"product","2":"type-product","3":"status-publish","4":"has-post-thumbnail","6":"product_cat-gaming","7":"product_tag-amazon-games","9":"first","10":"instock","11":"shipping-taxable","12":"product-type-external"},"aioseo_notices":[],"_links":{"self":[{"href":"https:\/\/topgetestet.de\/index.php?rest_route=\/wp\/v2\/product\/25497","targetHints":{"allow":["GET"]}}],"collection":[{"href":"https:\/\/topgetestet.de\/index.php?rest_route=\/wp\/v2\/product"}],"about":[{"href":"https:\/\/topgetestet.de\/index.php?rest_route=\/wp\/v2\/types\/product"}],"replies":[{"embeddable":true,"href":"https:\/\/topgetestet.de\/index.php?rest_route=%2Fwp%2Fv2%2Fcomments&post=25497"}],"wp:featuredmedia":[{"embeddable":true,"href":"https:\/\/topgetestet.de\/index.php?rest_route=\/wp\/v2\/media\/25498"}],"wp:attachment":[{"href":"https:\/\/topgetestet.de\/index.php?rest_route=%2Fwp%2Fv2%2Fmedia&parent=25497"}],"wp:term":[{"taxonomy":"product_cat","embeddable":true,"href":"https:\/\/topgetestet.de\/index.php?rest_route=%2Fwp%2Fv2%2Fproduct_cat&post=25497"},{"taxonomy":"product_tag","embeddable":true,"href":"https:\/\/topgetestet.de\/index.php?rest_route=%2Fwp%2Fv2%2Fproduct_tag&post=25497"}],"curies":[{"name":"wp","href":"https:\/\/api.w.org\/{rel}","templated":true}]}}