{"id":25376,"date":"2022-09-24T21:37:14","date_gmt":"2022-09-24T21:37:14","guid":{"rendered":"https:\/\/topgetestet.de\/?product=saucony-echelon-8-laufschuhe-aw21"},"modified":"2022-09-24T21:37:14","modified_gmt":"2022-09-24T21:37:14","slug":"saucony-echelon-8-laufschuhe-aw21","status":"publish","type":"product","link":"https:\/\/topgetestet.de\/?product=saucony-echelon-8-laufschuhe-aw21","title":{"rendered":"Saucony Echelon 8 Laufschuhe &#8211; AW21"},"content":{"rendered":"<p>Price: <span style=\"color:#b12704\">[price_with_discount]<\/span><br \/><i><small>(as of [price_update_date] &#8211; <span class=\"wp_automatic_amazon_disclaimer\" title=\"Product prices and availability are accurate as of the date\/time indicated and are subject to change. Any price and availability information displayed on [relevant Amazon Site(s), as applicable] at the time of purchase will apply to the purchase of this product.\">Details<\/span>)<\/small><\/i><\/p>\n<p><a href=\"https:\/\/amazon.de\/dp\/B094C7YJ8G?tag=topgetestet09-21\"><img decoding=\"async\" src=\"https:\/\/i.imgur.com\/ISRHEWs.png\"><\/a><br \/>\n[ad_1]<br \/>\n <span>Saucony Echelon 8 Laufschuhe Ein angenehmes Laufgef\u00fchl, das allen L\u00e4ufern gerecht wird. Der gro\u00dfz\u00fcgige und anpassungsf\u00e4hige Echelon 8 empf\u00e4ngt diejenigen, die einen sch\u00fctzenden Schuh ben\u00f6tigen, der ein breites Spektrum an Bed\u00fcrfnissen erf\u00fcllt. Er bietet eine angenehme D\u00e4mpfung, ein ausgewogenes und stabiles Laufgef\u00fchl und einen sicheren Sitz. Atmungsaktives Mesh-Obermaterial Ausgestattet mit einem perforierten Mesh-Obermaterial, erm\u00f6glicht die Konstruktion k\u00fchle Luft durch den Schuh zu flie\u00dfen, jede unerw\u00fcnschte Stauung von W\u00e4rme zu verhindern. So kann man den ganzen Tag lang k\u00fchl und komfortabel bleiben. Das atmungsaktive Mesh wirkt wie eine leichte zweite Haut, die Flexibilit\u00e4t f\u00fcr lang anhaltende Haltbarkeit erm\u00f6glicht, w\u00e4hrend hinzugef\u00fcgte 3D-Overlays weitere Struktur und Unterst\u00fctzung f\u00fcr den Schuh bieten und eine nat\u00fcrliche Laufbewegung f\u00f6rdern. Dar\u00fcber hinaus bietet die Verbesserung der 3D-gedruckten Fersenkappe zus\u00e4tzlichen Halt f\u00fcr ein perfektes, sicheres Passgef\u00fchl. Abgerundet wird das Obermaterial durch das traditionelle Schn\u00fcrsystem, das f\u00fcr eine sichere, verriegelte Passform sorgt.. PWWRRUN Gepolsterte Zwischensohle Die Zwischensohle wurde mit Sauconys PWRRUN-Technologie entwickelt, die f\u00fcr eine erh\u00f6hte Energier\u00fcckgabe und Haltbarkeit sorgt. Das revolution\u00e4re Material hat sto\u00dfd\u00e4mpfende Eigenschaften, um St\u00f6\u00dfe und Belastungen f\u00fcr den Fu\u00df zu reduzieren. PWRRUN ist extrem weich und absorbiert alle St\u00f6\u00dfe sofort und effektiv. Das sorgt f\u00fcr ein extrem weiches Laufgef\u00fchl, das Erm\u00fcdungserscheinungen reduziert und einen vor Verletzungen sch\u00fctzt. Unter Verwendung der FormFit-Technologie verf\u00fcgt die Zwischensohle \u00fcber ein dynamisches Passformsystem, das sich an die Form und Bewegung des Fu\u00dfes des L\u00e4ufers anpasst und jede unerw\u00fcnschte Bewegung innerhalb des Schuhs eliminiert, sodass die Leistung optimiert wird. FormFit sorgt nicht nur f\u00fcr eine bequeme und st\u00fctzende Passform, sondern ist auch hochf<\/span> <br \/> Verpackungsabmessungen \u200f : \u200e  32.77 x 20.57 x 11.43 cm; 354 Gramm <br \/> Im Angebot von Amazon.de seit \u200f : \u200e  7. Juli 2021 <br \/> ASIN \u200f : \u200e  B094C47XXF <br \/> Modellnummer \u200f : \u200e  S20574-31 <br \/> Kategorie \u200f : \u200e  Herren <\/p>\n<p>Innenmaterial: Synthetik<br \/>Sohle: Synthetik<br \/>Verschluss: Schn\u00fcrung<br \/>Absatzh\u00f6he: 35 Millimeter<br \/>Absatzform: Flach<br \/>Materialzusammensetzung: Synthetic<br \/>\n<br \/>[ad_2]<\/p>\n","protected":false},"excerpt":{"rendered":"<p>Price: [price_with_discount](as of [price_update_date] &#8211; Details) [ad_1] Saucony Echelon 8 Laufschuhe Ein angenehmes Laufgef\u00fchl, das allen L\u00e4ufern gerecht wird. Der gro\u00dfz\u00fcgige und anpassungsf\u00e4hige Echelon 8 empf\u00e4ngt diejenigen, die einen sch\u00fctzenden<\/p>\n","protected":false},"featured_media":25377,"comment_status":"open","ping_status":"closed","template":"","meta":[],"product_cat":[234],"product_tag":[235],"class_list":{"0":"post-25376","1":"product","2":"type-product","3":"status-publish","4":"has-post-thumbnail","6":"product_cat-shoes","7":"product_tag-mens-road-running-shoes","9":"first","10":"instock","11":"shipping-taxable","12":"product-type-external"},"aioseo_notices":[],"_links":{"self":[{"href":"https:\/\/topgetestet.de\/index.php?rest_route=\/wp\/v2\/product\/25376","targetHints":{"allow":["GET"]}}],"collection":[{"href":"https:\/\/topgetestet.de\/index.php?rest_route=\/wp\/v2\/product"}],"about":[{"href":"https:\/\/topgetestet.de\/index.php?rest_route=\/wp\/v2\/types\/product"}],"replies":[{"embeddable":true,"href":"https:\/\/topgetestet.de\/index.php?rest_route=%2Fwp%2Fv2%2Fcomments&post=25376"}],"wp:featuredmedia":[{"embeddable":true,"href":"https:\/\/topgetestet.de\/index.php?rest_route=\/wp\/v2\/media\/25377"}],"wp:attachment":[{"href":"https:\/\/topgetestet.de\/index.php?rest_route=%2Fwp%2Fv2%2Fmedia&parent=25376"}],"wp:term":[{"taxonomy":"product_cat","embeddable":true,"href":"https:\/\/topgetestet.de\/index.php?rest_route=%2Fwp%2Fv2%2Fproduct_cat&post=25376"},{"taxonomy":"product_tag","embeddable":true,"href":"https:\/\/topgetestet.de\/index.php?rest_route=%2Fwp%2Fv2%2Fproduct_tag&post=25376"}],"curies":[{"name":"wp","href":"https:\/\/api.w.org\/{rel}","templated":true}]}}