{"id":25333,"date":"2022-09-24T21:27:01","date_gmt":"2022-09-24T21:27:01","guid":{"rendered":"https:\/\/topgetestet.de\/?product=orchard-toys-zauberspiel"},"modified":"2022-09-24T21:27:01","modified_gmt":"2022-09-24T21:27:01","slug":"orchard-toys-zauberspiel","status":"publish","type":"product","link":"https:\/\/topgetestet.de\/?product=orchard-toys-zauberspiel","title":{"rendered":"Orchard Toys Zauberspiel"},"content":{"rendered":"<p>Price: <span style=\"color:#b12704\">[price_with_discount]<\/span><br \/><i><small>(as of [price_update_date] &#8211; <span class=\"wp_automatic_amazon_disclaimer\" title=\"Product prices and availability are accurate as of the date\/time indicated and are subject to change. Any price and availability information displayed on [relevant Amazon Site(s), as applicable] at the time of purchase will apply to the purchase of this product.\">Details<\/span>)<\/small><\/i><\/p>\n<p><a href=\"https:\/\/amazon.de\/dp\/B06XVZY6VG?tag=topgetestet09-21\"><img decoding=\"async\" src=\"https:\/\/i.imgur.com\/ISRHEWs.png\"><\/a><br \/>\n[ad_1]<br \/>\n Magic Maths ist ein spannendes und zauberhaftes Mathematikspiel f\u00fcr Kinder im Alter von 5-7 Jahren. Die Spieler l\u00f6sen sich abwechselnd die Summen und f\u00fcllen ihre Bretter mit leckeren Zauberzutaten, von Wurmbefallenen Cupcakes bis hin zu Gehirnen und Bogies. Sobald die Spieler die Antwort auf die Summe ausgearbeitet haben, beginnt die Magie &#8230; indem Sie ihre Karte umdrehen und die w\u00e4rmeempfindlichen Patches reiben, um zu enth\u00fcllen, ob ihre Antwort richtig ist. <br \/>Unterst\u00fctzt KS1\u00a0Mathematik<br \/>Mit magischen Reiben und zeige-Technologie<br \/>Geeignet f\u00fcr Kinder im Alter von 5\u20137<br \/>Geeignet f\u00fcr 2\u20134\u00a0Spieler<br \/>\n<br \/>[ad_2]<\/p>\n","protected":false},"excerpt":{"rendered":"<p>Price: [price_with_discount](as of [price_update_date] &#8211; Details) [ad_1] Magic Maths ist ein spannendes und zauberhaftes Mathematikspiel f\u00fcr Kinder im Alter von 5-7 Jahren. Die Spieler l\u00f6sen sich abwechselnd die Summen und<\/p>\n","protected":false},"featured_media":25334,"comment_status":"open","ping_status":"closed","template":"","meta":[],"product_cat":[227],"product_tag":[270],"class_list":{"0":"post-25333","1":"product","2":"type-product","3":"status-publish","4":"has-post-thumbnail","6":"product_cat-gaming","7":"product_tag-toys-games","9":"first","10":"instock","11":"shipping-taxable","12":"product-type-external"},"aioseo_notices":[],"_links":{"self":[{"href":"https:\/\/topgetestet.de\/index.php?rest_route=\/wp\/v2\/product\/25333","targetHints":{"allow":["GET"]}}],"collection":[{"href":"https:\/\/topgetestet.de\/index.php?rest_route=\/wp\/v2\/product"}],"about":[{"href":"https:\/\/topgetestet.de\/index.php?rest_route=\/wp\/v2\/types\/product"}],"replies":[{"embeddable":true,"href":"https:\/\/topgetestet.de\/index.php?rest_route=%2Fwp%2Fv2%2Fcomments&post=25333"}],"wp:featuredmedia":[{"embeddable":true,"href":"https:\/\/topgetestet.de\/index.php?rest_route=\/wp\/v2\/media\/25334"}],"wp:attachment":[{"href":"https:\/\/topgetestet.de\/index.php?rest_route=%2Fwp%2Fv2%2Fmedia&parent=25333"}],"wp:term":[{"taxonomy":"product_cat","embeddable":true,"href":"https:\/\/topgetestet.de\/index.php?rest_route=%2Fwp%2Fv2%2Fproduct_cat&post=25333"},{"taxonomy":"product_tag","embeddable":true,"href":"https:\/\/topgetestet.de\/index.php?rest_route=%2Fwp%2Fv2%2Fproduct_tag&post=25333"}],"curies":[{"name":"wp","href":"https:\/\/api.w.org\/{rel}","templated":true}]}}