{"id":25108,"date":"2022-09-24T19:49:16","date_gmt":"2022-09-24T19:49:16","guid":{"rendered":"https:\/\/topgetestet.de\/?product=grand-theft-auto-v-premium-edition-playstation-4"},"modified":"2022-09-24T19:49:16","modified_gmt":"2022-09-24T19:49:16","slug":"grand-theft-auto-v-premium-edition-playstation-4","status":"publish","type":"product","link":"https:\/\/topgetestet.de\/?product=grand-theft-auto-v-premium-edition-playstation-4","title":{"rendered":"Grand Theft Auto V Premium Edition &#8211; [PlayStation 4]"},"content":{"rendered":"<p>Price: <span style=\"color:#b12704\">[price_with_discount]<\/span><br \/><i><small>(as of [price_update_date] &#8211; <span class=\"wp_automatic_amazon_disclaimer\" title=\"Product prices and availability are accurate as of the date\/time indicated and are subject to change. Any price and availability information displayed on [relevant Amazon Site(s), as applicable] at the time of purchase will apply to the purchase of this product.\">Details<\/span>)<\/small><\/i><\/p>\n<p><a href=\"https:\/\/amazon.de\/dp\/B07XLMT7GX?tag=topgetestet09-21\"><img decoding=\"async\" src=\"https:\/\/i.imgur.com\/ISRHEWs.png\"><\/a><br \/>\n[ad_1]<br \/>\n <span>Willkommen in Los Santos!<\/p>\n<p>Los Santos: eine weitl\u00e4ufige, sonnendurchflutete Metropole voller Selbsthilfe-Gurus, Sternchen und vergessener Promis. Einst beneidet vom Rest der westlichen Welt, befindet sich die Stadt jetzt in einer Zeit der wirtschaftlichen Unsicherheit und des billigen Reality-TVs im Kampf gegen den Untergang.<\/p>\n<p>Inmitten des Chaos schmieden drei v\u00f6llig unterschiedliche Kriminelle ihre eigenen \u00dcberlebens- und Erfolgspl\u00e4ne: Franklin, ein Stra\u00dfengauner, der auf die richtige Gelegenheit und das gro\u00dfe Geld aus ist; Michael, ein erfahrener Verbrecher und Ex-H\u00e4ftling, dessen Ruhestand weit weniger rosig ist als erhofft; und Trevor, ein brutaler Psychopath, den die Suche nach einem billigen Drogenrausch und dem n\u00e4chsten gro\u00dfen Ding antreibt. Als der Crew kein anderer Ausweg mehr bleibt, setzen die drei bei einer Reihe waghalsiger und gef\u00e4hrlicher \u00dcberf\u00e4lle, mit denen sie f\u00fcr den Rest ihres Lebens ausgesorgt h\u00e4tten, alles auf eine Karte. Grand Theft Auto V bietet die gr\u00f6\u00dfte, dynamischste und abwechslungsreichste offene Spielwelt, die je erschaffen wurde und verbindet Storytelling und Gameplay auf eine ganz neue Art und Weise. Der Spieler wechselt wiederholt zwischen den Leben der drei Hauptfiguren hin und her und erlebt so alle Seiten der verwobenen Geschichte. Alle charakteristischen Merkmale der bahnbrechenden Reihe werden auch den neuesten Teil auszeichnen, darunter die unglaubliche Liebe zum Detail und die f\u00fcr Grand Theft Auto typische schwarzhumorige Interpretation der Gegenwartskultur. Hinzu kommt eine brandneue und ambitionierte Herangehensweise an Multiplayer in einer offenen Spielwelt.<\/p>\n<p>GTA V bietet zahlreiche grafische und technische Verbesserungen f\u00fcr eine noch lebendigere Welt. \u00dcbertrage bestehende Grand Theft Auto Online-Charaktere und den Spielfortschritt auf Playstation 4. Bestehende Spieler erhalten exklusive Fahrzeuge, Waffen, Sammelobjekte und mehr. Beinhaltet alle kostenlosen Updates f\u00fcr Grand Theft Auto Online und Grand Theft Auto V. Beinhaltet Grand Theft Auto Online.<\/p>\n<p>Los Santos &amp; Blaine County&#8230;<br \/>Die gesamte Spielwelt von Grand Theft Auto V &#8211; unsere bislang bei weitem gr\u00f6\u00dfte offene Welt &#8211; mit ihren kulturell und geographisch enorm vielf\u00e4ltigen Gebieten kann von Spielbeginn an vollst\u00e4ndig erkundet werden. In der riesigen Metropole Los Santos und im l\u00e4ndlichen Blaine County triffst du auf abgehalfterte Prominenz, Drogens\u00fcchtige, Partyg\u00e4nger, gef\u00e4hrliche Gangs, Wanderer, Rocker und alle m\u00f6glichen anderen schillernden Gestalten. Alles ist frei zug\u00e4nglich, von Berggipfeln durch die Stra\u00dfen von Los Santos bis hinunter zum Meeresgrund.<\/p>\n<p>Einf\u00fchrung&#8230;<br \/>Die drei spielbaren Protagonisten, Michael, Franklin und Trevor wohnen zwar in verschiedenen Teilen der Stadt, haben ihren ganz eigenen Lebensstil und eigene Probleme, Einstellungen, W\u00fcnsche und Ziele &#8211; aber sie wissen, wie man zusammenarbeitet. Und wenn es hart auf hart geht, bringt jeder von ihnen ganz eigene, einzigartige F\u00e4higkeiten mit.<\/p>\n<p>Freizeitgestaltung&#8230;<br \/>Die offene Spielwelt von Grand Theft Auto V ist nicht nur ungeheuer weitl\u00e4ufig, sie bietet auch mehr M\u00f6glichkeiten als je zuvor. Wenn du dich erholen willst, kannst du eine Partie Golf oder Tennis spielen, dich beim Yoga entspannen oder durch die Gegend radeln &#8230; Wenn du den Adrenalinkick suchst, springst du mit dem Fallschirm \u00fcber der Stadt ab oder tunst deinen Cheetah und f\u00e4hrst ein Stra\u00dfenrennen um Geld. Geld verdienen kannst du nat\u00fcrlich auch auf die altmodische Art: indem du es dir einfach nimmst &#8211; egal, ob du Schnapsl\u00e4den \u00fcberf\u00e4llst oder Firmen aufkaufst und \u00fcbernimmst, die dir Dividende einbringen &#8230; Und selbst wenn du einfach nur ein bisschen spazieren gehst, k\u00f6nntest du einem der vielen Verr\u00fcckten, Junkies, Besoffenen oder Filmsternchen von Los Santos begegnen &#8211; und pl\u00f6tzlich steckst du mittendrin in irgendeinem v\u00f6llig unerwarteten Schlamassel &#8230;<\/p>\n<p>Raub\u00fcberf\u00e4lle&#8230;<br \/>Kleinkriminalit\u00e4t, Zuh\u00e4lterei und Autodiebstahl bringen einen in Los Santos nicht nach oben. Um richtig abzusahnen, m\u00fcssen Michael, Franklin und Trevor zusammenarbeiten und waghalsige Raub\u00fcberf\u00e4lle durchf\u00fchren &#8211; gro\u00dfe, mehrteilige Missionen, die man sorgf\u00e4ltig planen, f\u00fcr die man die richtigen Mitarbeiter aussuchen und die man pr\u00e4zise (und oft mit einem ziemlichen Knalleffekt) ausf\u00fchren muss. Geld regiert die Welt von GTA V, und obwohl man es auf vielf\u00e4ltige Weise verdienen und ausgeben kann &#8211; die ganz gro\u00dfe Kohle ist nur mit Raub\u00fcberf\u00e4llen zu machen.<\/p>\n<p>Die Premium Edition beinhaltet Grad Theft Auto V und Grand Theft Auto Online inkl. des Criminal Enterprise Starter Pack (kostenloser DLC bei Neukauf enthalten, einmalig verwendbar)<br \/><\/span> <br \/> Alterseinstufung \u200f : \u200e  USK ab 18 <br \/> Sprache \u200f : \u200e  Deutsch <br \/> Produktabmessungen \u200f : \u200e  17.2 x 13.4 x 1.3 cm; 100 Gramm <br \/> Erscheinungstermin \u200f : \u200e  24. September 2019 <br \/> ASIN \u200f : \u200e  B07XLMT7GX <br \/> Herstellerreferenz \u200f : \u200e  5026555426916 <br \/> Herkunftsland \u200f : \u200e  Deutschland <\/p>\n<p>[ad_2]<\/p>\n","protected":false},"excerpt":{"rendered":"<p>Price: [price_with_discount](as of [price_update_date] &#8211; Details) [ad_1] Willkommen in Los Santos! Los Santos: eine weitl\u00e4ufige, sonnendurchflutete Metropole voller Selbsthilfe-Gurus, Sternchen und vergessener Promis. Einst beneidet vom Rest der westlichen Welt,<\/p>\n","protected":false},"featured_media":25109,"comment_status":"open","ping_status":"closed","template":"","meta":[],"product_cat":[227],"product_tag":[261],"class_list":{"0":"post-25108","1":"product","2":"type-product","3":"status-publish","4":"has-post-thumbnail","6":"product_cat-gaming","7":"product_tag-playstation-legacy-games","9":"first","10":"instock","11":"sale","12":"shipping-taxable","13":"product-type-external"},"aioseo_notices":[],"_links":{"self":[{"href":"https:\/\/topgetestet.de\/index.php?rest_route=\/wp\/v2\/product\/25108","targetHints":{"allow":["GET"]}}],"collection":[{"href":"https:\/\/topgetestet.de\/index.php?rest_route=\/wp\/v2\/product"}],"about":[{"href":"https:\/\/topgetestet.de\/index.php?rest_route=\/wp\/v2\/types\/product"}],"replies":[{"embeddable":true,"href":"https:\/\/topgetestet.de\/index.php?rest_route=%2Fwp%2Fv2%2Fcomments&post=25108"}],"wp:featuredmedia":[{"embeddable":true,"href":"https:\/\/topgetestet.de\/index.php?rest_route=\/wp\/v2\/media\/25109"}],"wp:attachment":[{"href":"https:\/\/topgetestet.de\/index.php?rest_route=%2Fwp%2Fv2%2Fmedia&parent=25108"}],"wp:term":[{"taxonomy":"product_cat","embeddable":true,"href":"https:\/\/topgetestet.de\/index.php?rest_route=%2Fwp%2Fv2%2Fproduct_cat&post=25108"},{"taxonomy":"product_tag","embeddable":true,"href":"https:\/\/topgetestet.de\/index.php?rest_route=%2Fwp%2Fv2%2Fproduct_tag&post=25108"}],"curies":[{"name":"wp","href":"https:\/\/api.w.org\/{rel}","templated":true}]}}