{"id":24819,"date":"2022-09-24T17:04:13","date_gmt":"2022-09-24T17:04:13","guid":{"rendered":"https:\/\/topgetestet.de\/?product=nike-unisex-erwachsene-swoosh-headband-stirnband"},"modified":"2022-09-24T17:04:13","modified_gmt":"2022-09-24T17:04:13","slug":"nike-unisex-erwachsene-swoosh-headband-stirnband","status":"publish","type":"product","link":"https:\/\/topgetestet.de\/?product=nike-unisex-erwachsene-swoosh-headband-stirnband","title":{"rendered":"Nike Unisex\u00a0Erwachsene Swoosh Headband\/Stirnband"},"content":{"rendered":"<p>Price: <span style=\"color:#b12704\">[price_with_discount]<\/span><br \/><i><small>(as of [price_update_date] &#8211; <span class=\"wp_automatic_amazon_disclaimer\" title=\"Product prices and availability are accurate as of the date\/time indicated and are subject to change. Any price and availability information displayed on [relevant Amazon Site(s), as applicable] at the time of purchase will apply to the purchase of this product.\">Details<\/span>)<\/small><\/i><\/p>\n<p><a href=\"https:\/\/amazon.de\/dp\/B008C27YLQ?tag=topgetestet09-21\"><img decoding=\"async\" src=\"https:\/\/i.imgur.com\/ISRHEWs.png\"><\/a><br \/>\n[ad_1]<br \/>\n <span>Nike Swoosh Stirnband: Nike Schwei\u00dfb\u00e4nder: Halten Sie Ihre Augen mit dem weichen und saugf\u00e4higen Nike Swoosh Stirnband schwei\u00dffrei. Mit diesem bequemen Stirnband k\u00f6nnen Sie Ihre Sichtlinie freih\u00e4ndig halten, damit Sie sich w\u00e4hrend des Trainings und der Spiele konzentrieren k\u00f6nnen. Saugf\u00e4hige Konstruktion.<\/span><br \/>\n<br \/>[ad_2]<\/p>\n","protected":false},"excerpt":{"rendered":"<p>Price: [price_with_discount](as of [price_update_date] &#8211; Details) [ad_1] Nike Swoosh Stirnband: Nike Schwei\u00dfb\u00e4nder: Halten Sie Ihre Augen mit dem weichen und saugf\u00e4higen Nike Swoosh Stirnband schwei\u00dffrei. Mit diesem bequemen Stirnband k\u00f6nnen<\/p>\n","protected":false},"featured_media":24820,"comment_status":"open","ping_status":"closed","template":"","meta":[],"product_cat":[233],"product_tag":[273],"class_list":{"0":"post-24819","1":"product","2":"type-product","3":"status-publish","4":"has-post-thumbnail","6":"product_cat-fitness","7":"product_tag-exercise-fitness-accessories","9":"first","10":"instock","11":"shipping-taxable","12":"product-type-external"},"aioseo_notices":[],"_links":{"self":[{"href":"https:\/\/topgetestet.de\/index.php?rest_route=\/wp\/v2\/product\/24819","targetHints":{"allow":["GET"]}}],"collection":[{"href":"https:\/\/topgetestet.de\/index.php?rest_route=\/wp\/v2\/product"}],"about":[{"href":"https:\/\/topgetestet.de\/index.php?rest_route=\/wp\/v2\/types\/product"}],"replies":[{"embeddable":true,"href":"https:\/\/topgetestet.de\/index.php?rest_route=%2Fwp%2Fv2%2Fcomments&post=24819"}],"wp:featuredmedia":[{"embeddable":true,"href":"https:\/\/topgetestet.de\/index.php?rest_route=\/wp\/v2\/media\/24820"}],"wp:attachment":[{"href":"https:\/\/topgetestet.de\/index.php?rest_route=%2Fwp%2Fv2%2Fmedia&parent=24819"}],"wp:term":[{"taxonomy":"product_cat","embeddable":true,"href":"https:\/\/topgetestet.de\/index.php?rest_route=%2Fwp%2Fv2%2Fproduct_cat&post=24819"},{"taxonomy":"product_tag","embeddable":true,"href":"https:\/\/topgetestet.de\/index.php?rest_route=%2Fwp%2Fv2%2Fproduct_tag&post=24819"}],"curies":[{"name":"wp","href":"https:\/\/api.w.org\/{rel}","templated":true}]}}