{"id":24746,"date":"2022-09-24T16:22:19","date_gmt":"2022-09-24T16:22:19","guid":{"rendered":"https:\/\/topgetestet.de\/?product=under-armour-herren-ua-liquify-rebel-laufschuhe"},"modified":"2022-09-24T16:22:19","modified_gmt":"2022-09-24T16:22:19","slug":"under-armour-herren-ua-liquify-rebel-laufschuhe","status":"publish","type":"product","link":"https:\/\/topgetestet.de\/?product=under-armour-herren-ua-liquify-rebel-laufschuhe","title":{"rendered":"Under Armour Herren UA Liquify Rebel Laufschuhe"},"content":{"rendered":"<p>Price: <span style=\"color:#b12704\">[price_with_discount]<\/span><br \/><i><small>(as of [price_update_date] &#8211; <span class=\"wp_automatic_amazon_disclaimer\" title=\"Product prices and availability are accurate as of the date\/time indicated and are subject to change. Any price and availability information displayed on [relevant Amazon Site(s), as applicable] at the time of purchase will apply to the purchase of this product.\">Details<\/span>)<\/small><\/i><\/p>\n<p><a href=\"https:\/\/amazon.de\/dp\/B07HKK3R7K?tag=topgetestet09-21\"><img decoding=\"async\" src=\"https:\/\/i.imgur.com\/ISRHEWs.png\"><\/a><br \/>\n[ad_1]<br \/>\n <span>Herren Laufschuhe USA Micro G pursuit: die Under Armour Micro g-d\u00e4mpfung ist unglaublich pr\u00e4zise und reaktionsfreudig. In Kombination mit einem atmungsaktiven, leichten Obermaterial entsteht ein Schuh, der speziell auf Geschwindigkeit ausgelegt ist. Bleibt dir nur noch eins zu tun: loslaufen! Neutral: f\u00fcr L\u00e4ufer, die nach der perfekten Balance zwischen Flexibilit\u00e4t und Polsterung suchen. Das leichte netzstoffobermaterial bietet komplette Atmungsaktivit\u00e4t. Schaumstoffpolster um den Kn\u00f6chelband herum und unter der Zunge bieten eine wahnsinnig komfortable Passform und Gef\u00fchl. Gestanzte EVA-Einlegesohle mit hohem r\u00fcckschlag und verl\u00e4ngerte Mittelfu\u00dfst\u00fctze. Die einteilige Mittelsohle aus Micro G Schaum verwandelt sanfte Landungen in einen explosiven Start. Das reifen\u00e4hnliche mittel Sohlen Muster bietet ultimative Flexibilit\u00e4t und erstklassige Traktion.<\/span> <br \/> Verpackungsabmessungen \u200f : \u200e  29.72 x 20.57 x 11.18 cm; 283.5 Gramm <br \/> Im Angebot von Amazon.de seit \u200f : \u200e  4. Dezember 2018 <br \/> Hersteller \u200f : \u200e  Under Armour <br \/> ASIN \u200f : \u200e  B07HKKGYNZ <br \/> Modellnummer \u200f : \u200e  3021953 <br \/> Kategorie \u200f : \u200e  Herren <\/p>\n<p>[ad_2]<\/p>\n","protected":false},"excerpt":{"rendered":"<p>Price: [price_with_discount](as of [price_update_date] &#8211; Details) [ad_1] Herren Laufschuhe USA Micro G pursuit: die Under Armour Micro g-d\u00e4mpfung ist unglaublich pr\u00e4zise und reaktionsfreudig. In Kombination mit einem atmungsaktiven, leichten Obermaterial<\/p>\n","protected":false},"featured_media":24747,"comment_status":"open","ping_status":"closed","template":"","meta":[],"product_cat":[234],"product_tag":[235],"class_list":{"0":"post-24746","1":"product","2":"type-product","3":"status-publish","4":"has-post-thumbnail","6":"product_cat-shoes","7":"product_tag-mens-road-running-shoes","9":"first","10":"instock","11":"shipping-taxable","12":"product-type-external"},"aioseo_notices":[],"_links":{"self":[{"href":"https:\/\/topgetestet.de\/index.php?rest_route=\/wp\/v2\/product\/24746","targetHints":{"allow":["GET"]}}],"collection":[{"href":"https:\/\/topgetestet.de\/index.php?rest_route=\/wp\/v2\/product"}],"about":[{"href":"https:\/\/topgetestet.de\/index.php?rest_route=\/wp\/v2\/types\/product"}],"replies":[{"embeddable":true,"href":"https:\/\/topgetestet.de\/index.php?rest_route=%2Fwp%2Fv2%2Fcomments&post=24746"}],"wp:featuredmedia":[{"embeddable":true,"href":"https:\/\/topgetestet.de\/index.php?rest_route=\/wp\/v2\/media\/24747"}],"wp:attachment":[{"href":"https:\/\/topgetestet.de\/index.php?rest_route=%2Fwp%2Fv2%2Fmedia&parent=24746"}],"wp:term":[{"taxonomy":"product_cat","embeddable":true,"href":"https:\/\/topgetestet.de\/index.php?rest_route=%2Fwp%2Fv2%2Fproduct_cat&post=24746"},{"taxonomy":"product_tag","embeddable":true,"href":"https:\/\/topgetestet.de\/index.php?rest_route=%2Fwp%2Fv2%2Fproduct_tag&post=24746"}],"curies":[{"name":"wp","href":"https:\/\/api.w.org\/{rel}","templated":true}]}}