{"id":24595,"date":"2022-09-24T14:57:43","date_gmt":"2022-09-24T14:57:43","guid":{"rendered":"https:\/\/topgetestet.de\/?product=salomon-herren-sonic-4-accelerate-laufen"},"modified":"2022-09-24T14:57:43","modified_gmt":"2022-09-24T14:57:43","slug":"salomon-herren-sonic-4-accelerate-laufen","status":"publish","type":"product","link":"https:\/\/topgetestet.de\/?product=salomon-herren-sonic-4-accelerate-laufen","title":{"rendered":"Salomon Herren Sonic 4 Accelerate Laufen"},"content":{"rendered":"<p>Price: <span style=\"color:#b12704\">[price_with_discount]<\/span><br \/><i><small>(as of [price_update_date] &#8211; <span class=\"wp_automatic_amazon_disclaimer\" title=\"Product prices and availability are accurate as of the date\/time indicated and are subject to change. Any price and availability information displayed on [relevant Amazon Site(s), as applicable] at the time of purchase will apply to the purchase of this product.\">Details<\/span>)<\/small><\/i><\/p>\n<p><a href=\"https:\/\/amazon.de\/dp\/B08LMVRQYR?tag=topgetestet09-21\"><img decoding=\"async\" src=\"https:\/\/i.imgur.com\/ISRHEWs.png\"><\/a><br \/>\n[ad_1]<br \/>\n <span>Das aktualisierte SONIC 4 ACCELERATE wurde entwickelt, um noch schneller zu gehen. Wir haben unsere Optivibe\u2122-D\u00e4mpfung aufrechterhalten, um unangenehme Vibrationen abzumildern, ohne Kompromisse bei der Energier\u00fcckgabe zu machen, damit Sie wirklich reaktionsfreudig sind. Allerdings haben wir die Materialmenge am Vorderfu\u00df, Hals und Zunge reduziert, um Ihnen eine noch engere Passform zu bieten. Dieser Schuh ist bereit f\u00fcr das Tempo. Und du?<\/span> <br \/> Verpackungsabmessungen \u200f : \u200e  32.99 x 21.21 x 12.7 cm; 239 Gramm <br \/> Im Angebot von Amazon.de seit \u200f : \u200e  15. November 2020 <br \/> Hersteller \u200f : \u200e  Salomon <br \/> ASIN \u200f : \u200e  B08C7ZP1HC <br \/> Modellnummer \u200f : \u200e  L41302700 <br \/> Kategorie \u200f : \u200e  Herren <\/p>\n<p>Sohle: Gummi<br \/>Verschluss: Kordelzug<br \/>Absatzform: Plateauabsatz<br \/>Schuhweite: Medium<br \/>Nicht wasserfest<br \/>\n<br \/>[ad_2]<\/p>\n","protected":false},"excerpt":{"rendered":"<p>Price: [price_with_discount](as of [price_update_date] &#8211; Details) [ad_1] Das aktualisierte SONIC 4 ACCELERATE wurde entwickelt, um noch schneller zu gehen. Wir haben unsere Optivibe\u2122-D\u00e4mpfung aufrechterhalten, um unangenehme Vibrationen abzumildern, ohne Kompromisse<\/p>\n","protected":false},"featured_media":24596,"comment_status":"open","ping_status":"closed","template":"","meta":[],"product_cat":[234],"product_tag":[235],"class_list":{"0":"post-24595","1":"product","2":"type-product","3":"status-publish","4":"has-post-thumbnail","6":"product_cat-shoes","7":"product_tag-mens-road-running-shoes","9":"first","10":"instock","11":"shipping-taxable","12":"product-type-external"},"aioseo_notices":[],"_links":{"self":[{"href":"https:\/\/topgetestet.de\/index.php?rest_route=\/wp\/v2\/product\/24595","targetHints":{"allow":["GET"]}}],"collection":[{"href":"https:\/\/topgetestet.de\/index.php?rest_route=\/wp\/v2\/product"}],"about":[{"href":"https:\/\/topgetestet.de\/index.php?rest_route=\/wp\/v2\/types\/product"}],"replies":[{"embeddable":true,"href":"https:\/\/topgetestet.de\/index.php?rest_route=%2Fwp%2Fv2%2Fcomments&post=24595"}],"wp:featuredmedia":[{"embeddable":true,"href":"https:\/\/topgetestet.de\/index.php?rest_route=\/wp\/v2\/media\/24596"}],"wp:attachment":[{"href":"https:\/\/topgetestet.de\/index.php?rest_route=%2Fwp%2Fv2%2Fmedia&parent=24595"}],"wp:term":[{"taxonomy":"product_cat","embeddable":true,"href":"https:\/\/topgetestet.de\/index.php?rest_route=%2Fwp%2Fv2%2Fproduct_cat&post=24595"},{"taxonomy":"product_tag","embeddable":true,"href":"https:\/\/topgetestet.de\/index.php?rest_route=%2Fwp%2Fv2%2Fproduct_tag&post=24595"}],"curies":[{"name":"wp","href":"https:\/\/api.w.org\/{rel}","templated":true}]}}