{"id":24459,"date":"2022-09-24T13:59:49","date_gmt":"2022-09-24T13:59:49","guid":{"rendered":"https:\/\/topgetestet.de\/?product=adidas-herren-m-egame-bos-g-t-t-shirt"},"modified":"2022-09-24T13:59:49","modified_gmt":"2022-09-24T13:59:49","slug":"adidas-herren-m-egame-bos-g-t-t-shirt","status":"publish","type":"product","link":"https:\/\/topgetestet.de\/?product=adidas-herren-m-egame-bos-g-t-t-shirt","title":{"rendered":"adidas Herren M Egame Bos G T T-Shirt"},"content":{"rendered":"<p>Price: <span style=\"color:#b12704\">[price_with_discount]<\/span><br \/><i><small>(as of [price_update_date] &#8211; <span class=\"wp_automatic_amazon_disclaimer\" title=\"Product prices and availability are accurate as of the date\/time indicated and are subject to change. Any price and availability information displayed on [relevant Amazon Site(s), as applicable] at the time of purchase will apply to the purchase of this product.\">Details<\/span>)<\/small><\/i><\/p>\n<p><a href=\"https:\/\/amazon.de\/dp\/B09RPX731Z?tag=topgetestet09-21\"><img decoding=\"async\" src=\"https:\/\/i.imgur.com\/ISRHEWs.png\"><\/a><br \/>\n[ad_1]<br \/>\n <span>Ein l\u00e4ssiges T-Shirt im kompletten adidas Originals Style. Ein Klassiker f\u00fcr jeden Tag. Das verwendete Material sorgt f\u00fcr Weichheit und Komfort.<\/span> <br \/> Verpackungsabmessungen \u200f : \u200e  38.8 x 28.6 x 3.1 cm; 190 Gramm <br \/> Im Angebot von Amazon.de seit \u200f : \u200e  2. Februar 2022 <br \/> Hersteller \u200f : \u200e  Adidas <br \/> ASIN \u200f : \u200e  B09RPW9TRQ <br \/> Modellnummer \u200f : \u200e  HE4819 <br \/> Kategorie \u200f : \u200e  Herren <\/p>\n<p>[ad_2]<\/p>\n","protected":false},"excerpt":{"rendered":"<p>Price: [price_with_discount](as of [price_update_date] &#8211; Details) [ad_1] Ein l\u00e4ssiges T-Shirt im kompletten adidas Originals Style. Ein Klassiker f\u00fcr jeden Tag. Das verwendete Material sorgt f\u00fcr Weichheit und Komfort. Verpackungsabmessungen \u200f<\/p>\n","protected":false},"featured_media":24460,"comment_status":"open","ping_status":"closed","template":"","meta":[],"product_cat":[231],"product_tag":[],"class_list":{"0":"post-24459","1":"product","2":"type-product","3":"status-publish","4":"has-post-thumbnail","6":"product_cat-mens-fashion","8":"first","9":"instock","10":"shipping-taxable","11":"product-type-external"},"aioseo_notices":[],"_links":{"self":[{"href":"https:\/\/topgetestet.de\/index.php?rest_route=\/wp\/v2\/product\/24459","targetHints":{"allow":["GET"]}}],"collection":[{"href":"https:\/\/topgetestet.de\/index.php?rest_route=\/wp\/v2\/product"}],"about":[{"href":"https:\/\/topgetestet.de\/index.php?rest_route=\/wp\/v2\/types\/product"}],"replies":[{"embeddable":true,"href":"https:\/\/topgetestet.de\/index.php?rest_route=%2Fwp%2Fv2%2Fcomments&post=24459"}],"wp:featuredmedia":[{"embeddable":true,"href":"https:\/\/topgetestet.de\/index.php?rest_route=\/wp\/v2\/media\/24460"}],"wp:attachment":[{"href":"https:\/\/topgetestet.de\/index.php?rest_route=%2Fwp%2Fv2%2Fmedia&parent=24459"}],"wp:term":[{"taxonomy":"product_cat","embeddable":true,"href":"https:\/\/topgetestet.de\/index.php?rest_route=%2Fwp%2Fv2%2Fproduct_cat&post=24459"},{"taxonomy":"product_tag","embeddable":true,"href":"https:\/\/topgetestet.de\/index.php?rest_route=%2Fwp%2Fv2%2Fproduct_tag&post=24459"}],"curies":[{"name":"wp","href":"https:\/\/api.w.org\/{rel}","templated":true}]}}