{"id":24227,"date":"2022-09-24T12:19:44","date_gmt":"2022-09-24T12:19:44","guid":{"rendered":"https:\/\/topgetestet.de\/?product=s-oliver-damen-analog-quarz-armbanduhr-3"},"modified":"2022-09-24T12:19:44","modified_gmt":"2022-09-24T12:19:44","slug":"s-oliver-damen-analog-quarz-armbanduhr-3","status":"publish","type":"product","link":"https:\/\/topgetestet.de\/?product=s-oliver-damen-analog-quarz-armbanduhr-3","title":{"rendered":"s.Oliver Damen Analog Quarz Armbanduhr"},"content":{"rendered":"<p>Price: <span style=\"color:#b12704\">[price_with_discount]<\/span><br \/><i><small>(as of [price_update_date] &#8211; <span class=\"wp_automatic_amazon_disclaimer\" title=\"Product prices and availability are accurate as of the date\/time indicated and are subject to change. Any price and availability information displayed on [relevant Amazon Site(s), as applicable] at the time of purchase will apply to the purchase of this product.\">Details<\/span>)<\/small><\/i><\/p>\n<p><a href=\"https:\/\/amazon.de\/dp\/B08JSBYC1L?tag=topgetestet09-21\"><img decoding=\"async\" src=\"https:\/\/i.imgur.com\/ISRHEWs.png\"><\/a><br \/>\n[ad_1]<br \/>\n Um die Gesamtbewertung der Sterne und die prozentuale Aufschl\u00fcsselung nach Sternen zu berechnen, verwenden wir keinen einfachen Durchschnitt. Stattdessen ber\u00fccksichtigt unser System beispielsweise, wie aktuell eine Bewertung ist und ob der Pr\u00fcfer den Artikel bei Amazon gekauft hat. Es wurden auch Bewertungen analysiert, um die Vertrauensw\u00fcrdigkeit zu \u00fcberpr\u00fcfen. <br \/> Batterien \u200f : \u200e  1 Lithium-Ionen Batterien erforderlich. <br \/> Verpackungsabmessungen \u200f : \u200e  20.3 x 10.6 x 7.6 cm; 80 Gramm <br \/> Im Angebot von Amazon.de seit \u200f : \u200e  23. September 2020 <br \/> Hersteller \u200f : \u200e  s.Oliver <br \/> ASIN \u200f : \u200e  B08JSBYC1L <br \/> Modellnummer \u200f : \u200e  SO-4310-MQ <br \/> Herkunftsland \u200f : \u200e  China <br \/> Kategorie \u200f : \u200e  Damen <\/p>\n<p>[ad_2]<\/p>\n","protected":false},"excerpt":{"rendered":"<p>Price: [price_with_discount](as of [price_update_date] &#8211; Details) [ad_1] Um die Gesamtbewertung der Sterne und die prozentuale Aufschl\u00fcsselung nach Sternen zu berechnen, verwenden wir keinen einfachen Durchschnitt. Stattdessen ber\u00fccksichtigt unser System beispielsweise,<\/p>\n","protected":false},"featured_media":24228,"comment_status":"open","ping_status":"closed","template":"","meta":[],"product_cat":[232],"product_tag":[],"class_list":{"0":"post-24227","1":"product","2":"type-product","3":"status-publish","4":"has-post-thumbnail","6":"product_cat-women-fashion","8":"first","9":"instock","10":"shipping-taxable","11":"product-type-external"},"aioseo_notices":[],"_links":{"self":[{"href":"https:\/\/topgetestet.de\/index.php?rest_route=\/wp\/v2\/product\/24227","targetHints":{"allow":["GET"]}}],"collection":[{"href":"https:\/\/topgetestet.de\/index.php?rest_route=\/wp\/v2\/product"}],"about":[{"href":"https:\/\/topgetestet.de\/index.php?rest_route=\/wp\/v2\/types\/product"}],"replies":[{"embeddable":true,"href":"https:\/\/topgetestet.de\/index.php?rest_route=%2Fwp%2Fv2%2Fcomments&post=24227"}],"wp:featuredmedia":[{"embeddable":true,"href":"https:\/\/topgetestet.de\/index.php?rest_route=\/wp\/v2\/media\/24228"}],"wp:attachment":[{"href":"https:\/\/topgetestet.de\/index.php?rest_route=%2Fwp%2Fv2%2Fmedia&parent=24227"}],"wp:term":[{"taxonomy":"product_cat","embeddable":true,"href":"https:\/\/topgetestet.de\/index.php?rest_route=%2Fwp%2Fv2%2Fproduct_cat&post=24227"},{"taxonomy":"product_tag","embeddable":true,"href":"https:\/\/topgetestet.de\/index.php?rest_route=%2Fwp%2Fv2%2Fproduct_tag&post=24227"}],"curies":[{"name":"wp","href":"https:\/\/api.w.org\/{rel}","templated":true}]}}