{"id":24162,"date":"2022-09-24T11:50:59","date_gmt":"2022-09-24T11:50:59","guid":{"rendered":"https:\/\/topgetestet.de\/?product=urban-classics-damen-haremshose-pumphose-weites-beinladies-sarong-pants"},"modified":"2022-09-24T11:50:59","modified_gmt":"2022-09-24T11:50:59","slug":"urban-classics-damen-haremshose-pumphose-weites-beinladies-sarong-pants","status":"publish","type":"product","link":"https:\/\/topgetestet.de\/?product=urban-classics-damen-haremshose-pumphose-weites-beinladies-sarong-pants","title":{"rendered":"Urban Classics Damen Haremshose Pumphose weites Bein|Ladies Sarong Pants"},"content":{"rendered":"<p>Price: <span style=\"color:#b12704\">[price_with_discount]<\/span><br \/><i><small>(as of [price_update_date] &#8211; <span class=\"wp_automatic_amazon_disclaimer\" title=\"Product prices and availability are accurate as of the date\/time indicated and are subject to change. Any price and availability information displayed on [relevant Amazon Site(s), as applicable] at the time of purchase will apply to the purchase of this product.\">Details<\/span>)<\/small><\/i><\/p>\n<p><a href=\"https:\/\/amazon.de\/dp\/B07MFQR3SB?tag=topgetestet09-21\"><img decoding=\"async\" src=\"https:\/\/i.imgur.com\/ISRHEWs.png\"><\/a><br \/>\n[ad_1]<br \/>\n <span>Diese femininen Sarong Pants sind zwar wie gemacht f\u00fcr einen entspannten Tag zuhause, aber viel zu schade, um den Tag nur allein auf der Couch zu verbringen! Ihr extra breiter, gesmokter Bund h\u00e4lt sie bequem auf den H\u00fcften und am Bein. Der gef\u00e4llige Schnitt mit seinen Taschen bietet dir gem\u00fctlichen Tragekomfort. Zeige deine weibliche Seite!<\/span> <br \/> Verpackungsabmessungen \u200f : \u200e  28.6 x 24.4 x 6.1 cm; 210 Gramm <br \/> Im Angebot von Amazon.de seit \u200f : \u200e  8. Januar 2019 <br \/> Hersteller \u200f : \u200e  Urban Classics <br \/> ASIN \u200f : \u200e  B07MQ6176X <br \/> Modellnummer \u200f : \u200e  TB2674 <br \/> Kategorie \u200f : \u200e  Damen <\/p>\n<p>Der Bund ist gesmoked f\u00fcr eine angenehme Passform<br \/>Normaler Bund<br \/>Verschluss: Elastischer Bund<br \/>100% Viskose<br \/>Chino<br \/>Pflegehinweis: Maschinenw\u00e4sche<br \/>\n<br \/>[ad_2]<\/p>\n","protected":false},"excerpt":{"rendered":"<p>Price: [price_with_discount](as of [price_update_date] &#8211; Details) [ad_1] Diese femininen Sarong Pants sind zwar wie gemacht f\u00fcr einen entspannten Tag zuhause, aber viel zu schade, um den Tag nur allein auf<\/p>\n","protected":false},"featured_media":24163,"comment_status":"open","ping_status":"closed","template":"","meta":[],"product_cat":[232],"product_tag":[],"class_list":{"0":"post-24162","1":"product","2":"type-product","3":"status-publish","4":"has-post-thumbnail","6":"product_cat-women-fashion","8":"first","9":"instock","10":"shipping-taxable","11":"product-type-external"},"aioseo_notices":[],"_links":{"self":[{"href":"https:\/\/topgetestet.de\/index.php?rest_route=\/wp\/v2\/product\/24162","targetHints":{"allow":["GET"]}}],"collection":[{"href":"https:\/\/topgetestet.de\/index.php?rest_route=\/wp\/v2\/product"}],"about":[{"href":"https:\/\/topgetestet.de\/index.php?rest_route=\/wp\/v2\/types\/product"}],"replies":[{"embeddable":true,"href":"https:\/\/topgetestet.de\/index.php?rest_route=%2Fwp%2Fv2%2Fcomments&post=24162"}],"wp:featuredmedia":[{"embeddable":true,"href":"https:\/\/topgetestet.de\/index.php?rest_route=\/wp\/v2\/media\/24163"}],"wp:attachment":[{"href":"https:\/\/topgetestet.de\/index.php?rest_route=%2Fwp%2Fv2%2Fmedia&parent=24162"}],"wp:term":[{"taxonomy":"product_cat","embeddable":true,"href":"https:\/\/topgetestet.de\/index.php?rest_route=%2Fwp%2Fv2%2Fproduct_cat&post=24162"},{"taxonomy":"product_tag","embeddable":true,"href":"https:\/\/topgetestet.de\/index.php?rest_route=%2Fwp%2Fv2%2Fproduct_tag&post=24162"}],"curies":[{"name":"wp","href":"https:\/\/api.w.org\/{rel}","templated":true}]}}