{"id":24155,"date":"2022-09-24T11:42:09","date_gmt":"2022-09-24T11:42:09","guid":{"rendered":"https:\/\/topgetestet.de\/?product=saucony-hot-streak-kinvara-12-herren-strasenlaufschuhe-weis-vizired"},"modified":"2022-09-24T11:42:09","modified_gmt":"2022-09-24T11:42:09","slug":"saucony-hot-streak-kinvara-12-herren-strasenlaufschuhe-weis-vizired","status":"publish","type":"product","link":"https:\/\/topgetestet.de\/?product=saucony-hot-streak-kinvara-12-herren-strasenlaufschuhe-weis-vizired","title":{"rendered":"Saucony Hot Streak Kinvara 12 Herren Stra\u00dfenlaufschuhe, Wei\u00df\/ViziRed"},"content":{"rendered":"<p>Price: <span style=\"color:#b12704\">[price_with_discount]<\/span><br \/><i><small>(as of [price_update_date] &#8211; <span class=\"wp_automatic_amazon_disclaimer\" title=\"Product prices and availability are accurate as of the date\/time indicated and are subject to change. Any price and availability information displayed on [relevant Amazon Site(s), as applicable] at the time of purchase will apply to the purchase of this product.\">Details<\/span>)<\/small><\/i><\/p>\n<p><a href=\"https:\/\/amazon.de\/dp\/B09DPKMCKB?tag=topgetestet09-21\"><img decoding=\"async\" src=\"https:\/\/i.imgur.com\/ISRHEWs.png\"><\/a><br \/>\n[ad_1]<br \/>\n <span>Die 12. Version des Saucony Kinvara unterscheidet sich in keiner wesentlichen Weise von der Kinvara-Linie: Es ist immer noch ein \u00e4u\u00dferst zuverl\u00e4ssiger, leichter und reaktionsschneller Schuh, der lange Kilometer aush\u00e4lt.<\/span> <br \/> Verpackungsabmessungen \u200f : \u200e  33.91 x 21.11 x 12.19 cm; 662 Gramm <br \/> Im Angebot von Amazon.de seit \u200f : \u200e  3. Oktober 2021 <br \/> ASIN \u200f : \u200e  B09DPM6SJ9 <br \/> Modellnummer \u200f : \u200e  S20619-116 <br \/> Kategorie \u200f : \u200e  Herren <\/p>\n<p>Verschluss: Schn\u00fcrung<br \/>Absatzform: Flach<br \/>Schuhweite: Medium<br \/>\n<br \/>[ad_2]<\/p>\n","protected":false},"excerpt":{"rendered":"<p>Price: [price_with_discount](as of [price_update_date] &#8211; Details) [ad_1] Die 12. Version des Saucony Kinvara unterscheidet sich in keiner wesentlichen Weise von der Kinvara-Linie: Es ist immer noch ein \u00e4u\u00dferst zuverl\u00e4ssiger, leichter<\/p>\n","protected":false},"featured_media":24156,"comment_status":"open","ping_status":"closed","template":"","meta":[],"product_cat":[234],"product_tag":[235],"class_list":{"0":"post-24155","1":"product","2":"type-product","3":"status-publish","4":"has-post-thumbnail","6":"product_cat-shoes","7":"product_tag-mens-road-running-shoes","9":"first","10":"instock","11":"shipping-taxable","12":"product-type-external"},"aioseo_notices":[],"_links":{"self":[{"href":"https:\/\/topgetestet.de\/index.php?rest_route=\/wp\/v2\/product\/24155","targetHints":{"allow":["GET"]}}],"collection":[{"href":"https:\/\/topgetestet.de\/index.php?rest_route=\/wp\/v2\/product"}],"about":[{"href":"https:\/\/topgetestet.de\/index.php?rest_route=\/wp\/v2\/types\/product"}],"replies":[{"embeddable":true,"href":"https:\/\/topgetestet.de\/index.php?rest_route=%2Fwp%2Fv2%2Fcomments&post=24155"}],"wp:featuredmedia":[{"embeddable":true,"href":"https:\/\/topgetestet.de\/index.php?rest_route=\/wp\/v2\/media\/24156"}],"wp:attachment":[{"href":"https:\/\/topgetestet.de\/index.php?rest_route=%2Fwp%2Fv2%2Fmedia&parent=24155"}],"wp:term":[{"taxonomy":"product_cat","embeddable":true,"href":"https:\/\/topgetestet.de\/index.php?rest_route=%2Fwp%2Fv2%2Fproduct_cat&post=24155"},{"taxonomy":"product_tag","embeddable":true,"href":"https:\/\/topgetestet.de\/index.php?rest_route=%2Fwp%2Fv2%2Fproduct_tag&post=24155"}],"curies":[{"name":"wp","href":"https:\/\/api.w.org\/{rel}","templated":true}]}}