{"id":23796,"date":"2022-09-24T08:36:50","date_gmt":"2022-09-24T08:36:50","guid":{"rendered":"https:\/\/topgetestet.de\/?product=altra-running-w-provision-5-fur-damen"},"modified":"2022-09-24T08:36:50","modified_gmt":"2022-09-24T08:36:50","slug":"altra-running-w-provision-5-fur-damen","status":"publish","type":"product","link":"https:\/\/topgetestet.de\/?product=altra-running-w-provision-5-fur-damen","title":{"rendered":"ALTRA RUNNING &#8211; W Provision 5 f\u00fcr Damen"},"content":{"rendered":"<p>Price: <span style=\"color:#b12704\">[price_with_discount]<\/span><br \/><i><small>(as of [price_update_date] &#8211; <span class=\"wp_automatic_amazon_disclaimer\" title=\"Product prices and availability are accurate as of the date\/time indicated and are subject to change. Any price and availability information displayed on [relevant Amazon Site(s), as applicable] at the time of purchase will apply to the purchase of this product.\">Details<\/span>)<\/small><\/i><\/p>\n<p><a href=\"https:\/\/amazon.de\/dp\/B08TVP2KXG?tag=topgetestet09-21\"><img decoding=\"async\" src=\"https:\/\/i.imgur.com\/ISRHEWs.png\"><\/a><br \/>\n[ad_1]<br \/>\n <span>Der neue Altra Running W Provision 5: Orientierungshilfe, Trainingsschuh mit moderater D\u00e4mpfung. Entwickelt f\u00fcr den L\u00e4ufer, der traditionelle St\u00fctzschuhe getragen hat und auf der Suche nach dem Guidance von Altra ist. Das Hauptziel dieses Updates war es, das Obermaterial zu vereinfachen und zu verfeinern. Wir haben bei diesem Schuh deutlich an Gewicht gespart, w\u00e4hrend wir den gleichen Unterfu\u00dfkomfort und das gleiche Laufgef\u00fchl wie beim Provision 4 beibehalten haben. Die Au\u00dfensohle, die Zwischensohle, die Strobelschicht und das Fu\u00dfbett des Provision 4 wurden beibehalten. Der InnovArch wurde leicht aktualisiert und hat nun ein einfacheres Design mit einer &#8220;Zwei-Finger&#8221;-Konstruktion, im Gegensatz zum &#8220;Drei-Finger&#8221;-Design des Provision 4. Dies bietet die gleiche gro\u00dfartige F\u00fchrung, die den Fu\u00df propriozeptiv einbindet. Diese greift nur dann in den L\u00e4ufer ein, wenn es notwendig ist. Das Obermaterial wurde zu einem einteiligen Mesh-Material weiterentwickelt, das sehr leicht ist, aber dennoch Es ist sehr leicht, bietet aber dennoch Unterst\u00fctzung, besonders auf der medialen Seite des Schuhs. Technische Eigenschaften zum Altra Running W Provision 5 f\u00fcr Damen: Balanced Cushioning Footshape Toe Box Guide Rail Innovarch Gewicht: 235 g Sprengung: 0mm Farbe: GRAY\/CORAL<\/span> <br \/> Verpackungsabmessungen \u200f : \u200e  30.61 x 19.81 x 11.4 cm; 260.82 Gramm <br \/> Im Angebot von Amazon.de seit \u200f : \u200e  6. Mai 2021 <br \/> ASIN \u200f : \u200e  B08TVLT7KG <br \/> Modellnummer \u200f : \u200e  AL0A4VRC <br \/> Kategorie \u200f : \u200e  Damen <\/p>\n<p>Sohle: Gummi<br \/>Verschluss: Schn\u00fcrung<br \/>Absatzform: Flach<br \/>Schuhweite: Schmal<br \/>\n<br \/>[ad_2]<\/p>\n","protected":false},"excerpt":{"rendered":"<p>Price: [price_with_discount](as of [price_update_date] &#8211; Details) [ad_1] Der neue Altra Running W Provision 5: Orientierungshilfe, Trainingsschuh mit moderater D\u00e4mpfung. Entwickelt f\u00fcr den L\u00e4ufer, der traditionelle St\u00fctzschuhe getragen hat und auf<\/p>\n","protected":false},"featured_media":23797,"comment_status":"open","ping_status":"closed","template":"","meta":[],"product_cat":[234],"product_tag":[236],"class_list":{"0":"post-23796","1":"product","2":"type-product","3":"status-publish","4":"has-post-thumbnail","6":"product_cat-shoes","7":"product_tag-womens-road-running-shoes","9":"first","10":"instock","11":"shipping-taxable","12":"product-type-external"},"aioseo_notices":[],"_links":{"self":[{"href":"https:\/\/topgetestet.de\/index.php?rest_route=\/wp\/v2\/product\/23796","targetHints":{"allow":["GET"]}}],"collection":[{"href":"https:\/\/topgetestet.de\/index.php?rest_route=\/wp\/v2\/product"}],"about":[{"href":"https:\/\/topgetestet.de\/index.php?rest_route=\/wp\/v2\/types\/product"}],"replies":[{"embeddable":true,"href":"https:\/\/topgetestet.de\/index.php?rest_route=%2Fwp%2Fv2%2Fcomments&post=23796"}],"wp:featuredmedia":[{"embeddable":true,"href":"https:\/\/topgetestet.de\/index.php?rest_route=\/wp\/v2\/media\/23797"}],"wp:attachment":[{"href":"https:\/\/topgetestet.de\/index.php?rest_route=%2Fwp%2Fv2%2Fmedia&parent=23796"}],"wp:term":[{"taxonomy":"product_cat","embeddable":true,"href":"https:\/\/topgetestet.de\/index.php?rest_route=%2Fwp%2Fv2%2Fproduct_cat&post=23796"},{"taxonomy":"product_tag","embeddable":true,"href":"https:\/\/topgetestet.de\/index.php?rest_route=%2Fwp%2Fv2%2Fproduct_tag&post=23796"}],"curies":[{"name":"wp","href":"https:\/\/api.w.org\/{rel}","templated":true}]}}