{"id":23416,"date":"2022-09-24T05:57:37","date_gmt":"2022-09-24T05:57:37","guid":{"rendered":"https:\/\/topgetestet.de\/?product=gildan-herren-hemd-6"},"modified":"2022-09-24T05:57:37","modified_gmt":"2022-09-24T05:57:37","slug":"gildan-herren-hemd-6","status":"publish","type":"product","link":"https:\/\/topgetestet.de\/?product=gildan-herren-hemd-6","title":{"rendered":"Gildan Herren Hemd"},"content":{"rendered":"<p>Price: <span style=\"color:#b12704\">[price_with_discount]<\/span><br \/><i><small>(as of [price_update_date] &#8211; <span class=\"wp_automatic_amazon_disclaimer\" title=\"Product prices and availability are accurate as of the date\/time indicated and are subject to change. Any price and availability information displayed on [relevant Amazon Site(s), as applicable] at the time of purchase will apply to the purchase of this product.\">Details<\/span>)<\/small><\/i><\/p>\n<p><a href=\"https:\/\/amazon.de\/dp\/B01M117JXO?tag=topgetestet09-21\"><img decoding=\"async\" src=\"https:\/\/i.imgur.com\/ISRHEWs.png\"><\/a><br \/>\n[ad_1]<br \/>\n <span>Gleiche Teile langlebig, bequem und stilvoll, das Gildan Adult Fleece Hooded Sweatshirt geh\u00f6rt in jede Kollektion. Egal, ob Sie mit Freunden abh\u00e4ngen oder zu Hause entspannen, dieses Must-Have liefert alles, was Sie in einem Hoodie w\u00fcnschen, einschlie\u00dflich der perfekten Oberfl\u00e4che f\u00fcr die Herstellung von Dekorationen Pop.<\/span> <br \/> Auslaufartikel (Produktion durch Hersteller eingestellt) \u200f : \u200e  Nein <br \/> Produktabmessungen \u200f : \u200e  61.93 x 41.28 x 45.42 cm; 226.8 Gramm <br \/> Im Angebot von Amazon.de seit \u200f : \u200e  11. M\u00e4rz 2014 <br \/> Hersteller \u200f : \u200e  Gildan Men&#8217;s Activewear <br \/> ASIN \u200f : \u200e  B01M0DR9YD <br \/> Modellnummer \u200f : \u200e  G18500 <br \/> Kategorie \u200f : \u200e  Herren <\/p>\n<p>[ad_2]<\/p>\n","protected":false},"excerpt":{"rendered":"<p>Price: [price_with_discount](as of [price_update_date] &#8211; Details) [ad_1] Gleiche Teile langlebig, bequem und stilvoll, das Gildan Adult Fleece Hooded Sweatshirt geh\u00f6rt in jede Kollektion. Egal, ob Sie mit Freunden abh\u00e4ngen oder<\/p>\n","protected":false},"featured_media":23417,"comment_status":"open","ping_status":"closed","template":"","meta":[],"product_cat":[231],"product_tag":[],"class_list":{"0":"post-23416","1":"product","2":"type-product","3":"status-publish","4":"has-post-thumbnail","6":"product_cat-mens-fashion","8":"first","9":"instock","10":"shipping-taxable","11":"product-type-external"},"aioseo_notices":[],"_links":{"self":[{"href":"https:\/\/topgetestet.de\/index.php?rest_route=\/wp\/v2\/product\/23416","targetHints":{"allow":["GET"]}}],"collection":[{"href":"https:\/\/topgetestet.de\/index.php?rest_route=\/wp\/v2\/product"}],"about":[{"href":"https:\/\/topgetestet.de\/index.php?rest_route=\/wp\/v2\/types\/product"}],"replies":[{"embeddable":true,"href":"https:\/\/topgetestet.de\/index.php?rest_route=%2Fwp%2Fv2%2Fcomments&post=23416"}],"wp:featuredmedia":[{"embeddable":true,"href":"https:\/\/topgetestet.de\/index.php?rest_route=\/wp\/v2\/media\/23417"}],"wp:attachment":[{"href":"https:\/\/topgetestet.de\/index.php?rest_route=%2Fwp%2Fv2%2Fmedia&parent=23416"}],"wp:term":[{"taxonomy":"product_cat","embeddable":true,"href":"https:\/\/topgetestet.de\/index.php?rest_route=%2Fwp%2Fv2%2Fproduct_cat&post=23416"},{"taxonomy":"product_tag","embeddable":true,"href":"https:\/\/topgetestet.de\/index.php?rest_route=%2Fwp%2Fv2%2Fproduct_tag&post=23416"}],"curies":[{"name":"wp","href":"https:\/\/api.w.org\/{rel}","templated":true}]}}