{"id":23256,"date":"2022-09-24T04:50:26","date_gmt":"2022-09-24T04:50:26","guid":{"rendered":"https:\/\/topgetestet.de\/?product=orchard-toys-regenbogen-einhorner-spiel"},"modified":"2022-09-24T04:50:26","modified_gmt":"2022-09-24T04:50:26","slug":"orchard-toys-regenbogen-einhorner-spiel","status":"publish","type":"product","link":"https:\/\/topgetestet.de\/?product=orchard-toys-regenbogen-einhorner-spiel","title":{"rendered":"Orchard Toys Regenbogen-Einh\u00f6rner-Spiel"},"content":{"rendered":"<p>Price: <span style=\"color:#b12704\">[price_with_discount]<\/span><br \/><i><small>(as of [price_update_date] &#8211; <span class=\"wp_automatic_amazon_disclaimer\" title=\"Product prices and availability are accurate as of the date\/time indicated and are subject to change. Any price and availability information displayed on [relevant Amazon Site(s), as applicable] at the time of purchase will apply to the purchase of this product.\">Details<\/span>)<\/small><\/i><\/p>\n<p><a href=\"https:\/\/amazon.de\/dp\/B07WT5YC3V?tag=topgetestet09-21\"><img decoding=\"async\" src=\"https:\/\/i.imgur.com\/ISRHEWs.png\"><\/a><br \/>\n[ad_1]<\/p>\n<p>       Produktbeschreibung des Herstellers <\/p>\n<p>              <img decoding=\"async\" alt=\"Regenbogen-Einh\u00f6rner\" src=\"https:\/\/images-na.ssl-images-amazon.com\/images\/G\/01\/x-locale\/common\/grey-pixel.gif\" class=\"a-lazy-loaded\" data-src=\"https:\/\/m.media-amazon.com\/images\/S\/aplus-media\/vc\/7981dc0f-fa1d-4fee-8343-532d34e85777.__CR0,0,300,300_PT0_SX300_V1___.jpg\"><\/p>\n<p>               <img decoding=\"async\" alt=\"Regenbogen-Einh\u00f6rner\" src=\"https:\/\/m.media-amazon.com\/images\/S\/aplus-media\/vc\/7981dc0f-fa1d-4fee-8343-532d34e85777.__CR0,0,300,300_PT0_SX300_V1___.jpg\"><\/p>\n<h3 class=\"a-spacing-mini\"> Regenbogen-Einh\u00f6rner <\/h3>\n<p> Ein magisches Matching-Spiel! \u00dcben Sie Farberkennung und Anpassung und Ged\u00e4chtnis-F\u00e4higkeiten mit diesem mystischen Twist an Kopf und Schwanz. Die freundlichen Einhorn-Figuren, das helle Spielbrett und das einfache Spielspiel werden Kinder nach dem Spielen unterhalten. <\/p>\n<h3 class=\"a-spacing-small\"> Hauptmerkmale: <\/h3>\n<p> <img decoding=\"async\" alt=\"Einhorn-Figuren.\" src=\"https:\/\/images-na.ssl-images-amazon.com\/images\/G\/01\/x-locale\/common\/grey-pixel.gif\" class=\"a-spacing-mini a-lazy-loaded\" data-src=\"https:\/\/m.media-amazon.com\/images\/S\/aplus-media\/vc\/e6d52ede-52b2-427f-bce0-91ef62be2618.__CR0,0,300,300_PT0_SX300_V1___.jpg\">\n                   <\/p>\n<p>                    <img decoding=\"async\" alt=\"Einhorn-Figuren.\" src=\"https:\/\/m.media-amazon.com\/images\/S\/aplus-media\/vc\/e6d52ede-52b2-427f-bce0-91ef62be2618.__CR0,0,300,300_PT0_SX300_V1___.jpg\"><\/p>\n<p> <img decoding=\"async\" alt=\"Rainbow Spielbrett\" src=\"https:\/\/images-na.ssl-images-amazon.com\/images\/G\/01\/x-locale\/common\/grey-pixel.gif\" class=\"a-spacing-mini a-lazy-loaded\" data-src=\"https:\/\/m.media-amazon.com\/images\/S\/aplus-media\/vc\/797d4872-837e-4a5b-8be3-7b424863d748.__CR0,0,300,300_PT0_SX300_V1___.jpg\">\n                   <\/p>\n<p>                    <img decoding=\"async\" alt=\"Rainbow Spielbrett\" src=\"https:\/\/m.media-amazon.com\/images\/S\/aplus-media\/vc\/797d4872-837e-4a5b-8be3-7b424863d748.__CR0,0,300,300_PT0_SX300_V1___.jpg\"><\/p>\n<p> <img decoding=\"async\" alt=\"2 M\u00f6glichkeiten zu spielen.\" src=\"https:\/\/images-na.ssl-images-amazon.com\/images\/G\/01\/x-locale\/common\/grey-pixel.gif\" class=\"a-spacing-mini a-lazy-loaded\" data-src=\"https:\/\/m.media-amazon.com\/images\/S\/aplus-media\/vc\/269d668c-1bdb-414b-82a9-855a741e16a2.__CR0,0,300,300_PT0_SX300_V1___.jpg\">\n                   <\/p>\n<p>                    <img decoding=\"async\" alt=\"2 M\u00f6glichkeiten zu spielen.\" src=\"https:\/\/m.media-amazon.com\/images\/S\/aplus-media\/vc\/269d668c-1bdb-414b-82a9-855a741e16a2.__CR0,0,300,300_PT0_SX300_V1___.jpg\"><\/p>\n<p>                   Freundliche Einhorn-Figuren.  <\/p>\n<p> Das Einhorn-Thema ist so beliebt wie je und diese wundersch\u00f6n illustrierten freundlichen Einhorn-Figuren werden die Herzen und Phantasie von Kindern einfangen. <\/p>\n<p>                   Rainbow Spielbrett  <\/p>\n<p> Somewhere over the rainbow&#8230; is a magical pot of gold! F\u00fcr jeden Einhorn-Spieler k\u00f6nnen sie am Ende des Regenbogens einen Schritt n\u00e4her an den Goldtopf schieben. <\/p>\n<p>                   Zwei M\u00f6glichkeiten zu spielen.  <\/p>\n<p> Regenbogen-Einh\u00f6rner k\u00f6nnen als einfache Matching-Aktivit\u00e4t verwendet werden, bevor sie zu einem lustigen, einfachen und fesselnden Brettspiel kommen. <\/p>\n<h3 class=\"a-spacing-small\"> P\u00e4dagogische Vorteile: <\/h3>\n<p> <img decoding=\"async\" alt=\"F\u00f6rdert die Farberkennung.\" src=\"https:\/\/images-na.ssl-images-amazon.com\/images\/G\/01\/x-locale\/common\/grey-pixel.gif\" class=\"a-spacing-mini a-lazy-loaded\" data-src=\"https:\/\/m.media-amazon.com\/images\/S\/aplus-media\/vc\/fdd44378-8ac8-4a5e-ad46-06b0ee21b4cc.__CR0,0,300,300_PT0_SX300_V1___.jpg\">\n                   <\/p>\n<p>                    <img decoding=\"async\" alt=\"F\u00f6rdert die Farberkennung.\" src=\"https:\/\/m.media-amazon.com\/images\/S\/aplus-media\/vc\/fdd44378-8ac8-4a5e-ad46-06b0ee21b4cc.__CR0,0,300,300_PT0_SX300_V1___.jpg\"><\/p>\n<p> <img decoding=\"async\" alt=\"Entwickelt Abstimmung und Ged\u00e4chtnis.\" src=\"https:\/\/images-na.ssl-images-amazon.com\/images\/G\/01\/x-locale\/common\/grey-pixel.gif\" class=\"a-spacing-mini a-lazy-loaded\" data-src=\"https:\/\/m.media-amazon.com\/images\/S\/aplus-media\/vc\/6428f9ed-b681-4786-9afd-1d9c550bc1b6.__CR0,0,300,300_PT0_SX300_V1___.jpg\">\n                   <\/p>\n<p>                    <img decoding=\"async\" alt=\"Entwickelt Abstimmung und Ged\u00e4chtnis.\" src=\"https:\/\/m.media-amazon.com\/images\/S\/aplus-media\/vc\/6428f9ed-b681-4786-9afd-1d9c550bc1b6.__CR0,0,300,300_PT0_SX300_V1___.jpg\"><\/p>\n<p> <img decoding=\"async\" alt=\"Entwickelt pers\u00f6nliche und soziale F\u00e4higkeiten.\" src=\"https:\/\/images-na.ssl-images-amazon.com\/images\/G\/01\/x-locale\/common\/grey-pixel.gif\" class=\"a-spacing-mini a-lazy-loaded\" data-src=\"https:\/\/m.media-amazon.com\/images\/S\/aplus-media\/vc\/2af994e8-415c-4852-a0ef-87b677dba462.__CR0,0,300,300_PT0_SX300_V1___.jpg\">\n                   <\/p>\n<p>                    <img decoding=\"async\" alt=\"Entwickelt pers\u00f6nliche und soziale F\u00e4higkeiten.\" src=\"https:\/\/m.media-amazon.com\/images\/S\/aplus-media\/vc\/2af994e8-415c-4852-a0ef-87b677dba462.__CR0,0,300,300_PT0_SX300_V1___.jpg\"><\/p>\n<p>                   Entwickelt Farberkennungsf\u00e4higkeiten.  <\/p>\n<p> Da Kinder die bunten Einhornk\u00f6pfe mit Schw\u00e4nzen kombinieren, entwickeln sie ihre Farberkennungsf\u00e4higkeiten. Kinder k\u00f6nnen dazu aufgefordert werden, die Farbe laut zu sagen, wie sie zu einem Paar passen. <\/p>\n<p>                   Entwickelt Matching- und Ged\u00e4chtnisf\u00e4higkeiten.  <\/p>\n<p> Spieler werden nicht nur passende F\u00e4higkeiten entwickeln, wenn sie versuchen, Einh\u00f6rner zu vervollst\u00e4ndigen, sie m\u00fcssen auch ihre Ged\u00e4chtnisf\u00e4higkeiten nutzen, um sich daran zu erinnern, wo Karten zur\u00fcckgegeben wurden. <\/p>\n<p>                   Entwickelt pers\u00f6nliche und soziale F\u00e4higkeiten.  <\/p>\n<p> W\u00e4hrend sie spielen, entwickeln Kinder abwechselnd F\u00e4higkeiten zu treffen, Entscheidungen zu treffen und mit anderen zu interagieren &#8211; um nur einige zu nennen. <\/p>\n<p>              <img decoding=\"async\" alt=\"Orchard Toys Logo\" src=\"https:\/\/images-na.ssl-images-amazon.com\/images\/G\/01\/x-locale\/common\/grey-pixel.gif\" class=\"a-spacing-mini a-lazy-loaded\" data-src=\"https:\/\/m.media-amazon.com\/images\/S\/aplus-media\/vc\/6bdc40fd-bb82-4d35-9d5b-b7ba8614ecd3.__CR0,0,300,300_PT0_SX300_V1___.jpg\"><\/p>\n<p>               <img decoding=\"async\" alt=\"Orchard Toys Logo\" src=\"https:\/\/m.media-amazon.com\/images\/S\/aplus-media\/vc\/6bdc40fd-bb82-4d35-9d5b-b7ba8614ecd3.__CR0,0,300,300_PT0_SX300_V1___.jpg\"><\/p>\n<h3 class=\"a-spacing-mini\"> \u00dcber Orchard Toys <\/h3>\n<p> Orchard Toys stellt seit fast 50 Jahren Lernspiele und Puzzles in Gro\u00dfbritannien her. Der Schwerpunkt liegt auf &#8220;Lernen macht Spa\u00df&#8221;, was bedeutet, dass Eltern von unseren vertrauensw\u00fcrdigen p\u00e4dagogischen Werten profitieren k\u00f6nnen, w\u00e4hrend Kinder so viel Spa\u00df haben werden, dass sie immer wieder spielen wollen. <\/p>\n<p> Wir produzieren hochwertige Produkte mit minimaler Auswirkung auf unsere Umwelt. Alle unsere Spiele und Puzzles sind aus recyceltem Karton und Papier aus nachhaltigen Quellen hergestellt. Robuste, abwischbare Spiel- und Puzzlebretter bedeuten, dass unsere Produkte den Test der Zeit gegen Abnutzung und unordentliche H\u00e4nde \u00fcberstehen werden, um sicherzustellen, dass sie \u00fcber Generationen weitergegeben werden k\u00f6nnen. <\/p>\n<p>[ad_2]<\/p>\n","protected":false},"excerpt":{"rendered":"<p>Price: [price_with_discount](as of [price_update_date] &#8211; Details) [ad_1] Produktbeschreibung des Herstellers Regenbogen-Einh\u00f6rner Ein magisches Matching-Spiel! \u00dcben Sie Farberkennung und Anpassung und Ged\u00e4chtnis-F\u00e4higkeiten mit diesem mystischen Twist an Kopf und Schwanz. Die<\/p>\n","protected":false},"featured_media":23257,"comment_status":"open","ping_status":"closed","template":"","meta":[],"product_cat":[227],"product_tag":[270],"class_list":{"0":"post-23256","1":"product","2":"type-product","3":"status-publish","4":"has-post-thumbnail","6":"product_cat-gaming","7":"product_tag-toys-games","9":"first","10":"instock","11":"shipping-taxable","12":"product-type-external"},"aioseo_notices":[],"_links":{"self":[{"href":"https:\/\/topgetestet.de\/index.php?rest_route=\/wp\/v2\/product\/23256","targetHints":{"allow":["GET"]}}],"collection":[{"href":"https:\/\/topgetestet.de\/index.php?rest_route=\/wp\/v2\/product"}],"about":[{"href":"https:\/\/topgetestet.de\/index.php?rest_route=\/wp\/v2\/types\/product"}],"replies":[{"embeddable":true,"href":"https:\/\/topgetestet.de\/index.php?rest_route=%2Fwp%2Fv2%2Fcomments&post=23256"}],"wp:featuredmedia":[{"embeddable":true,"href":"https:\/\/topgetestet.de\/index.php?rest_route=\/wp\/v2\/media\/23257"}],"wp:attachment":[{"href":"https:\/\/topgetestet.de\/index.php?rest_route=%2Fwp%2Fv2%2Fmedia&parent=23256"}],"wp:term":[{"taxonomy":"product_cat","embeddable":true,"href":"https:\/\/topgetestet.de\/index.php?rest_route=%2Fwp%2Fv2%2Fproduct_cat&post=23256"},{"taxonomy":"product_tag","embeddable":true,"href":"https:\/\/topgetestet.de\/index.php?rest_route=%2Fwp%2Fv2%2Fproduct_tag&post=23256"}],"curies":[{"name":"wp","href":"https:\/\/api.w.org\/{rel}","templated":true}]}}