{"id":23086,"date":"2022-09-24T03:39:56","date_gmt":"2022-09-24T03:39:56","guid":{"rendered":"https:\/\/topgetestet.de\/?product=vaude-damen-womens-am-moab-gravity-radschuh"},"modified":"2022-09-24T03:39:56","modified_gmt":"2022-09-24T03:39:56","slug":"vaude-damen-womens-am-moab-gravity-radschuh","status":"publish","type":"product","link":"https:\/\/topgetestet.de\/?product=vaude-damen-womens-am-moab-gravity-radschuh","title":{"rendered":"VAUDE Damen Women&#8217;s Am Moab Gravity Radschuh"},"content":{"rendered":"<p>Price: <span style=\"color:#b12704\">[price_with_discount]<\/span><br \/><i><small>(as of [price_update_date] &#8211; <span class=\"wp_automatic_amazon_disclaimer\" title=\"Product prices and availability are accurate as of the date\/time indicated and are subject to change. Any price and availability information displayed on [relevant Amazon Site(s), as applicable] at the time of purchase will apply to the purchase of this product.\">Details<\/span>)<\/small><\/i><\/p>\n<p><a href=\"https:\/\/amazon.de\/dp\/B094NCP61F?tag=topgetestet09-21\"><img decoding=\"async\" src=\"https:\/\/i.imgur.com\/ISRHEWs.png\"><\/a><br \/>\n[ad_1]<br \/>\n <span>Stylisher Flatpedal Radschuh f\u00fcr optimalen Halt. Neu entwickelte Flatpedal-Sohle mit gutem Gehkomfort. V-Flow Stabilit\u00e4tsindex 3, flexibel, Oberschuh: , hydrophobes Velours Leder, hydrophobes Cordura Mesh, Innensohle: , herausnehmbare, anatomisch geformte Einlegesohle, Au\u00dfensohle: , SUPtraction Flat Gummimischung, d\u00e4mpfendes Fersenelement, Ausstattung: , VAUDE AM Dirt Sohle, Profil und Sohlenaufbau sind f\u00fcr den Dirtbereich angepasst<\/span> <br \/> Verpackungsabmessungen \u200f : \u200e  30 x 21 x 11.2 cm; 960 Gramm <br \/> Im Angebot von Amazon.de seit \u200f : \u200e  11. Mai 2021 <br \/> Hersteller \u200f : \u200e  Vaude <br \/> ASIN \u200f : \u200e  B094NCTD8D <br \/> Modellnummer \u200f : \u200e  20538 <br \/> Kategorie \u200f : \u200e  Damen <\/p>\n<p>Innenmaterial: Synthetik<br \/>Sohle: Gummi<br \/>Verschluss: Schn\u00fcrung<br \/>Absatzform: Flach<br \/>Schuhweite: medium<br \/>Wasserdicht<br \/>\n<br \/>[ad_2]<\/p>\n","protected":false},"excerpt":{"rendered":"<p>Price: [price_with_discount](as of [price_update_date] &#8211; Details) [ad_1] Stylisher Flatpedal Radschuh f\u00fcr optimalen Halt. Neu entwickelte Flatpedal-Sohle mit gutem Gehkomfort. V-Flow Stabilit\u00e4tsindex 3, flexibel, Oberschuh: , hydrophobes Velours Leder, hydrophobes Cordura<\/p>\n","protected":false},"featured_media":23087,"comment_status":"open","ping_status":"closed","template":"","meta":[],"product_cat":[232],"product_tag":[],"class_list":{"0":"post-23086","1":"product","2":"type-product","3":"status-publish","4":"has-post-thumbnail","6":"product_cat-women-fashion","8":"first","9":"instock","10":"shipping-taxable","11":"product-type-external"},"aioseo_notices":[],"_links":{"self":[{"href":"https:\/\/topgetestet.de\/index.php?rest_route=\/wp\/v2\/product\/23086","targetHints":{"allow":["GET"]}}],"collection":[{"href":"https:\/\/topgetestet.de\/index.php?rest_route=\/wp\/v2\/product"}],"about":[{"href":"https:\/\/topgetestet.de\/index.php?rest_route=\/wp\/v2\/types\/product"}],"replies":[{"embeddable":true,"href":"https:\/\/topgetestet.de\/index.php?rest_route=%2Fwp%2Fv2%2Fcomments&post=23086"}],"wp:featuredmedia":[{"embeddable":true,"href":"https:\/\/topgetestet.de\/index.php?rest_route=\/wp\/v2\/media\/23087"}],"wp:attachment":[{"href":"https:\/\/topgetestet.de\/index.php?rest_route=%2Fwp%2Fv2%2Fmedia&parent=23086"}],"wp:term":[{"taxonomy":"product_cat","embeddable":true,"href":"https:\/\/topgetestet.de\/index.php?rest_route=%2Fwp%2Fv2%2Fproduct_cat&post=23086"},{"taxonomy":"product_tag","embeddable":true,"href":"https:\/\/topgetestet.de\/index.php?rest_route=%2Fwp%2Fv2%2Fproduct_tag&post=23086"}],"curies":[{"name":"wp","href":"https:\/\/api.w.org\/{rel}","templated":true}]}}