{"id":23013,"date":"2022-09-24T03:14:32","date_gmt":"2022-09-24T03:14:32","guid":{"rendered":"https:\/\/topgetestet.de\/?product=red-dead-redemption-2-ps4"},"modified":"2022-09-24T03:14:32","modified_gmt":"2022-09-24T03:14:32","slug":"red-dead-redemption-2-ps4","status":"publish","type":"product","link":"https:\/\/topgetestet.de\/?product=red-dead-redemption-2-ps4","title":{"rendered":"Red Dead Redemption 2 (PS4)"},"content":{"rendered":"<p>Price: <span style=\"color:#b12704\">[price_with_discount]<\/span><br \/><i><small>(as of [price_update_date] &#8211; <span class=\"wp_automatic_amazon_disclaimer\" title=\"Product prices and availability are accurate as of the date\/time indicated and are subject to change. Any price and availability information displayed on [relevant Amazon Site(s), as applicable] at the time of purchase will apply to the purchase of this product.\">Details<\/span>)<\/small><\/i><\/p>\n<p><a href=\"https:\/\/amazon.de\/dp\/B01M65RD19?tag=topgetestet09-21\"><img decoding=\"async\" src=\"https:\/\/i.imgur.com\/ISRHEWs.png\"><\/a><br \/>\n[ad_1]<br \/>\n <span>&#8220;Das gr\u00f6\u00dfte Spiel der Generation&#8221; &#8211; Edge \u00b6 &#8220;Ein Wahrzeichen-Spiel&#8221; &#8211; The Guardian ***** \u00b6 &#8220;Atemberaubend&#8221; &#8211; The Independent \u00b6 &#8220;Im Gegensatz zu allem, was wir zuvor gesehen haben&#8221;, &#8220;eine seismische Leistung&#8221; &#8211; The Telegraph ***** \u00b6 &#8220;V\u00f6llig erstaunlich&#8221;, &#8220;Ein Meisterwerk&#8221; &#8211; The Sun ***** \u00b6 Amerika, 1899. Das Ende der Wild-West-\u00c4ra hat begonnen, als Anw\u00e4lte die letzten verbliebenen Banden der Gesetzlosen jagen. Diejenigen, die sich nicht ergeben oder erliegen, werden get\u00f6tet. \u00b6 Nachdem ein Raub\u00fcberfall in der westlichen Stadt Blackwater schlimm schief gelaufen ist, m\u00fcssen Arthur Morgan und die Van der Linde-Bande fliehen. Mit Bundesagenten und den besten Kopfgeldj\u00e4gern der Nation auf den Fersen muss die Bande rauben, stehlen und sich ihren Weg durch das raue Kernland Amerikas k\u00e4mpfen, um zu \u00fcberleben. Da eine Vertiefung der internen Spaltungen die Bande auseinander zu rei\u00dfen droht, muss Arthur eine Wahl zwischen seinen eigenen Idealen und seiner Loyalit\u00e4t gegen\u00fcber der Bande treffen, die ihn gro\u00dfgezogen hat. \u00b6 Von den Machern von Grand Theft Auto V und Red Dead Redemption ist Red Dead Redemption 2 eine epische Geschichte des Lebens in Amerika zu Beginn der Moderne. \u00b6 Auch mit Red Dead Online \u00b6 Mit dem Gameplay von Red Dead Redemption 2 als Grundlage verwandelt Red Dead Online die weiten und detaillierten Landschaften, St\u00e4dte und Lebensr\u00e4ume von Red Dead Redemption 2 in eine neue, lebendige Online-Welt, die von mehreren Spielern geteilt werden kann. Erstelle und passe deinen Charakter an, passe deine F\u00e4higkeiten an deinen Spielstil an und betrete eine neue Grenze voller Erlebnisse. &#8220;<\/span> <br \/> Auslaufartikel (Produktion durch Hersteller eingestellt) \u200f : \u200e  Nein <br \/> Alterseinstufung \u200f : \u200e  USK ab 12 freigegeben <br \/> Sprache \u200f : \u200e  Englisch <br \/> Handbuch \u200f : \u200e  Englisch <br \/> Produktabmessungen \u200f : \u200e  1.6 x 12.6 x 13.8 cm; 100 Gramm <br \/> Erscheinungstermin \u200f : \u200e  10. Januar 2018 <br \/> Untertitel: \u200f : \u200e  Englisch <br \/> ASIN \u200f : \u200e  B01M65RD19 <br \/> Modellnummer \u200f : \u200e  PS423045 <\/p>\n<p>Spielen Sie als arthur Morgan, f\u00fchrender vollstrecker in der ber\u00fcchtigten Van der linde-bande<br \/>interagieren mit jedem Charakter auf der Welt mit mehr als nur deiner Waffe<br \/>\n<br \/>[ad_2]<\/p>\n","protected":false},"excerpt":{"rendered":"<p>Price: [price_with_discount](as of [price_update_date] &#8211; Details) [ad_1] &#8220;Das gr\u00f6\u00dfte Spiel der Generation&#8221; &#8211; Edge \u00b6 &#8220;Ein Wahrzeichen-Spiel&#8221; &#8211; The Guardian ***** \u00b6 &#8220;Atemberaubend&#8221; &#8211; The Independent \u00b6 &#8220;Im Gegensatz zu<\/p>\n","protected":false},"featured_media":23014,"comment_status":"open","ping_status":"closed","template":"","meta":[],"product_cat":[227],"product_tag":[261],"class_list":{"0":"post-23013","1":"product","2":"type-product","3":"status-publish","4":"has-post-thumbnail","6":"product_cat-gaming","7":"product_tag-playstation-legacy-games","9":"first","10":"instock","11":"sale","12":"shipping-taxable","13":"product-type-external"},"aioseo_notices":[],"_links":{"self":[{"href":"https:\/\/topgetestet.de\/index.php?rest_route=\/wp\/v2\/product\/23013","targetHints":{"allow":["GET"]}}],"collection":[{"href":"https:\/\/topgetestet.de\/index.php?rest_route=\/wp\/v2\/product"}],"about":[{"href":"https:\/\/topgetestet.de\/index.php?rest_route=\/wp\/v2\/types\/product"}],"replies":[{"embeddable":true,"href":"https:\/\/topgetestet.de\/index.php?rest_route=%2Fwp%2Fv2%2Fcomments&post=23013"}],"wp:featuredmedia":[{"embeddable":true,"href":"https:\/\/topgetestet.de\/index.php?rest_route=\/wp\/v2\/media\/23014"}],"wp:attachment":[{"href":"https:\/\/topgetestet.de\/index.php?rest_route=%2Fwp%2Fv2%2Fmedia&parent=23013"}],"wp:term":[{"taxonomy":"product_cat","embeddable":true,"href":"https:\/\/topgetestet.de\/index.php?rest_route=%2Fwp%2Fv2%2Fproduct_cat&post=23013"},{"taxonomy":"product_tag","embeddable":true,"href":"https:\/\/topgetestet.de\/index.php?rest_route=%2Fwp%2Fv2%2Fproduct_tag&post=23013"}],"curies":[{"name":"wp","href":"https:\/\/api.w.org\/{rel}","templated":true}]}}