{"id":22773,"date":"2022-09-24T01:08:13","date_gmt":"2022-09-24T01:08:13","guid":{"rendered":"https:\/\/topgetestet.de\/?product=honbay-handtaschengriffe-aus-bambus-rund-2-stuck"},"modified":"2022-09-24T01:08:13","modified_gmt":"2022-09-24T01:08:13","slug":"honbay-handtaschengriffe-aus-bambus-rund-2-stuck","status":"publish","type":"product","link":"https:\/\/topgetestet.de\/?product=honbay-handtaschengriffe-aus-bambus-rund-2-stuck","title":{"rendered":"Honbay Handtaschengriffe aus Bambus, rund, 2 St\u00fcck"},"content":{"rendered":"<p>Price: <span style=\"color:#b12704\">[price_with_discount]<\/span><br \/><i><small>(as of [price_update_date] &#8211; <span class=\"wp_automatic_amazon_disclaimer\" title=\"Product prices and availability are accurate as of the date\/time indicated and are subject to change. Any price and availability information displayed on [relevant Amazon Site(s), as applicable] at the time of purchase will apply to the purchase of this product.\">Details<\/span>)<\/small><\/i><\/p>\n<p><a href=\"https:\/\/amazon.de\/dp\/B082TY4T15?tag=topgetestet09-21\"><img decoding=\"async\" src=\"https:\/\/i.imgur.com\/ISRHEWs.png\"><\/a><br \/>\n[ad_1]<br \/>\n <span>Material: Bambus <br \/>Farbe: wie abgebildet. <br \/>H\u00f6he: ca. 1 cm. <\/p>\n<p>Glatte Oberfl\u00e4che <\/p>\n<p>Nat\u00fcrliche Farbe. <\/p>\n<p>Gute Qualit\u00e4t <\/p>\n<p><\/span> <br \/>Material: Bambus<br \/>Innendurchmesser: 15 cm.<br \/>Der Griff besteht aus nat\u00fcrlichem Bambus, und es wird nicht genau gleich sein.<br \/>International products have separate terms, are sold from abroad and may differ from local products, including fit, age ratings, and language of product, labeling or instructions.<br \/>\n<br \/>[ad_2]<\/p>\n","protected":false},"excerpt":{"rendered":"<p>Price: [price_with_discount](as of [price_update_date] &#8211; Details) [ad_1] Material: Bambus Farbe: wie abgebildet. H\u00f6he: ca. 1 cm. Glatte Oberfl\u00e4che Nat\u00fcrliche Farbe. Gute Qualit\u00e4t Material: BambusInnendurchmesser: 15 cm.Der Griff besteht aus nat\u00fcrlichem<\/p>\n","protected":false},"featured_media":22774,"comment_status":"open","ping_status":"closed","template":"","meta":[],"product_cat":[230],"product_tag":[260],"class_list":{"0":"post-22773","1":"product","2":"type-product","3":"status-publish","4":"has-post-thumbnail","6":"product_cat-fashion","7":"product_tag-clothing-shoes-jewelry","9":"first","10":"instock","11":"shipping-taxable","12":"product-type-external"},"aioseo_notices":[],"_links":{"self":[{"href":"https:\/\/topgetestet.de\/index.php?rest_route=\/wp\/v2\/product\/22773","targetHints":{"allow":["GET"]}}],"collection":[{"href":"https:\/\/topgetestet.de\/index.php?rest_route=\/wp\/v2\/product"}],"about":[{"href":"https:\/\/topgetestet.de\/index.php?rest_route=\/wp\/v2\/types\/product"}],"replies":[{"embeddable":true,"href":"https:\/\/topgetestet.de\/index.php?rest_route=%2Fwp%2Fv2%2Fcomments&post=22773"}],"wp:featuredmedia":[{"embeddable":true,"href":"https:\/\/topgetestet.de\/index.php?rest_route=\/wp\/v2\/media\/22774"}],"wp:attachment":[{"href":"https:\/\/topgetestet.de\/index.php?rest_route=%2Fwp%2Fv2%2Fmedia&parent=22773"}],"wp:term":[{"taxonomy":"product_cat","embeddable":true,"href":"https:\/\/topgetestet.de\/index.php?rest_route=%2Fwp%2Fv2%2Fproduct_cat&post=22773"},{"taxonomy":"product_tag","embeddable":true,"href":"https:\/\/topgetestet.de\/index.php?rest_route=%2Fwp%2Fv2%2Fproduct_tag&post=22773"}],"curies":[{"name":"wp","href":"https:\/\/api.w.org\/{rel}","templated":true}]}}