{"id":22755,"date":"2022-09-24T01:01:05","date_gmt":"2022-09-24T01:01:05","guid":{"rendered":"https:\/\/topgetestet.de\/?product=bullworker-bow-basic-711-cm-isometrisches-krafttrainingsgerat-fur-ganzkorper-fitness"},"modified":"2022-09-24T01:01:05","modified_gmt":"2022-09-24T01:01:05","slug":"bullworker-bow-basic-711-cm-isometrisches-krafttrainingsgerat-fur-ganzkorper-fitness","status":"publish","type":"product","link":"https:\/\/topgetestet.de\/?product=bullworker-bow-basic-711-cm-isometrisches-krafttrainingsgerat-fur-ganzkorper-fitness","title":{"rendered":"Bullworker Bow Basic: 71,1 cm Isometrisches Krafttrainingsger\u00e4t f\u00fcr Ganzk\u00f6rper-Fitness"},"content":{"rendered":"<p>Price: <span style=\"color:#b12704\">[price_with_discount]<\/span><br \/><i><small>(as of [price_update_date] &#8211; <span class=\"wp_automatic_amazon_disclaimer\" title=\"Product prices and availability are accurate as of the date\/time indicated and are subject to change. Any price and availability information displayed on [relevant Amazon Site(s), as applicable] at the time of purchase will apply to the purchase of this product.\">Details<\/span>)<\/small><\/i><\/p>\n<p><a href=\"https:\/\/amazon.de\/dp\/B09MR5BBVB?tag=topgetestet09-21\"><img decoding=\"async\" src=\"https:\/\/i.imgur.com\/ISRHEWs.png\"><\/a><br \/>\n[ad_1]<br \/>\n <span>Der Bow Basic ist Ihre Einstiegsvariante in die Bullworker-Ausbildung. Zielen Sie Ihre Muskeln mit bew\u00e4hrten isometrischen Prinzipien an, um am schnellsten Kraft aufzubauen. Inklusive Tragetasche, rutschfester Gummiauflage und Ihrer Anleitungstafel. Der Bow Basic ist ideal f\u00fcr den sicheren, effektiven Kraftaufbau und die Fettverbrennung zu Hause oder unterwegs. *Nicht f\u00fcr austauschbare Federn ausgelegt.<\/span> <br \/>Kein Setup (0-25 kg Feder) | bequem zu Hause Fitness<br \/>Inkl. Anleitung (evtl. nicht in deutscher Sprache) und Tragetasche<br \/>Kompakte Grundfl\u00e4che f\u00fcr das perfekte Fitnessstudio zu Hause<br \/>Ihre Zufriedenheit garantiert &#8211; Wir stehen hinter unseren Produkten und bieten eine 90 Tage Geld-zur\u00fcck-Garantie und 5 Jahre Garantie<br \/>\n<br \/>[ad_2]<\/p>\n","protected":false},"excerpt":{"rendered":"<p>Price: [price_with_discount](as of [price_update_date] &#8211; Details) [ad_1] Der Bow Basic ist Ihre Einstiegsvariante in die Bullworker-Ausbildung. Zielen Sie Ihre Muskeln mit bew\u00e4hrten isometrischen Prinzipien an, um am schnellsten Kraft aufzubauen.<\/p>\n","protected":false},"featured_media":22756,"comment_status":"open","ping_status":"closed","template":"","meta":[],"product_cat":[233],"product_tag":[271],"class_list":{"0":"post-22755","1":"product","2":"type-product","3":"status-publish","4":"has-post-thumbnail","6":"product_cat-fitness","7":"product_tag-strength-training-equipment","9":"first","10":"instock","11":"shipping-taxable","12":"product-type-external"},"aioseo_notices":[],"_links":{"self":[{"href":"https:\/\/topgetestet.de\/index.php?rest_route=\/wp\/v2\/product\/22755","targetHints":{"allow":["GET"]}}],"collection":[{"href":"https:\/\/topgetestet.de\/index.php?rest_route=\/wp\/v2\/product"}],"about":[{"href":"https:\/\/topgetestet.de\/index.php?rest_route=\/wp\/v2\/types\/product"}],"replies":[{"embeddable":true,"href":"https:\/\/topgetestet.de\/index.php?rest_route=%2Fwp%2Fv2%2Fcomments&post=22755"}],"wp:featuredmedia":[{"embeddable":true,"href":"https:\/\/topgetestet.de\/index.php?rest_route=\/wp\/v2\/media\/22756"}],"wp:attachment":[{"href":"https:\/\/topgetestet.de\/index.php?rest_route=%2Fwp%2Fv2%2Fmedia&parent=22755"}],"wp:term":[{"taxonomy":"product_cat","embeddable":true,"href":"https:\/\/topgetestet.de\/index.php?rest_route=%2Fwp%2Fv2%2Fproduct_cat&post=22755"},{"taxonomy":"product_tag","embeddable":true,"href":"https:\/\/topgetestet.de\/index.php?rest_route=%2Fwp%2Fv2%2Fproduct_tag&post=22755"}],"curies":[{"name":"wp","href":"https:\/\/api.w.org\/{rel}","templated":true}]}}