{"id":22529,"date":"2022-09-23T23:31:39","date_gmt":"2022-09-23T23:31:39","guid":{"rendered":"https:\/\/topgetestet.de\/?product=s-oliver-herren-kette-mit-anhanger-halskette-edelstahl-weltkugel-geschenk"},"modified":"2022-09-23T23:31:39","modified_gmt":"2022-09-23T23:31:39","slug":"s-oliver-herren-kette-mit-anhanger-halskette-edelstahl-weltkugel-geschenk","status":"publish","type":"product","link":"https:\/\/topgetestet.de\/?product=s-oliver-herren-kette-mit-anhanger-halskette-edelstahl-weltkugel-geschenk","title":{"rendered":"s.Oliver Herren Kette mit Anh\u00e4nger, Halskette Edelstahl Weltkugel Geschenk"},"content":{"rendered":"<p>Price: <span style=\"color:#b12704\">[price_with_discount]<\/span><br \/><i><small>(as of [price_update_date] &#8211; <span class=\"wp_automatic_amazon_disclaimer\" title=\"Product prices and availability are accurate as of the date\/time indicated and are subject to change. Any price and availability information displayed on [relevant Amazon Site(s), as applicable] at the time of purchase will apply to the purchase of this product.\">Details<\/span>)<\/small><\/i><\/p>\n<p><a href=\"https:\/\/amazon.de\/dp\/B07WNXFQ4Q?tag=topgetestet09-21\"><img decoding=\"async\" src=\"https:\/\/i.imgur.com\/ISRHEWs.png\"><\/a><br \/>\n[ad_1]<br \/>\n <span>Die Halskette mit Dog Tag Anh\u00e4nger ist das perfekte Schmuckst\u00fcck f\u00fcr Herren. Die Erkennungsmarke mit einer Weltkugel kann zus\u00e4tzlich graviert werden, um dem Schmuckst\u00fcck noch mehr Eigencharakter zu verleihen. Die Kettenanh\u00e4nger k\u00f6nnen somit individuell personalisiert werden. s.Oliver zeigt hier ein Modell aus hochwertigem Edelstahl mit einer L\u00e4nge von 60 cm. Die Veneziagliederung schlie\u00dft und \u00f6ffnet sich schnell und einfach mit einem Karabiner.<\/span> <br \/> Auslaufartikel (Produktion durch Hersteller eingestellt) \u200f : \u200e  Nein <br \/> Verpackungsabmessungen \u200f : \u200e  10.2 x 8.8 x 2.7 cm; 27.22 Gramm <br \/> Im Angebot von Amazon.de seit \u200f : \u200e  21. August 2019 <br \/> Hersteller \u200f : \u200e  s.Oliver <br \/> ASIN \u200f : \u200e  B07WNXFQ4Q <br \/> Modellnummer \u200f : \u200e  183271 <\/p>\n<p>[ad_2]<\/p>\n","protected":false},"excerpt":{"rendered":"<p>Price: [price_with_discount](as of [price_update_date] &#8211; Details) [ad_1] Die Halskette mit Dog Tag Anh\u00e4nger ist das perfekte Schmuckst\u00fcck f\u00fcr Herren. Die Erkennungsmarke mit einer Weltkugel kann zus\u00e4tzlich graviert werden, um dem<\/p>\n","protected":false},"featured_media":22530,"comment_status":"open","ping_status":"closed","template":"","meta":[],"product_cat":[232],"product_tag":[],"class_list":{"0":"post-22529","1":"product","2":"type-product","3":"status-publish","4":"has-post-thumbnail","6":"product_cat-women-fashion","8":"first","9":"instock","10":"sale","11":"shipping-taxable","12":"product-type-external"},"aioseo_notices":[],"_links":{"self":[{"href":"https:\/\/topgetestet.de\/index.php?rest_route=\/wp\/v2\/product\/22529","targetHints":{"allow":["GET"]}}],"collection":[{"href":"https:\/\/topgetestet.de\/index.php?rest_route=\/wp\/v2\/product"}],"about":[{"href":"https:\/\/topgetestet.de\/index.php?rest_route=\/wp\/v2\/types\/product"}],"replies":[{"embeddable":true,"href":"https:\/\/topgetestet.de\/index.php?rest_route=%2Fwp%2Fv2%2Fcomments&post=22529"}],"wp:featuredmedia":[{"embeddable":true,"href":"https:\/\/topgetestet.de\/index.php?rest_route=\/wp\/v2\/media\/22530"}],"wp:attachment":[{"href":"https:\/\/topgetestet.de\/index.php?rest_route=%2Fwp%2Fv2%2Fmedia&parent=22529"}],"wp:term":[{"taxonomy":"product_cat","embeddable":true,"href":"https:\/\/topgetestet.de\/index.php?rest_route=%2Fwp%2Fv2%2Fproduct_cat&post=22529"},{"taxonomy":"product_tag","embeddable":true,"href":"https:\/\/topgetestet.de\/index.php?rest_route=%2Fwp%2Fv2%2Fproduct_tag&post=22529"}],"curies":[{"name":"wp","href":"https:\/\/api.w.org\/{rel}","templated":true}]}}