{"id":22461,"date":"2022-09-23T23:09:39","date_gmt":"2022-09-23T23:09:39","guid":{"rendered":"https:\/\/topgetestet.de\/?product=marvels-spider-man-playstation-4"},"modified":"2022-09-23T23:09:39","modified_gmt":"2022-09-23T23:09:39","slug":"marvels-spider-man-playstation-4","status":"publish","type":"product","link":"https:\/\/topgetestet.de\/?product=marvels-spider-man-playstation-4","title":{"rendered":"Marvel\u2019s Spider-Man [PlayStation 4]"},"content":{"rendered":"<p>Price: <span style=\"color:#b12704\">[price_with_discount]<\/span><br \/><i><small>(as of [price_update_date] &#8211; <span class=\"wp_automatic_amazon_disclaimer\" title=\"Product prices and availability are accurate as of the date\/time indicated and are subject to change. Any price and availability information displayed on [relevant Amazon Site(s), as applicable] at the time of purchase will apply to the purchase of this product.\">Details<\/span>)<\/small><\/i><\/p>\n<p><a href=\"https:\/\/amazon.de\/dp\/B01H1QQIGU?tag=topgetestet09-21\"><img decoding=\"async\" src=\"https:\/\/i.imgur.com\/ISRHEWs.png\"><\/a><br \/>\n[ad_1]<\/p>\n<p>       Produktbeschreibung des Herstellers <\/p>\n<p>              <img decoding=\"async\" alt=\"Spide-Man\" src=\"https:\/\/images-na.ssl-images-amazon.com\/images\/G\/01\/x-locale\/common\/grey-pixel.gif\" class=\"a-lazy-loaded\" data-src=\"https:\/\/m.media-amazon.com\/images\/S\/aplus-media\/sota\/adee5791-c2fc-4771-8cad-98702022b727._CR0,0,1940,600_PT0_SX970__.jpg\"><\/p>\n<p>               <img decoding=\"async\" alt=\"Spide-Man\" src=\"https:\/\/m.media-amazon.com\/images\/S\/aplus-media\/sota\/adee5791-c2fc-4771-8cad-98702022b727._CR0,0,1940,600_PT0_SX970__.jpg\"><\/p>\n<p>              <img decoding=\"async\" alt=\"Marvel's Spider-Man\" src=\"https:\/\/images-na.ssl-images-amazon.com\/images\/G\/01\/x-locale\/common\/grey-pixel.gif\" class=\"a-lazy-loaded\" data-src=\"https:\/\/m.media-amazon.com\/images\/S\/aplus-media\/sota\/ca058f81-ba0c-4b29-bb24-161006b5f82f._CR0,0,1940,600_PT0_SX970__.jpg\"><\/p>\n<p>               <img decoding=\"async\" alt=\"Marvel's Spider-Man\" src=\"https:\/\/m.media-amazon.com\/images\/S\/aplus-media\/sota\/ca058f81-ba0c-4b29-bb24-161006b5f82f._CR0,0,1940,600_PT0_SX970__.jpg\"><\/p>\n<h3> Ein authentisches neues Spider-Man-Abenteuer <\/h3>\n<p> Marvel und Insomniac Games bringen Ihnen gemeinsam eine brandneue und authentische Spider-Man-Geschichte. Das ist nicht der Spider-Man, den Sie aus Filmen oder anderen Spielen kennen. Hier kommt ein erfahrener Peter Parker, der das Verbrechen in New York City auf wahrhaft meisterliche Art bek\u00e4mpft. Gleichzeitig versucht er, sein chaotisches Privatleben und seine Karriere unter einen Hut zu bringen, w\u00e4hrend das Schicksal von 9 Millionen New Yorkern auf seinen Schultern lastet. <\/p>\n<p>              <img decoding=\"async\" alt=\"Marvel's Spider-Man\" src=\"https:\/\/images-na.ssl-images-amazon.com\/images\/G\/01\/x-locale\/common\/grey-pixel.gif\" class=\"a-lazy-loaded\" data-src=\"https:\/\/m.media-amazon.com\/images\/S\/aplus-media\/sota\/a7f2fae7-a5a4-4ef1-91e8-4ce663c1f88e._CR0,0,1940,600_PT0_SX970__.jpg\"><\/p>\n<p>               <img decoding=\"async\" alt=\"Marvel's Spider-Man\" src=\"https:\/\/m.media-amazon.com\/images\/S\/aplus-media\/sota\/a7f2fae7-a5a4-4ef1-91e8-4ce663c1f88e._CR0,0,1940,600_PT0_SX970__.jpg\"><\/p>\n<h3> Werden Sie zu Spider-Man <\/h3>\n<p> Nach acht Jahren hinter der Maske ist Peter Parker zum Experten f\u00fcr Verbrechensbek\u00e4mpfung geworden. Sp\u00fcre die Kraft eines erfahreneren Spider-Man \u2013 mit improvisierten K\u00e4mpfen, dynamischer Akrobatik, fl\u00fcssiger Fortbewegung und Interaktion mit der Umgebung. Dieser Spider-Man ist kein Anf\u00e4nger mehr, sondern der st\u00e4rkste, den Sie je gespielt haben. <\/p>\n<p>              <img decoding=\"async\" alt=\"Marvel's Spider-Man\" src=\"https:\/\/images-na.ssl-images-amazon.com\/images\/G\/01\/x-locale\/common\/grey-pixel.gif\" class=\"a-lazy-loaded\" data-src=\"https:\/\/m.media-amazon.com\/images\/S\/aplus-media\/sota\/c88fb017-52f7-4330-9a6f-4572b71e3b5a._CR0,0,1940,600_PT0_SX970__.jpg\"><\/p>\n<p>               <img decoding=\"async\" alt=\"Marvel's Spider-Man\" src=\"https:\/\/m.media-amazon.com\/images\/S\/aplus-media\/sota\/c88fb017-52f7-4330-9a6f-4572b71e3b5a._CR0,0,1940,600_PT0_SX970__.jpg\"><\/p>\n<h3> Erleben Sie eine brandneue Geschichte <\/h3>\n<p> Die Welten von Peter Parker und Spider-Man prallen in dieser neuen, actiongeladenen Handlung aufeinander. In diesem neuen Spider-Man-Universum gibt es ein Wiedersehen mit vertrauten Charakteren aus dem Leben von Peter und Spider-Man, die hier eine ganz neue Seite von sich zeigen. <\/p>\n<p> Das Marvel&#8217;s New York ist Ihr Spielplatz <\/p>\n<p> Der Big Apple erwacht zum Leben \u2013 in der umfangreichsten Welt, die Insomniac bisher erschaffen hat. Schwingen Sie sich durch eindrucksvolle Stadtteile und erhalten Sie einen atemberaubenden Blick auf kultige Schaupl\u00e4tze, die Sie aus Manhattan und dem Marvel-Universum kennen. Bezwingen Sie mithilfe der Umgebung Ihre Gegner in epischen K\u00e4mpfen. <\/p>\n<p>              <img decoding=\"async\" alt=\"Marvel's Spider-Man\" src=\"https:\/\/images-na.ssl-images-amazon.com\/images\/G\/01\/x-locale\/common\/grey-pixel.gif\" class=\"a-lazy-loaded\" data-src=\"https:\/\/m.media-amazon.com\/images\/S\/aplus-media\/sota\/6ea7939d-722d-4d5b-8a87-3a6e24e34b37._CR0,0,1940,600_PT0_SX970__.jpg\"><\/p>\n<p>               <img decoding=\"async\" alt=\"Marvel's Spider-Man\" src=\"https:\/\/m.media-amazon.com\/images\/S\/aplus-media\/sota\/6ea7939d-722d-4d5b-8a87-3a6e24e34b37._CR0,0,1940,600_PT0_SX970__.jpg\"><\/p>\n<h3> Pressestimmen <\/h3>\n<\/p>\n<p>               &#8220;Ein grandioses Abenteuer&#8221; (pcgames.de)<br \/>\n               &#8220;Mein bisheriges Spiele-Highlight 2018&#8221; (pcgames.de)<br \/>\n               &#8220;Marvel&#8217;s Spider-Man ist das bisher beste Videospiel um den Spinnen-Superhelden.&#8221; (heise.de)<br \/>\n               &#8220;fantastisch umgesetztes Gameplay&#8221; (playfront)<br \/>\n               &#8220;atemberaubende Open-World-Action&#8221; (GamePro.de)<br \/>\n               &#8220;Das beste Spidey-Spiel aller Zeiten&#8221; (GamePro.de)<br \/>\n               &#8220;Spider-Man in Bestform&#8221; (heute.at)<\/p>\n<p> Auslaufartikel (Produktion durch Hersteller eingestellt) \u200f : \u200e  Nein <br \/> Alterseinstufung \u200f : \u200e  USK ab 12 freigegeben <br \/> Produktabmessungen \u200f : \u200e  17.4 x 13.3 x 1.7 cm; 86 Gramm <br \/> Erscheinungstermin \u200f : \u200e  7. September 2018 <br \/> ASIN \u200f : \u200e  B01H1QQIGU <br \/> Modellnummer \u200f : \u200e  9416579 <br \/> Herkunftsland \u200f : \u200e  Deutschland <\/p>\n<p>Erleben Sie eine eigenst\u00e4ndige Geschichte<br \/>St\u00fcrzen Sie sich in eine offene Welt<br \/>\n<br \/>[ad_2]<\/p>\n","protected":false},"excerpt":{"rendered":"<p>Price: [price_with_discount](as of [price_update_date] &#8211; Details) [ad_1] Produktbeschreibung des Herstellers Ein authentisches neues Spider-Man-Abenteuer Marvel und Insomniac Games bringen Ihnen gemeinsam eine brandneue und authentische Spider-Man-Geschichte. Das ist nicht der<\/p>\n","protected":false},"featured_media":22462,"comment_status":"open","ping_status":"closed","template":"","meta":[],"product_cat":[227],"product_tag":[261],"class_list":{"0":"post-22461","1":"product","2":"type-product","3":"status-publish","4":"has-post-thumbnail","6":"product_cat-gaming","7":"product_tag-playstation-legacy-games","9":"first","10":"instock","11":"shipping-taxable","12":"product-type-external"},"aioseo_notices":[],"_links":{"self":[{"href":"https:\/\/topgetestet.de\/index.php?rest_route=\/wp\/v2\/product\/22461","targetHints":{"allow":["GET"]}}],"collection":[{"href":"https:\/\/topgetestet.de\/index.php?rest_route=\/wp\/v2\/product"}],"about":[{"href":"https:\/\/topgetestet.de\/index.php?rest_route=\/wp\/v2\/types\/product"}],"replies":[{"embeddable":true,"href":"https:\/\/topgetestet.de\/index.php?rest_route=%2Fwp%2Fv2%2Fcomments&post=22461"}],"wp:featuredmedia":[{"embeddable":true,"href":"https:\/\/topgetestet.de\/index.php?rest_route=\/wp\/v2\/media\/22462"}],"wp:attachment":[{"href":"https:\/\/topgetestet.de\/index.php?rest_route=%2Fwp%2Fv2%2Fmedia&parent=22461"}],"wp:term":[{"taxonomy":"product_cat","embeddable":true,"href":"https:\/\/topgetestet.de\/index.php?rest_route=%2Fwp%2Fv2%2Fproduct_cat&post=22461"},{"taxonomy":"product_tag","embeddable":true,"href":"https:\/\/topgetestet.de\/index.php?rest_route=%2Fwp%2Fv2%2Fproduct_tag&post=22461"}],"curies":[{"name":"wp","href":"https:\/\/api.w.org\/{rel}","templated":true}]}}