{"id":22296,"date":"2022-09-23T21:27:08","date_gmt":"2022-09-23T21:27:08","guid":{"rendered":"https:\/\/topgetestet.de\/?product=razer-blackwidow-v3-pro-kabellose-mechanische-gaming-tastatur-gruner-schalter"},"modified":"2022-09-23T21:27:08","modified_gmt":"2022-09-23T21:27:08","slug":"razer-blackwidow-v3-pro-kabellose-mechanische-gaming-tastatur-gruner-schalter","status":"publish","type":"product","link":"https:\/\/topgetestet.de\/?product=razer-blackwidow-v3-pro-kabellose-mechanische-gaming-tastatur-gruner-schalter","title":{"rendered":"Razer BlackWidow V3 Pro kabellose mechanische Gaming-Tastatur \u2013 gr\u00fcner Schalter"},"content":{"rendered":"<p>Price: <span style=\"color:#b12704\">[price_with_discount]<\/span><br \/><i><small>(as of [price_update_date] &#8211; <span class=\"wp_automatic_amazon_disclaimer\" title=\"Product prices and availability are accurate as of the date\/time indicated and are subject to change. Any price and availability information displayed on [relevant Amazon Site(s), as applicable] at the time of purchase will apply to the purchase of this product.\">Details<\/span>)<\/small><\/i><\/p>\n<p><a href=\"https:\/\/amazon.de\/dp\/B08GCQL669?tag=topgetestet09-21\"><img decoding=\"async\" src=\"https:\/\/i.imgur.com\/ISRHEWs.png\"><\/a><br \/>\n[ad_1]<\/p>\n<p>        Produktbeschreibung des Herstellers <\/p>\n<p>               <img decoding=\"async\" alt=\"X\" src=\"https:\/\/images-na.ssl-images-amazon.com\/images\/G\/01\/x-locale\/common\/grey-pixel.gif\" class=\"a-lazy-loaded\" data-src=\"https:\/\/m.media-amazon.com\/images\/S\/aplus-media\/vc\/4f4653c6-3f70-4738-8c23-e6afd2955993.__CR0,150,970,300_PT0_SX970_V1___.png\"><\/p>\n<p>                <img decoding=\"async\" alt=\"X\" src=\"https:\/\/m.media-amazon.com\/images\/S\/aplus-media\/vc\/4f4653c6-3f70-4738-8c23-e6afd2955993.__CR0,150,970,300_PT0_SX970_V1___.png\"><\/p>\n<p>                <img decoding=\"async\" alt=\"X\" src=\"https:\/\/images-na.ssl-images-amazon.com\/images\/G\/01\/x-locale\/common\/grey-pixel.gif\" class=\"a-spacing-mini a-lazy-loaded\" data-src=\"https:\/\/m.media-amazon.com\/images\/S\/aplus-media\/vc\/ef41742a-dc2f-4d6c-b48c-9d67d45d1994.__CR329,0,846,1128_PT0_SX300_V1___.png\"><\/p>\n<p>                 <img decoding=\"async\" alt=\"X\" src=\"https:\/\/m.media-amazon.com\/images\/S\/aplus-media\/vc\/ef41742a-dc2f-4d6c-b48c-9d67d45d1994.__CR329,0,846,1128_PT0_SX300_V1___.png\"><\/p>\n<p> <\/p>\n<p>                 <img decoding=\"async\" alt=\"X\" src=\"https:\/\/images-na.ssl-images-amazon.com\/images\/G\/01\/x-locale\/common\/grey-pixel.gif\" class=\"a-spacing-mini a-lazy-loaded\" data-src=\"https:\/\/m.media-amazon.com\/images\/S\/aplus-media\/vc\/320c6bc5-e883-4c28-a01d-8243ef460064.__CR0,0,350,175_PT0_SX350_V1___.png\"><\/p>\n<p>                  <img decoding=\"async\" alt=\"X\" src=\"https:\/\/m.media-amazon.com\/images\/S\/aplus-media\/vc\/320c6bc5-e883-4c28-a01d-8243ef460064.__CR0,0,350,175_PT0_SX350_V1___.png\"><\/p>\n<p>                  \u00dcber Razer:  <\/p>\n<p class=\"a-spacing-small a-size-small a-color-secondary\"> Razer ist die weltweit f\u00fchrende Lifestyle-Marke f\u00fcr Gamer. <\/p>\n<p class=\"a-spacing-small a-size-small a-color-secondary\"> Die dreik\u00f6pfige Schlange von Razer ist eines der bekanntesten Logos in der globalen Gaming- und Sportgemeinschaft. Mit einer L\u00fcfterbasis, die auf allen Kontinenten reicht, hat das Unternehmen das weltweit gr\u00f6\u00dfte gamerorientierte \u00d6kosystem von Hardware, Software und Dienstleistungen entworfen und gebaut. <\/p>\n<h3 class=\"a-spacing-mini\"> Razer BlackWidow V3 <\/h3>\n<p>                 F\u00fchlen Sie den Unterschied.  <\/p>\n<p class=\"a-spacing-base\"> Der Name, der alles begann, kehrt zur\u00fcck, um seine Dominanz wiederzugeben. Sp\u00fcren Sie den Unterschied mit der Razer BlackWidow V3 \u2013 unterst\u00fctzt durch ein Verm\u00e4chtnis als die erste und ikonischste mechanische Gaming-Tastatur und ausgestattet mit neuen, verbesserten Funktionen, einschlie\u00dflich unserer weltbekannten Switches. <\/p>\n<p>                      Razer Green Mechanische Schalter f\u00fcr pr\u00e4zise Ausf\u00fchrung mit einem klicken, taktilen Gef\u00fchl.<br \/>\n                      Transparentes Schaltergeh\u00e4use f\u00fcr hellere Razer Chroma RGB Beleuchtung<br \/>\n                      Double-Shot ABS-Tastenkappen f\u00fcr intensiven Gebrauch.<br \/>\n                      Multifunktionaler digitaler Roller und Media-Taste f\u00fcr bequeme Steuerung.<br \/>\n                      Ergonomische Handballenauflage f\u00fcr erweiterten Spielkomfort<br \/>\n                      Kabelf\u00fchrungsoptionen f\u00fcr einfaches Kabelmanagement   <\/p>\n<p> <img decoding=\"async\" alt=\"X\" src=\"https:\/\/images-na.ssl-images-amazon.com\/images\/G\/01\/x-locale\/common\/grey-pixel.gif\" class=\"a-spacing-mini a-lazy-loaded\" data-src=\"https:\/\/m.media-amazon.com\/images\/S\/aplus-media\/vc\/8e8542fe-0ca5-4d9b-af2d-f2ff3d08c6d5.__CR0,0,1024,1024_PT0_SX300_V1___.png\">\n                    <\/p>\n<p>                     <img decoding=\"async\" alt=\"X\" src=\"https:\/\/m.media-amazon.com\/images\/S\/aplus-media\/vc\/8e8542fe-0ca5-4d9b-af2d-f2ff3d08c6d5.__CR0,0,1024,1024_PT0_SX300_V1___.png\"><\/p>\n<p> <img decoding=\"async\" alt=\"X\" src=\"https:\/\/images-na.ssl-images-amazon.com\/images\/G\/01\/x-locale\/common\/grey-pixel.gif\" class=\"a-spacing-mini a-lazy-loaded\" data-src=\"https:\/\/m.media-amazon.com\/images\/S\/aplus-media\/vc\/bcdad360-57e7-4041-b54b-7c506b918661.__CR0,0,1024,1024_PT0_SX300_V1___.png\">\n                    <\/p>\n<p>                     <img decoding=\"async\" alt=\"X\" src=\"https:\/\/m.media-amazon.com\/images\/S\/aplus-media\/vc\/bcdad360-57e7-4041-b54b-7c506b918661.__CR0,0,1024,1024_PT0_SX300_V1___.png\"><\/p>\n<p> <img decoding=\"async\" alt=\"X\" src=\"https:\/\/images-na.ssl-images-amazon.com\/images\/G\/01\/x-locale\/common\/grey-pixel.gif\" class=\"a-spacing-mini a-lazy-loaded\" data-src=\"https:\/\/m.media-amazon.com\/images\/S\/aplus-media\/vc\/d8a041c8-91ba-41d6-b8fc-105c1ecfdce9.__CR0,0,1024,1024_PT0_SX300_V1___.png\">\n                    <\/p>\n<p>                     <img decoding=\"async\" alt=\"X\" src=\"https:\/\/m.media-amazon.com\/images\/S\/aplus-media\/vc\/d8a041c8-91ba-41d6-b8fc-105c1ecfdce9.__CR0,0,1024,1024_PT0_SX300_V1___.png\"><\/p>\n<p>                    Razer Green Mechanische Schalter f\u00fcr pr\u00e4zise Ausf\u00fchrung mit einem klicken, taktilen Gef\u00fchl.  <\/p>\n<p> H\u00f6ren und sp\u00fcren Sie das zufriedenstellende Feedback bei jedem Tastenanschlag, mit einem klassischen Design, das optimierte Bet\u00e4tigung und Reset-Punkte f\u00fcr bessere Leistung beim Spielen bietet. <\/p>\n<p>                    Transparentes Schaltergeh\u00e4use f\u00fcr hellere Razer Chroma RGB Beleuchtung  <\/p>\n<p> Sein v\u00f6llig klares Design zeigt die wahre Brillanz dessen, was Razer Chroma RGB tun kann \u2013 von Anpassung an tiefe Beleuchtung bis hin zu gr\u00f6\u00dferer Taucherfahrung, da es dynamisch mit \u00fcber 150 integrierten Spielen reagiert. <\/p>\n<p>                    Double-Shot ABS-Tastenkappen f\u00fcr intensiven Gebrauch.  <\/p>\n<p> Mit einem Double-Shot Molding Prozess, um sicherzustellen, dass die Beschriftung nie abnutzt, haben die Tastenkappen auch extra dicke W\u00e4nde, die sie extrem robust machen, um st\u00e4ndigem Spammen standzuhalten. <\/p>\n<p> <img decoding=\"async\" alt=\"X\" src=\"https:\/\/images-na.ssl-images-amazon.com\/images\/G\/01\/x-locale\/common\/grey-pixel.gif\" class=\"a-spacing-mini a-lazy-loaded\" data-src=\"https:\/\/m.media-amazon.com\/images\/S\/aplus-media\/vc\/ebaac8e0-4e16-4339-ab76-3634e7c65612.__CR0,0,1024,1024_PT0_SX300_V1___.png\">\n                    <\/p>\n<p>                     <img decoding=\"async\" alt=\"X\" src=\"https:\/\/m.media-amazon.com\/images\/S\/aplus-media\/vc\/ebaac8e0-4e16-4339-ab76-3634e7c65612.__CR0,0,1024,1024_PT0_SX300_V1___.png\"><\/p>\n<p> <img decoding=\"async\" alt=\"X\" src=\"https:\/\/images-na.ssl-images-amazon.com\/images\/G\/01\/x-locale\/common\/grey-pixel.gif\" class=\"a-spacing-mini a-lazy-loaded\" data-src=\"https:\/\/m.media-amazon.com\/images\/S\/aplus-media\/vc\/16c7fe7e-e5ac-4528-acda-d5fefa0e56e1.__CR0,0,1024,1024_PT0_SX300_V1___.png\">\n                    <\/p>\n<p>                     <img decoding=\"async\" alt=\"X\" src=\"https:\/\/m.media-amazon.com\/images\/S\/aplus-media\/vc\/16c7fe7e-e5ac-4528-acda-d5fefa0e56e1.__CR0,0,1024,1024_PT0_SX300_V1___.png\"><\/p>\n<p> <img decoding=\"async\" alt=\"X\" src=\"https:\/\/images-na.ssl-images-amazon.com\/images\/G\/01\/x-locale\/common\/grey-pixel.gif\" class=\"a-spacing-mini a-lazy-loaded\" data-src=\"https:\/\/m.media-amazon.com\/images\/S\/aplus-media\/vc\/17d0149a-d6ce-41f1-95a2-e8c6f45950f4.__CR0,0,1024,1024_PT0_SX300_V1___.png\">\n                    <\/p>\n<p>                     <img decoding=\"async\" alt=\"X\" src=\"https:\/\/m.media-amazon.com\/images\/S\/aplus-media\/vc\/17d0149a-d6ce-41f1-95a2-e8c6f45950f4.__CR0,0,1024,1024_PT0_SX300_V1___.png\"><\/p>\n<p>                    Multifunktionaler digitaler Roller und Media-Taste f\u00fcr bequeme Steuerung.  <\/p>\n<p> Konfigurieren Sie sie f\u00fcr Pause, Wiedergabe, \u00dcberspringen und Optimieren Sie alles von Helligkeit bis Lautst\u00e4rke \u2013 der ultimative Komfort, wenn Sie Ihre Unterhaltung genie\u00dfen. <\/p>\n<p>                    Ergonomische Handballenauflage f\u00fcr erweiterten Spielkomfort  <\/p>\n<p> Die stabile Handgelenkst\u00fctze passt sich perfekt an, um den Druck auf Ihre Handgelenke zu entlasten, so dass Sie sich beim Spielen \u00fcber lange Zeitr\u00e4ume weniger m\u00fcde f\u00fchlen. <\/p>\n<p>                    Kabelf\u00fchrungsoptionen f\u00fcr einfaches Kabelmanagement  <\/p>\n<p> Die Tastatur ist mit Rillen ausgestattet, die es Ihnen erm\u00f6glichen, das Kabel ordentlich einzustecken und in jede Richtung zu leiten, so dass Sie Ihren Schreibtisch frei von Unordnung und Unordnung halten k\u00f6nnen. <\/p>\n<p>               <img decoding=\"async\" alt=\"X\" src=\"https:\/\/images-na.ssl-images-amazon.com\/images\/G\/01\/x-locale\/common\/grey-pixel.gif\" class=\"a-lazy-loaded\" data-src=\"https:\/\/m.media-amazon.com\/images\/S\/aplus-media\/vc\/77ade9cf-ad98-47ef-98b4-70d46c51bd6c.__CR0,0,970,300_PT0_SX970_V1___.jpg\"><\/p>\n<p>                <img decoding=\"async\" alt=\"X\" src=\"https:\/\/m.media-amazon.com\/images\/S\/aplus-media\/vc\/77ade9cf-ad98-47ef-98b4-70d46c51bd6c.__CR0,0,970,300_PT0_SX970_V1___.jpg\"><\/p>\n<p> Sprache \u200f : \u200e  Englisch <br \/> Verpackungsabmessungen \u200f : \u200e  58.4 x 16.8 x 8.6 cm; 1.86 Kilogramm <br \/> Im Angebot von Amazon.de seit \u200f : \u200e  22. September 2020 <br \/> Hersteller \u200f : \u200e  Razer Inc. <br \/> ASIN \u200f : \u200e  B08GCQL669 <br \/> Modellnummer \u200f : \u200e  RZ03-03530300-R3W1 <\/p>\n<p>Razer HyperSpeed Wireless-Technologie: Genie\u00dfen Sie eine einwandfreie kabellose Leistung beim Spielen oder verbinden Sie bis zu 3 Ger\u00e4te mit Bluetooth \u2013 wechseln Sie nahtlos mit einem Schalter. Inklusive abnehmbarem USB-C-Kabel zum Aufladen w\u00e4hrend des Gebrauchs.<br \/>Razer Green Mechanische Schalter: H\u00f6ren und f\u00fchlen Sie das befriedigende Feedback bei jedem Tastendruck mit einer f\u00fcr Spiele optimierten Bet\u00e4tigung &#8211; unterst\u00fctzt durch klassische Tasten in voller H\u00f6he, die das Tipperlebnis nicht beeintr\u00e4chtigen.<br \/>Transparentes Schalter-Geh\u00e4use: Das v\u00f6llig klare Design zeigt die wahre Brillanz dessen, was Razer Chroma RGB leisten kann &#8211; von tiefgreifenden Beleuchtungsanpassungen bis hin zu gr\u00f6\u00dferer Immersion, da es dynamisch mit \u00fcber 150 integrierten Spielen reagiert.<br \/>Multifunktionales digitales Rad und 4 Media-Tasten: Konfigurieren Sie sie f\u00fcr Pause, Wiedergabe und \u00dcberspringen und stellen Sie alles von Helligkeit bis Lautst\u00e4rke ein &#8211; f\u00fcr ultimativen Komfort und Unterhaltung.<br \/>Doubleshot ABS-Tastenkappen: Durch das Double-Shot-Verfahren wird sichergestellt, dass sich die Beschriftung nicht abnutzt. Au\u00dferdem haben die Tastenkappen extra dicke W\u00e4nde, die sie extrem widerstandsf\u00e4hig gegen st\u00e4ndiges Spamming machen.<br \/>\n<br \/>[ad_2]<\/p>\n","protected":false},"excerpt":{"rendered":"<p>Price: [price_with_discount](as of [price_update_date] &#8211; Details) [ad_1] Produktbeschreibung des Herstellers \u00dcber Razer: Razer ist die weltweit f\u00fchrende Lifestyle-Marke f\u00fcr Gamer. Die dreik\u00f6pfige Schlange von Razer ist eines der bekanntesten Logos<\/p>\n","protected":false},"featured_media":22297,"comment_status":"open","ping_status":"closed","template":"","meta":[],"product_cat":[227],"product_tag":[255],"class_list":{"0":"post-22296","1":"product","2":"type-product","3":"status-publish","4":"has-post-thumbnail","6":"product_cat-gaming","7":"product_tag-amazon-games","9":"first","10":"instock","11":"shipping-taxable","12":"product-type-external"},"aioseo_notices":[],"_links":{"self":[{"href":"https:\/\/topgetestet.de\/index.php?rest_route=\/wp\/v2\/product\/22296","targetHints":{"allow":["GET"]}}],"collection":[{"href":"https:\/\/topgetestet.de\/index.php?rest_route=\/wp\/v2\/product"}],"about":[{"href":"https:\/\/topgetestet.de\/index.php?rest_route=\/wp\/v2\/types\/product"}],"replies":[{"embeddable":true,"href":"https:\/\/topgetestet.de\/index.php?rest_route=%2Fwp%2Fv2%2Fcomments&post=22296"}],"wp:featuredmedia":[{"embeddable":true,"href":"https:\/\/topgetestet.de\/index.php?rest_route=\/wp\/v2\/media\/22297"}],"wp:attachment":[{"href":"https:\/\/topgetestet.de\/index.php?rest_route=%2Fwp%2Fv2%2Fmedia&parent=22296"}],"wp:term":[{"taxonomy":"product_cat","embeddable":true,"href":"https:\/\/topgetestet.de\/index.php?rest_route=%2Fwp%2Fv2%2Fproduct_cat&post=22296"},{"taxonomy":"product_tag","embeddable":true,"href":"https:\/\/topgetestet.de\/index.php?rest_route=%2Fwp%2Fv2%2Fproduct_tag&post=22296"}],"curies":[{"name":"wp","href":"https:\/\/api.w.org\/{rel}","templated":true}]}}