{"id":22243,"date":"2022-09-23T21:10:57","date_gmt":"2022-09-23T21:10:57","guid":{"rendered":"https:\/\/topgetestet.de\/?product=silvercrest-activity-tracker-armbanduhr-fitness-gesundheit-herzfrequenz"},"modified":"2022-09-23T21:10:57","modified_gmt":"2022-09-23T21:10:57","slug":"silvercrest-activity-tracker-armbanduhr-fitness-gesundheit-herzfrequenz","status":"publish","type":"product","link":"https:\/\/topgetestet.de\/?product=silvercrest-activity-tracker-armbanduhr-fitness-gesundheit-herzfrequenz","title":{"rendered":"Silvercrest Activity Tracker Armbanduhr Fitness Gesundheit Herzfrequenz"},"content":{"rendered":"<p>Price: <span style=\"color:#b12704\">[price_with_discount]<\/span><br \/><i><small>(as of [price_update_date] &#8211; <span class=\"wp_automatic_amazon_disclaimer\" title=\"Product prices and availability are accurate as of the date\/time indicated and are subject to change. Any price and availability information displayed on [relevant Amazon Site(s), as applicable] at the time of purchase will apply to the purchase of this product.\">Details<\/span>)<\/small><\/i><\/p>\n<p><a href=\"https:\/\/amazon.de\/dp\/B0BB2V3DKW?tag=topgetestet09-21\"><img decoding=\"async\" src=\"https:\/\/i.imgur.com\/ISRHEWs.png\"><\/a><br \/>\n[ad_1]<br \/>\n <span>Silvercrest Activity Tracker, mit Herzfrequenzmessung Mit Farb-LCD und Herzfrequenzmessung Zum Aufzeichnen von Schritten, verbrannten Kalorien, Aktivit\u00e4tsdauer und zur Schlaf\u00fcberwachung Optischer Sensor zur Messung der Herz- und Pulsfrequenz 14 Sport-Modi w\u00e4hlbar Uhrzeit und Datumsanzeige, Anzeige bei Anrufen, Nachrichten, Kalendereintr\u00e4gen und Social-Media-Aktivit\u00e4ten Erfassung des t\u00e4glichen Bewegungsziels mit Bewegungserinnerung Erinnerungsfunktion f\u00fcr Medikamenteneinnahme Integrierter Lithium-Polymer-Akku f\u00fcr bis zu 15 Tage Stand-by-Betrieb und 7 Tage Laufzeit* Inklusive kostenloser App f\u00fcr Android bei Googple Play oder f\u00fcr IOS Ger\u00e4te bei App Store Gr\u00f6\u00dfenverstellbares Armband Direktes Laden \u00fcber integrierten USB-Stecker IP68 ? staub- und wasserdicht** Systemvoraussetzungen: iOS ab Version 8.0, Android? ab Version 6.0, Bluetooth 4.2 F\u00fcr Fitness-App bitte QR-Code scannen Verf\u00fcgbare Sprachen: Deutsch, Englisch, Franz\u00f6sisch, Spanisch, Tschechisch, Ungarisch, Slowenisch, Serbisch Akku-Typ: Li-Polymer Akku-Kapazit\u00e4t: 90 mAh Schutzklasse: IP68 Bluetooth-Reichweite: 10 m Betriebszeit: 5-7 Tage (je nach Verwendung) Standby-Zeit bis zu 14 Tagen Bluetooth: 4.2 \/ 5.0 Ma\u00dfe Tracker-Kopf ohne Band: 4,2 x 2 x 1,1 cm Ma\u00dfe Umfang des Handgelenks min bis max. 15,5 bis 22,8 cm Gewicht: ca. 23 g *Abh\u00e4ngig von den Gewohnheiten des Benutzers **Weitere Details siehe Bedienungsanleitung Schritte<\/span> <br \/>Zum Aufzeichnen von Schritten, verbrannten Kalorien, Aktivit\u00e4tsdauer und zur Schlaf\u00fcberwachung<br \/>Optischer Sensor zur Messung der Herz- und Pulsfrequenz 14 Sport-Modi w\u00e4hlbar<br \/>Uhrzeit und Datumsanzeige, Anzeige bei Anrufen, Nachrichten, Kalendereintr\u00e4gen und Social-Media-Aktivit\u00e4ten<br \/>Erfassung des t\u00e4glichen Bewegungsziels mit Bewegungserinnerung Erinnerungsfunktion f\u00fcr Medikamenteneinnahme<br \/>\n<br \/>[ad_2]<\/p>\n","protected":false},"excerpt":{"rendered":"<p>Price: [price_with_discount](as of [price_update_date] &#8211; Details) [ad_1] Silvercrest Activity Tracker, mit Herzfrequenzmessung Mit Farb-LCD und Herzfrequenzmessung Zum Aufzeichnen von Schritten, verbrannten Kalorien, Aktivit\u00e4tsdauer und zur Schlaf\u00fcberwachung Optischer Sensor zur Messung<\/p>\n","protected":false},"featured_media":22244,"comment_status":"open","ping_status":"closed","template":"","meta":[],"product_cat":[233],"product_tag":[275],"class_list":{"0":"post-22243","1":"product","2":"type-product","3":"status-publish","4":"has-post-thumbnail","6":"product_cat-fitness","7":"product_tag-activity-fitness-tracker","9":"first","10":"instock","11":"shipping-taxable","12":"product-type-external"},"aioseo_notices":[],"_links":{"self":[{"href":"https:\/\/topgetestet.de\/index.php?rest_route=\/wp\/v2\/product\/22243","targetHints":{"allow":["GET"]}}],"collection":[{"href":"https:\/\/topgetestet.de\/index.php?rest_route=\/wp\/v2\/product"}],"about":[{"href":"https:\/\/topgetestet.de\/index.php?rest_route=\/wp\/v2\/types\/product"}],"replies":[{"embeddable":true,"href":"https:\/\/topgetestet.de\/index.php?rest_route=%2Fwp%2Fv2%2Fcomments&post=22243"}],"wp:featuredmedia":[{"embeddable":true,"href":"https:\/\/topgetestet.de\/index.php?rest_route=\/wp\/v2\/media\/22244"}],"wp:attachment":[{"href":"https:\/\/topgetestet.de\/index.php?rest_route=%2Fwp%2Fv2%2Fmedia&parent=22243"}],"wp:term":[{"taxonomy":"product_cat","embeddable":true,"href":"https:\/\/topgetestet.de\/index.php?rest_route=%2Fwp%2Fv2%2Fproduct_cat&post=22243"},{"taxonomy":"product_tag","embeddable":true,"href":"https:\/\/topgetestet.de\/index.php?rest_route=%2Fwp%2Fv2%2Fproduct_tag&post=22243"}],"curies":[{"name":"wp","href":"https:\/\/api.w.org\/{rel}","templated":true}]}}