{"id":21476,"date":"2022-09-23T15:33:23","date_gmt":"2022-09-23T15:33:23","guid":{"rendered":"https:\/\/topgetestet.de\/?product=puma-damen-vikky-stacked-l-turnschuhe"},"modified":"2022-09-23T15:33:23","modified_gmt":"2022-09-23T15:33:23","slug":"puma-damen-vikky-stacked-l-turnschuhe","status":"publish","type":"product","link":"https:\/\/topgetestet.de\/?product=puma-damen-vikky-stacked-l-turnschuhe","title":{"rendered":"PUMA Damen Vikky Stacked L Turnschuhe"},"content":{"rendered":"<p>Price: <span style=\"color:#b12704\">[price_with_discount]<\/span><br \/><i><small>(as of [price_update_date] &#8211; <span class=\"wp_automatic_amazon_disclaimer\" title=\"Product prices and availability are accurate as of the date\/time indicated and are subject to change. Any price and availability information displayed on [relevant Amazon Site(s), as applicable] at the time of purchase will apply to the purchase of this product.\">Details<\/span>)<\/small><\/i><\/p>\n<p><a href=\"https:\/\/amazon.de\/dp\/B07DC22B1B?tag=topgetestet09-21\"><img decoding=\"async\" src=\"https:\/\/i.imgur.com\/ISRHEWs.png\"><\/a><br \/>\n[ad_1]<\/p>\n<p>       Produktbeschreibung des Herstellers <\/p>\n<p>              <img decoding=\"async\" alt=\"puma\" src=\"https:\/\/images-na.ssl-images-amazon.com\/images\/G\/01\/x-locale\/common\/grey-pixel.gif\" class=\"a-lazy-loaded\" data-src=\"https:\/\/m.media-amazon.com\/images\/S\/aplus-media-library-service-media\/136c1046-26d4-43b6-a015-35bf1769b75d.__CR0,3,2072,641_PT0_SX970_V1___.png\"><\/p>\n<p>               <img decoding=\"async\" alt=\"puma\" src=\"https:\/\/m.media-amazon.com\/images\/S\/aplus-media-library-service-media\/136c1046-26d4-43b6-a015-35bf1769b75d.__CR0,3,2072,641_PT0_SX970_V1___.png\"><\/p>\n<h3> Erreiche deine Ziele. Forever Faster. <\/h3>\n<p> Forever Faster bedeutet nicht nur Schnelligkeit. Es bedeutet St\u00e4rke, Durchhalteverm\u00f6gen, bedeutet, jeden Tag besser werden zu wollen\u2026 Und das bedeutet: Es geht um dich. Unsere Mission ist es, dich genau so fit zu machen, wie du sein willst, damit du jedes Ziel erreichst \u2013 so schnell es geht. <\/p>\n<h3 class=\"a-spacing-small\"> Style von Kopf bis zu den F\u00fc\u00dfen mit Damen Schuhen von PUMA. <\/h3>\n<p> <img decoding=\"async\" alt=\"TEXT\" src=\"https:\/\/images-na.ssl-images-amazon.com\/images\/G\/01\/x-locale\/common\/grey-pixel.gif\" class=\"a-spacing-mini a-lazy-loaded\" data-src=\"https:\/\/m.media-amazon.com\/images\/S\/aplus-media-library-service-media\/e52c016d-c732-494a-b319-2d6610941545.__CR38,0,784,784_PT0_SX300_V1___.png\">\n                   <\/p>\n<p>                    <img decoding=\"async\" alt=\"TEXT\" src=\"https:\/\/m.media-amazon.com\/images\/S\/aplus-media-library-service-media\/e52c016d-c732-494a-b319-2d6610941545.__CR38,0,784,784_PT0_SX300_V1___.png\"><\/p>\n<p> <img decoding=\"async\" alt=\"puma\" src=\"https:\/\/images-na.ssl-images-amazon.com\/images\/G\/01\/x-locale\/common\/grey-pixel.gif\" class=\"a-spacing-mini a-lazy-loaded\" data-src=\"https:\/\/m.media-amazon.com\/images\/S\/aplus-media-library-service-media\/4885452d-c8b2-41d0-8b6c-37d64630c6a7.__CR21,0,820,820_PT0_SX300_V1___.png\">\n                   <\/p>\n<p>                    <img decoding=\"async\" alt=\"puma\" src=\"https:\/\/m.media-amazon.com\/images\/S\/aplus-media-library-service-media\/4885452d-c8b2-41d0-8b6c-37d64630c6a7.__CR21,0,820,820_PT0_SX300_V1___.png\"><\/p>\n<p> <img decoding=\"async\" alt=\"puma\" src=\"https:\/\/images-na.ssl-images-amazon.com\/images\/G\/01\/x-locale\/common\/grey-pixel.gif\" class=\"a-spacing-mini a-lazy-loaded\" data-src=\"https:\/\/m.media-amazon.com\/images\/S\/aplus-media-library-service-media\/895a6b90-ab2e-40bf-ae40-dc7754fd0685.__CR36,0,820,820_PT0_SX300_V1___.png\">\n                   <\/p>\n<p>                    <img decoding=\"async\" alt=\"puma\" src=\"https:\/\/m.media-amazon.com\/images\/S\/aplus-media-library-service-media\/895a6b90-ab2e-40bf-ae40-dc7754fd0685.__CR36,0,820,820_PT0_SX300_V1___.png\"><\/p>\n<p>                   Heute hier, morgen dort. Aber immer zu allem bereit.  <\/p>\n<p> Du hast keine Lust, deinen Tag bis in Detail zu planen? Mit unseren Schuhen f\u00fcr Damen musst du jetzt noch nicht wissen, was du abends machst: Sie tragen dich bequem vom Gym zu deiner Lieblingsbar oder auf die Tanzfl\u00e4che. Strapazierf\u00e4hig und mit ged\u00e4mpften Sohlen sind PUMA Damen Sneaker verl\u00e4ssliche Begleiter bei allem, was du vorhast. Also, was steht an? <\/p>\n<p>                   Leichtf\u00fc\u00dfig ins Training. Und zur\u00fcck.  <\/p>\n<p> Unsere Damen Schuhe mit stabilem Halt und innovativem Design passen zu jeder Stimmung und jedem Life-Style. Und weil sie echt PUMA sind, bieten sie dir st\u00e4ndig die M\u00f6glichkeit, neue Seiten an dir zu entdecken. Du wolltest schon immer mal das Fitnessstudio um die Ecke oder den Lauftreff im Viertel ausprobieren? Noch nie war der Weg dahin so leicht wie mit unseren atmungsaktiven Sportschuhen. <\/p>\n<p>                   Fit, wo du gehst und stehst.  <\/p>\n<p> Du liebst deinen Fitness-Lifestyle nicht nur im Gym? Dann leb deinen Fitness-Lifestyle nicht nur im Gym. Unsere Damen Laufschuhepassen genauso zum l\u00e4ssigen B\u00fcro Outfit wie zur kurzen Walkingrunde. Du kannst mit ihnen in der Sonne auf der Wiese chillen, deinem Hund hinterherrennen oder dem l\u00e4stigen Kerl im Club auf die Zehen treten. Sie sind wie du: immer fit und Forever Faster. <\/p>\n<h3 class=\"a-spacing-small\"> So findest du die richtige Schuhgr\u00f6\u00dfe <\/h3>\n<p> <img decoding=\"async\" alt=\"FUSS\" src=\"https:\/\/images-na.ssl-images-amazon.com\/images\/G\/01\/x-locale\/common\/grey-pixel.gif\" class=\"a-spacing-mini a-lazy-loaded\" data-src=\"https:\/\/m.media-amazon.com\/images\/S\/aplus-media-library-service-media\/db05e334-fcf6-4b9b-83a2-b5dc5c1217cc.__CR0,0,300,300_PT0_SX300_V1___.png\">\n                   <\/p>\n<p>                    <img decoding=\"async\" alt=\"FUSS\" src=\"https:\/\/m.media-amazon.com\/images\/S\/aplus-media-library-service-media\/db05e334-fcf6-4b9b-83a2-b5dc5c1217cc.__CR0,0,300,300_PT0_SX300_V1___.png\"><\/p>\n<p> <img decoding=\"async\" alt=\"FUSS\" src=\"https:\/\/images-na.ssl-images-amazon.com\/images\/G\/01\/x-locale\/common\/grey-pixel.gif\" class=\"a-spacing-mini a-lazy-loaded\" data-src=\"https:\/\/m.media-amazon.com\/images\/S\/aplus-media-library-service-media\/586f239a-5a41-4a42-a1f7-dc9efdff3218.__CR0,0,300,300_PT0_SX300_V1___.png\">\n                   <\/p>\n<p>                    <img decoding=\"async\" alt=\"FUSS\" src=\"https:\/\/m.media-amazon.com\/images\/S\/aplus-media-library-service-media\/586f239a-5a41-4a42-a1f7-dc9efdff3218.__CR0,0,300,300_PT0_SX300_V1___.png\"><\/p>\n<p> <img decoding=\"async\" alt=\"FUSS\" src=\"https:\/\/images-na.ssl-images-amazon.com\/images\/G\/01\/x-locale\/common\/grey-pixel.gif\" class=\"a-spacing-mini a-lazy-loaded\" data-src=\"https:\/\/m.media-amazon.com\/images\/S\/aplus-media-library-service-media\/e330aafe-c2e5-4d50-b49c-b8d0f75cdcf5.__CR0,0,300,300_PT0_SX300_V1___.png\">\n                   <\/p>\n<p>                    <img decoding=\"async\" alt=\"FUSS\" src=\"https:\/\/m.media-amazon.com\/images\/S\/aplus-media-library-service-media\/e330aafe-c2e5-4d50-b49c-b8d0f75cdcf5.__CR0,0,300,300_PT0_SX300_V1___.png\"><\/p>\n<p>                   Was ist wichtig zu beachten?  <\/p>\n<p> Schuhgro\u0308\u00dfen sind nicht standardisiert. Jeder Schuhhersteller verwendet andere Ma\u00dfe in Bezug auf Spannho\u0308he, Zehenform und Fu\u00dfweite. Grundlage fu\u0308r die eigene Schuhgro\u0308\u00dfe ist jedoch immer die La\u0308nge deiner Fu\u0308\u00dfe. Du solltest also vor dem Kauf immer erst deine Fu\u00dfla\u0308nge ermitteln, um den passenden Schuh auszuwa\u0308hlen. <\/p>\n<p>                   Schritt 1: Nachzeichnen  <\/p>\n<p> Ziehe deine Socken aus, lege ein Blatt Papier an eine Wand und stelle deinen Fu\u00df so darauf, dass die Ferse die Wand beru\u0308hrt. Jetzt zeichne mit einem Stift die Fu\u00dfform vorne an den Zehen nach. Halte den Stift dabei genau senkrecht. Wichtig: Beide Fu\u0308\u00dfe mu\u0308ssen vermessen werden, da sie oft unterschiedlich lang sind! Fu\u0308\u00dfe schwellen ha\u0308ufig im Laufe des Tages an, weshalb wir empfehlen, die Messung am spa\u0308ten Nachmittag durchzufu\u0308hren. <\/p>\n<p>                   Schritt 2: Messen  <\/p>\n<p> Nun kannst du den Papierrand von der Ferse bis hin zur la\u0308ngsten Zehe ausmessen und so die Fu\u00dfla\u0308nge bestimmen. Orientiere dich hierbei an deinem la\u0308ngeren Fu\u00df. Wir berechnen die notwendige Zugabe fu\u0308r genu\u0308gend Platz im Schuh fu\u0308r dich. Lie\u00df die zu deiner Fu\u00dfla\u0308nge passende Gro\u0308\u00dfe und eingerechnete Zugabe in unserer Schuhgro\u0308\u00dfentabelle ab, um die richtige Wahl zu treffen. <\/p>\n<h3 class=\"a-spacing-mini\"> Schritt 3: In der Schuhgr\u00f6\u00dfentabelle nachschauen <\/h3>\n<p>          <img decoding=\"async\" alt=\"Sizechart\" src=\"https:\/\/images-na.ssl-images-amazon.com\/images\/G\/01\/x-locale\/common\/grey-pixel.gif\" class=\"a-spacing-base a-lazy-loaded\" data-src=\"https:\/\/m.media-amazon.com\/images\/S\/aplus-media-library-service-media\/85a29c5e-b8b3-4ce7-b41c-887d36c6f77e.__CR0,0,978,605_PT0_SX970_V1___.png\"><\/p>\n<p>           <img decoding=\"async\" alt=\"Sizechart\" src=\"https:\/\/m.media-amazon.com\/images\/S\/aplus-media-library-service-media\/85a29c5e-b8b3-4ce7-b41c-887d36c6f77e.__CR0,0,978,605_PT0_SX970_V1___.png\"><\/p>\n<p> Produktabmessungen \u200f : \u200e  10 x 2 x 2.7 cm; 500 Gramm <br \/> Im Angebot von Amazon.de seit \u200f : \u200e  1. Februar 2022 <br \/> Hersteller \u200f : \u200e  PUMA <br \/> ASIN \u200f : \u200e  B07N168838 <br \/> Modellnummer \u200f : \u200e  36914301 <br \/> Kategorie \u200f : \u200e  Damen <\/p>\n<p>Sohle: Gummi<br \/>Verschluss: Schn\u00fcrung<br \/>Absatzform: Plateauabsatz<br \/>Schuhweite: Medium<br \/>\n<br \/>[ad_2]<\/p>\n","protected":false},"excerpt":{"rendered":"<p>Price: [price_with_discount](as of [price_update_date] &#8211; Details) [ad_1] Produktbeschreibung des Herstellers Erreiche deine Ziele. Forever Faster. Forever Faster bedeutet nicht nur Schnelligkeit. Es bedeutet St\u00e4rke, Durchhalteverm\u00f6gen, bedeutet, jeden Tag besser werden<\/p>\n","protected":false},"featured_media":21477,"comment_status":"open","ping_status":"closed","template":"","meta":[],"product_cat":[230],"product_tag":[266],"class_list":{"0":"post-21476","1":"product","2":"type-product","3":"status-publish","4":"has-post-thumbnail","6":"product_cat-fashion","7":"product_tag-womens-fashion-sneakers","9":"first","10":"instock","11":"shipping-taxable","12":"product-type-external"},"aioseo_notices":[],"_links":{"self":[{"href":"https:\/\/topgetestet.de\/index.php?rest_route=\/wp\/v2\/product\/21476","targetHints":{"allow":["GET"]}}],"collection":[{"href":"https:\/\/topgetestet.de\/index.php?rest_route=\/wp\/v2\/product"}],"about":[{"href":"https:\/\/topgetestet.de\/index.php?rest_route=\/wp\/v2\/types\/product"}],"replies":[{"embeddable":true,"href":"https:\/\/topgetestet.de\/index.php?rest_route=%2Fwp%2Fv2%2Fcomments&post=21476"}],"wp:featuredmedia":[{"embeddable":true,"href":"https:\/\/topgetestet.de\/index.php?rest_route=\/wp\/v2\/media\/21477"}],"wp:attachment":[{"href":"https:\/\/topgetestet.de\/index.php?rest_route=%2Fwp%2Fv2%2Fmedia&parent=21476"}],"wp:term":[{"taxonomy":"product_cat","embeddable":true,"href":"https:\/\/topgetestet.de\/index.php?rest_route=%2Fwp%2Fv2%2Fproduct_cat&post=21476"},{"taxonomy":"product_tag","embeddable":true,"href":"https:\/\/topgetestet.de\/index.php?rest_route=%2Fwp%2Fv2%2Fproduct_tag&post=21476"}],"curies":[{"name":"wp","href":"https:\/\/api.w.org\/{rel}","templated":true}]}}