{"id":21130,"date":"2022-09-23T13:15:08","date_gmt":"2022-09-23T13:15:08","guid":{"rendered":"https:\/\/topgetestet.de\/?post_type=product&#038;p=21130"},"modified":"2022-09-23T13:15:08","modified_gmt":"2022-09-23T13:15:08","slug":"panasonic-high-end-travel-zoom-camera","status":"publish","type":"product","link":"https:\/\/topgetestet.de\/?product=panasonic-high-end-travel-zoom-camera","title":{"rendered":"Panasonic High-End Travel Zoom Camera"},"content":{"rendered":"<p>Price: <span style=\"color:#b12704\">[price_with_discount]<\/span><br \/><i><small>(as of [price_update_date] &#8211; <span class=\"wp_automatic_amazon_disclaimer\" title=\"Product prices and availability are accurate as of the date\/time indicated and are subject to change. Any price and availability information displayed on [relevant Amazon Site(s), as applicable] at the time of purchase will apply to the purchase of this product.\">Details<\/span>)<\/small><\/i><\/p>\n<p><a href=\"https:\/\/amazon.de\/dp\/B071RLKLTJ?tag=topgetestet09-21\"><img decoding=\"async\" src=\"https:\/\/i.imgur.com\/ISRHEWs.png\"><\/a><br \/>\n[ad_1]<br \/>\n<br \/>4K Foto- und Videofunktion f\u00fcr h\u00f6chste Detailsch\u00e4rfe und magische Momente \u2013 mit 30 B\/s, Post Focus und Focus Stacking<br \/>Hochwertiges LEICA Objektiv mit 30x opt. Zoom \u2013 F3.3-6.4 \/ 24-720 mm (KB), 5-Achsen Bildstabilisator<br \/>Hochaufl\u00f6sender Sucher mit Augensensor und um 180\u00b0 klappbarer 3-Zoll Touchmonitor \u2013 f\u00fcr brillanten \u00dcberblick<br \/>Extrem schneller Hybrid-Kontrast Autofokus f\u00fcr noch k\u00fcrzere Fokuszeiten und WiFi Funktion<br \/>Lieferumfang: Lumix TZ91 Kamera (schwarz), Akku, Handschlaufe, AC-Adapter, USB-Kabel<br \/>\n<br \/>[ad_2]<\/p>\n","protected":false},"excerpt":{"rendered":"<p>Price: [price_with_discount](as of [price_update_date] &#8211; Details) [ad_1] 4K Foto- und Videofunktion f\u00fcr h\u00f6chste Detailsch\u00e4rfe und magische Momente \u2013 mit 30 B\/s, Post Focus und Focus StackingHochwertiges LEICA Objektiv mit 30x<\/p>\n","protected":false},"featured_media":21131,"comment_status":"open","ping_status":"closed","template":"","meta":[],"product_cat":[226],"product_tag":[240],"class_list":{"0":"post-21130","1":"product","2":"type-product","3":"status-publish","4":"has-post-thumbnail","6":"product_cat-cameras","7":"product_tag-camera-photo","9":"first","10":"instock","11":"shipping-taxable","12":"product-type-external"},"aioseo_notices":[],"_links":{"self":[{"href":"https:\/\/topgetestet.de\/index.php?rest_route=\/wp\/v2\/product\/21130","targetHints":{"allow":["GET"]}}],"collection":[{"href":"https:\/\/topgetestet.de\/index.php?rest_route=\/wp\/v2\/product"}],"about":[{"href":"https:\/\/topgetestet.de\/index.php?rest_route=\/wp\/v2\/types\/product"}],"replies":[{"embeddable":true,"href":"https:\/\/topgetestet.de\/index.php?rest_route=%2Fwp%2Fv2%2Fcomments&post=21130"}],"wp:featuredmedia":[{"embeddable":true,"href":"https:\/\/topgetestet.de\/index.php?rest_route=\/wp\/v2\/media\/21131"}],"wp:attachment":[{"href":"https:\/\/topgetestet.de\/index.php?rest_route=%2Fwp%2Fv2%2Fmedia&parent=21130"}],"wp:term":[{"taxonomy":"product_cat","embeddable":true,"href":"https:\/\/topgetestet.de\/index.php?rest_route=%2Fwp%2Fv2%2Fproduct_cat&post=21130"},{"taxonomy":"product_tag","embeddable":true,"href":"https:\/\/topgetestet.de\/index.php?rest_route=%2Fwp%2Fv2%2Fproduct_tag&post=21130"}],"curies":[{"name":"wp","href":"https:\/\/api.w.org\/{rel}","templated":true}]}}