{"id":20859,"date":"2022-09-23T11:30:07","date_gmt":"2022-09-23T11:30:07","guid":{"rendered":"https:\/\/topgetestet.de\/?product=fighting-stick-alpha-ps5-ps4-fur-playstation-4-und-5"},"modified":"2022-09-23T11:30:07","modified_gmt":"2022-09-23T11:30:07","slug":"fighting-stick-alpha-ps5-ps4-fur-playstation-4-und-5","status":"publish","type":"product","link":"https:\/\/topgetestet.de\/?product=fighting-stick-alpha-ps5-ps4-fur-playstation-4-und-5","title":{"rendered":"Fighting Stick Alpha (PS5\/PS4): F\u00fcr PlayStation 4 und 5"},"content":{"rendered":"<p>Price: <span style=\"color:#b12704\">[price_with_discount]<\/span><br \/><i><small>(as of [price_update_date] &#8211; <span class=\"wp_automatic_amazon_disclaimer\" title=\"Product prices and availability are accurate as of the date\/time indicated and are subject to change. Any price and availability information displayed on [relevant Amazon Site(s), as applicable] at the time of purchase will apply to the purchase of this product.\">Details<\/span>)<\/small><\/i><\/p>\n<p><a href=\"https:\/\/amazon.de\/dp\/B09RQV4786?tag=topgetestet09-21\"><img decoding=\"async\" src=\"https:\/\/i.imgur.com\/ISRHEWs.png\"><\/a><br \/>\n[ad_1]<br \/>\n Sie k\u00f6nnen Ihr eigenes Artwork Panel auf der Oberseite verwenden. <br \/> Sprache \u200f : \u200e  Englisch <br \/> Produktabmessungen \u200f : \u200e  48 x 16.5 x 36.5 cm; 3.38 Kilogramm <br \/> Im Angebot von Amazon.de seit \u200f : \u200e  2. April 2022 <br \/> Hersteller \u200f : \u200e  Flashpoint Germany <br \/> ASIN \u200f : \u200e  B09RQV4786 <br \/> Modellnummer \u200f : \u200e  SPF-013U <br \/> Herkunftsland \u200f : \u200e  China <\/p>\n<p>Das Geh\u00e4use \u00f6ffnet sich f\u00fcr einfache Wartung und individuelle Anpassungen<br \/>tauschen Sie das obere Artwork Panel einfach mit Ihrem eigenen<br \/>Mit legend\u00e4ren HAYABUSA-Stick und -Tasten<br \/>Offiziell lizenziert von Sony<br \/>Artikelh\u00f6he: 365.0 millimeters<br \/>Artikell\u00e4nge: 480.0 millimeters<br \/>\n<br \/>[ad_2]<\/p>\n","protected":false},"excerpt":{"rendered":"<p>Price: [price_with_discount](as of [price_update_date] &#8211; Details) [ad_1] Sie k\u00f6nnen Ihr eigenes Artwork Panel auf der Oberseite verwenden. Sprache \u200f : \u200e Englisch Produktabmessungen \u200f : \u200e 48 x 16.5 x<\/p>\n","protected":false},"featured_media":20860,"comment_status":"open","ping_status":"closed","template":"","meta":[],"product_cat":[227],"product_tag":[264],"class_list":{"0":"post-20859","1":"product","2":"type-product","3":"status-publish","4":"has-post-thumbnail","6":"product_cat-gaming","7":"product_tag-playstation-4-accessories","9":"first","10":"instock","11":"shipping-taxable","12":"product-type-external"},"aioseo_notices":[],"_links":{"self":[{"href":"https:\/\/topgetestet.de\/index.php?rest_route=\/wp\/v2\/product\/20859","targetHints":{"allow":["GET"]}}],"collection":[{"href":"https:\/\/topgetestet.de\/index.php?rest_route=\/wp\/v2\/product"}],"about":[{"href":"https:\/\/topgetestet.de\/index.php?rest_route=\/wp\/v2\/types\/product"}],"replies":[{"embeddable":true,"href":"https:\/\/topgetestet.de\/index.php?rest_route=%2Fwp%2Fv2%2Fcomments&post=20859"}],"wp:featuredmedia":[{"embeddable":true,"href":"https:\/\/topgetestet.de\/index.php?rest_route=\/wp\/v2\/media\/20860"}],"wp:attachment":[{"href":"https:\/\/topgetestet.de\/index.php?rest_route=%2Fwp%2Fv2%2Fmedia&parent=20859"}],"wp:term":[{"taxonomy":"product_cat","embeddable":true,"href":"https:\/\/topgetestet.de\/index.php?rest_route=%2Fwp%2Fv2%2Fproduct_cat&post=20859"},{"taxonomy":"product_tag","embeddable":true,"href":"https:\/\/topgetestet.de\/index.php?rest_route=%2Fwp%2Fv2%2Fproduct_tag&post=20859"}],"curies":[{"name":"wp","href":"https:\/\/api.w.org\/{rel}","templated":true}]}}