{"id":20618,"date":"2022-09-23T10:03:20","date_gmt":"2022-09-23T10:03:20","guid":{"rendered":"https:\/\/topgetestet.de\/?product=woolnut-tech-organizer-aus-leder-fur-apple-zubehor-grun"},"modified":"2022-09-23T10:03:20","modified_gmt":"2022-09-23T10:03:20","slug":"woolnut-tech-organizer-aus-leder-fur-apple-zubehor-grun","status":"publish","type":"product","link":"https:\/\/topgetestet.de\/?product=woolnut-tech-organizer-aus-leder-fur-apple-zubehor-grun","title":{"rendered":"Woolnut Tech-Organizer aus Leder f\u00fcr Apple Zubeh\u00f6r &#8211; Gr\u00fcn"},"content":{"rendered":"<p>Price: <span style=\"color:#b12704\">[price_with_discount]<\/span><br \/><i><small>(as of [price_update_date] &#8211; <span class=\"wp_automatic_amazon_disclaimer\" title=\"Product prices and availability are accurate as of the date\/time indicated and are subject to change. Any price and availability information displayed on [relevant Amazon Site(s), as applicable] at the time of purchase will apply to the purchase of this product.\">Details<\/span>)<\/small><\/i><\/p>\n<p><a href=\"https:\/\/amazon.de\/dp\/B09H8K642G?tag=topgetestet09-21\"><img decoding=\"async\" src=\"https:\/\/i.imgur.com\/ISRHEWs.png\"><\/a><br \/>\n[ad_1]<br \/>\n Um die Gesamtbewertung der Sterne und die prozentuale Aufschl\u00fcsselung nach Sternen zu berechnen, verwenden wir keinen einfachen Durchschnitt. Stattdessen ber\u00fccksichtigt unser System beispielsweise, wie aktuell eine Bewertung ist und ob der Pr\u00fcfer den Artikel bei Amazon gekauft hat. Es wurden auch Bewertungen analysiert, um die Vertrauensw\u00fcrdigkeit zu \u00fcberpr\u00fcfen. <br \/> Verpackungsabmessungen \u200f : \u200e  30.91 x 17.7 x 7.11 cm; 372 Gramm <br \/> Im Angebot von Amazon.de seit \u200f : \u200e  22. September 2021 <br \/> Hersteller \u200f : \u200e  Woolnut <br \/> ASIN \u200f : \u200e  B09H8K642G <br \/> Modellnummer \u200f : \u200e  WNUT-TO-A-881-GN <br \/> Herkunftsland \u200f : \u200e  Indien <\/p>\n<p>Organisiert Ihr technisches Zubeh\u00f6r<br \/>Mehrere intelligente Taschen und elastische Riemen<br \/>Au\u00dfenseite aus vollnarbigem Leder aus Skandinavien<br \/>Innenausstattung aus 100% recyceltem Taft-Polyester<br \/>YKK EXCELLA Metall-Rei\u00dfverschluss aus Japan<br \/>\n<br \/>[ad_2]<\/p>\n","protected":false},"excerpt":{"rendered":"<p>Price: [price_with_discount](as of [price_update_date] &#8211; Details) [ad_1] Um die Gesamtbewertung der Sterne und die prozentuale Aufschl\u00fcsselung nach Sternen zu berechnen, verwenden wir keinen einfachen Durchschnitt. Stattdessen ber\u00fccksichtigt unser System beispielsweise,<\/p>\n","protected":false},"featured_media":20619,"comment_status":"open","ping_status":"closed","template":"","meta":[],"product_cat":[225],"product_tag":[],"class_list":{"0":"post-20618","1":"product","2":"type-product","3":"status-publish","4":"has-post-thumbnail","6":"product_cat-electronics","8":"first","9":"instock","10":"shipping-taxable","11":"product-type-external"},"aioseo_notices":[],"_links":{"self":[{"href":"https:\/\/topgetestet.de\/index.php?rest_route=\/wp\/v2\/product\/20618","targetHints":{"allow":["GET"]}}],"collection":[{"href":"https:\/\/topgetestet.de\/index.php?rest_route=\/wp\/v2\/product"}],"about":[{"href":"https:\/\/topgetestet.de\/index.php?rest_route=\/wp\/v2\/types\/product"}],"replies":[{"embeddable":true,"href":"https:\/\/topgetestet.de\/index.php?rest_route=%2Fwp%2Fv2%2Fcomments&post=20618"}],"wp:featuredmedia":[{"embeddable":true,"href":"https:\/\/topgetestet.de\/index.php?rest_route=\/wp\/v2\/media\/20619"}],"wp:attachment":[{"href":"https:\/\/topgetestet.de\/index.php?rest_route=%2Fwp%2Fv2%2Fmedia&parent=20618"}],"wp:term":[{"taxonomy":"product_cat","embeddable":true,"href":"https:\/\/topgetestet.de\/index.php?rest_route=%2Fwp%2Fv2%2Fproduct_cat&post=20618"},{"taxonomy":"product_tag","embeddable":true,"href":"https:\/\/topgetestet.de\/index.php?rest_route=%2Fwp%2Fv2%2Fproduct_tag&post=20618"}],"curies":[{"name":"wp","href":"https:\/\/api.w.org\/{rel}","templated":true}]}}