{"id":20434,"date":"2022-09-23T08:38:18","date_gmt":"2022-09-23T08:38:18","guid":{"rendered":"https:\/\/topgetestet.de\/?product=vaude-farley-stretch-zip-off-ii-wanderhose-damen-zip-off"},"modified":"2022-09-23T08:38:18","modified_gmt":"2022-09-23T08:38:18","slug":"vaude-farley-stretch-zip-off-ii-wanderhose-damen-zip-off","status":"publish","type":"product","link":"https:\/\/topgetestet.de\/?product=vaude-farley-stretch-zip-off-ii-wanderhose-damen-zip-off","title":{"rendered":"VAUDE Farley Stretch Zip-off II &#8211; Wanderhose Damen Zip Off"},"content":{"rendered":"<p>Price: <span style=\"color:#b12704\">[price_with_discount]<\/span><br \/><i><small>(as of [price_update_date] &#8211; <span class=\"wp_automatic_amazon_disclaimer\" title=\"Product prices and availability are accurate as of the date\/time indicated and are subject to change. Any price and availability information displayed on [relevant Amazon Site(s), as applicable] at the time of purchase will apply to the purchase of this product.\">Details<\/span>)<\/small><\/i><\/p>\n<p><a href=\"https:\/\/amazon.de\/dp\/B09JT36NG5?tag=topgetestet09-21\"><img decoding=\"async\" src=\"https:\/\/i.imgur.com\/ISRHEWs.png\"><\/a><br \/>\n[ad_1]<br \/>\n <span>Unsere beliebte Trekkinghose Farley Stretch ZO Pants mit Abzippfunktion ist in ihrer Neuauflage moderner geschnitten und jetzt noch klimaschonender hergestellt! Diese leichte, elastische Zip-Off Hose zum Wandern und Reisen bietet maximale Bewegungsfreiheit und besteht aus einem klimafreundlichen Polyamid-Material. Dieses hautfreundliche, schnelltrocknende Funktionsmaterial macht die Farley Stretch noch widerstandsf\u00e4higer und abriebfester. Die Zip-Funktion erm\u00f6glicht das schnelle Abnehmen der Hosenbeine zu Shorts. Eingrifftaschen und eine praktische Beintasche mit Rei\u00dfverschluss verwahren wichtige Kleinutensilien. Sie ist damit die perfekte Hose f\u00fcr lange Touren und Wanderungen von Fr\u00fchling bis Herbst. Dieses Produkt ist mit Eco Finish umweltfreundlich wasserabweisend PFC-frei ausger\u00fcstet. Das VAUDE Green Shape-Label steht f\u00fcr ein umwelt- und klimafreundliches, funktionelles Produkt aus bluesign\u00ae zertifizierten, nachhaltigen Materialien.<\/span> <br \/> Verpackungsabmessungen \u200f : \u200e  28.9 x 27.7 x 6.7 cm; 320 Gramm <br \/> Im Angebot von Amazon.de seit \u200f : \u200e  19. Oktober 2021 <br \/> Hersteller \u200f : \u200e  Vaude <br \/> ASIN \u200f : \u200e  B09JT17SDP <br \/> Modellnummer \u200f : \u200e  426200100340 <br \/> Kategorie \u200f : \u200e  Damen <\/p>\n<p>strapazierf\u00e4hig und schnelltrocknend<br \/>Verschluss: Druckknopf<br \/>Hauptmaterial: 89% Polyamid, 11% Elasthan<br \/>Hose<br \/>Pflegehinweis: Maschinenw\u00e4sche<br \/>Modellnummer: 426200100340<br \/>\n<br \/>[ad_2]<\/p>\n","protected":false},"excerpt":{"rendered":"<p>Price: [price_with_discount](as of [price_update_date] &#8211; Details) [ad_1] Unsere beliebte Trekkinghose Farley Stretch ZO Pants mit Abzippfunktion ist in ihrer Neuauflage moderner geschnitten und jetzt noch klimaschonender hergestellt! Diese leichte, elastische<\/p>\n","protected":false},"featured_media":20435,"comment_status":"open","ping_status":"closed","template":"","meta":[],"product_cat":[232],"product_tag":[],"class_list":{"0":"post-20434","1":"product","2":"type-product","3":"status-publish","4":"has-post-thumbnail","6":"product_cat-women-fashion","8":"first","9":"instock","10":"shipping-taxable","11":"product-type-external"},"aioseo_notices":[],"_links":{"self":[{"href":"https:\/\/topgetestet.de\/index.php?rest_route=\/wp\/v2\/product\/20434","targetHints":{"allow":["GET"]}}],"collection":[{"href":"https:\/\/topgetestet.de\/index.php?rest_route=\/wp\/v2\/product"}],"about":[{"href":"https:\/\/topgetestet.de\/index.php?rest_route=\/wp\/v2\/types\/product"}],"replies":[{"embeddable":true,"href":"https:\/\/topgetestet.de\/index.php?rest_route=%2Fwp%2Fv2%2Fcomments&post=20434"}],"wp:featuredmedia":[{"embeddable":true,"href":"https:\/\/topgetestet.de\/index.php?rest_route=\/wp\/v2\/media\/20435"}],"wp:attachment":[{"href":"https:\/\/topgetestet.de\/index.php?rest_route=%2Fwp%2Fv2%2Fmedia&parent=20434"}],"wp:term":[{"taxonomy":"product_cat","embeddable":true,"href":"https:\/\/topgetestet.de\/index.php?rest_route=%2Fwp%2Fv2%2Fproduct_cat&post=20434"},{"taxonomy":"product_tag","embeddable":true,"href":"https:\/\/topgetestet.de\/index.php?rest_route=%2Fwp%2Fv2%2Fproduct_tag&post=20434"}],"curies":[{"name":"wp","href":"https:\/\/api.w.org\/{rel}","templated":true}]}}