{"id":20276,"date":"2022-09-23T07:35:43","date_gmt":"2022-09-23T07:35:43","guid":{"rendered":"https:\/\/topgetestet.de\/?product=nike-herren-quest-4-running-shoes"},"modified":"2022-09-23T07:35:43","modified_gmt":"2022-09-23T07:35:43","slug":"nike-herren-quest-4-running-shoes","status":"publish","type":"product","link":"https:\/\/topgetestet.de\/?product=nike-herren-quest-4-running-shoes","title":{"rendered":"Nike Herren Quest 4 Running Shoes"},"content":{"rendered":"<p>Price: <span style=\"color:#b12704\">[price_with_discount]<\/span><br \/><i><small>(as of [price_update_date] &#8211; <span class=\"wp_automatic_amazon_disclaimer\" title=\"Product prices and availability are accurate as of the date\/time indicated and are subject to change. Any price and availability information displayed on [relevant Amazon Site(s), as applicable] at the time of purchase will apply to the purchase of this product.\">Details<\/span>)<\/small><\/i><\/p>\n<p><a href=\"https:\/\/amazon.de\/dp\/B098P9V3HP?tag=topgetestet09-21\"><img decoding=\"async\" src=\"https:\/\/i.imgur.com\/ISRHEWs.png\"><\/a><br \/>\n[ad_1]<br \/>\n <span>Die Suche nach Geschwindigkeit geht weiter mit Nike Quest 4. Die zus\u00e4tzliche Schaumst\u00e4rke und der gepolsterte Komfort f\u00fcgen zu einem leichten Obermaterial hinzu, das sichere Unterst\u00fctzung bietet. Die intuitiven Details machen ihn zu einem unverzichtbaren Schuh f\u00fcr jeden Tag. Leichtes, minimalistisches Obermaterial mit atmungsaktivem Mesh am Vorfu\u00df. Das halbtransparente Fenster hebt die Flywire Technologie im Mittelbereich hervor. Flywire Kabel werden in die Schn\u00fcrsenkel integriert, um zus\u00e4tzliche Unterst\u00fctzung des Mittelbereichs zu gew\u00e4hrleisten, wenn sie verbunden sind. Die strukturierte Schaumstoff-Zwischensohle bietet zus\u00e4tzliche Strapazierf\u00e4higkeit wo sie ben\u00f6tigt und verleiht einen schillernden Look. Die gr\u00f6\u00dfere Schuhst\u00e4rke bietet weiche D\u00e4mpfung bei jedem Schritt. Die Gummi-Lauffl\u00e4che sorgt f\u00fcr mehr Traktion. Rail auf der Seitensohle wirkt wie ein D\u00e4mpfungsger\u00e4t und Crash Pad f\u00fcr mehr Widerstand im am meisten abgenutzten Bereich. Weicher Schaumstoff in der Ferse bietet Komfort und Unterst\u00fctzung beim Laufen. Die mit Mesh gef\u00fctterte Zunge ist f\u00fcr eine sichere Passform mit dem Innenfutter des Obermaterials verbunden. Das alphanumerische Logo auf der Zunge ist \u00fcbersetzbar mit &#8220;Nike Quest&#8221;.<\/span> <br \/> Verpackungsabmessungen \u200f : \u200e  33 x 21 x 11 cm; 1 Kilogramm <br \/> Im Angebot von Amazon.de seit \u200f : \u200e  5. Juli 2021 <br \/> Hersteller \u200f : \u200e  Nike <br \/> ASIN \u200f : \u200e  B098P8YCXF <br \/> Modellnummer \u200f : \u200e  DA1105-002 <br \/> Kategorie \u200f : \u200e  Herren <\/p>\n<p>[ad_2]<\/p>\n","protected":false},"excerpt":{"rendered":"<p>Price: [price_with_discount](as of [price_update_date] &#8211; Details) [ad_1] Die Suche nach Geschwindigkeit geht weiter mit Nike Quest 4. Die zus\u00e4tzliche Schaumst\u00e4rke und der gepolsterte Komfort f\u00fcgen zu einem leichten Obermaterial hinzu,<\/p>\n","protected":false},"featured_media":20277,"comment_status":"open","ping_status":"closed","template":"","meta":[],"product_cat":[234],"product_tag":[235],"class_list":{"0":"post-20276","1":"product","2":"type-product","3":"status-publish","4":"has-post-thumbnail","6":"product_cat-shoes","7":"product_tag-mens-road-running-shoes","9":"first","10":"instock","11":"shipping-taxable","12":"product-type-external"},"aioseo_notices":[],"_links":{"self":[{"href":"https:\/\/topgetestet.de\/index.php?rest_route=\/wp\/v2\/product\/20276","targetHints":{"allow":["GET"]}}],"collection":[{"href":"https:\/\/topgetestet.de\/index.php?rest_route=\/wp\/v2\/product"}],"about":[{"href":"https:\/\/topgetestet.de\/index.php?rest_route=\/wp\/v2\/types\/product"}],"replies":[{"embeddable":true,"href":"https:\/\/topgetestet.de\/index.php?rest_route=%2Fwp%2Fv2%2Fcomments&post=20276"}],"wp:featuredmedia":[{"embeddable":true,"href":"https:\/\/topgetestet.de\/index.php?rest_route=\/wp\/v2\/media\/20277"}],"wp:attachment":[{"href":"https:\/\/topgetestet.de\/index.php?rest_route=%2Fwp%2Fv2%2Fmedia&parent=20276"}],"wp:term":[{"taxonomy":"product_cat","embeddable":true,"href":"https:\/\/topgetestet.de\/index.php?rest_route=%2Fwp%2Fv2%2Fproduct_cat&post=20276"},{"taxonomy":"product_tag","embeddable":true,"href":"https:\/\/topgetestet.de\/index.php?rest_route=%2Fwp%2Fv2%2Fproduct_tag&post=20276"}],"curies":[{"name":"wp","href":"https:\/\/api.w.org\/{rel}","templated":true}]}}