{"id":19791,"date":"2022-09-23T04:31:51","date_gmt":"2022-09-23T04:31:51","guid":{"rendered":"https:\/\/topgetestet.de\/?post_type=product&#038;p=19791"},"modified":"2022-09-23T04:31:51","modified_gmt":"2022-09-23T04:31:51","slug":"b-i-g-holga-120n-kamera-schwarz","status":"publish","type":"product","link":"https:\/\/topgetestet.de\/?product=b-i-g-holga-120n-kamera-schwarz","title":{"rendered":"B.I.G. Holga 120N Kamera schwarz"},"content":{"rendered":"<p>Price: <span style=\"color:#b12704\">[price_with_discount]<\/span><br \/><i><small>(as of [price_update_date] &#8211; <span class=\"wp_automatic_amazon_disclaimer\" title=\"Product prices and availability are accurate as of the date\/time indicated and are subject to change. Any price and availability information displayed on [relevant Amazon Site(s), as applicable] at the time of purchase will apply to the purchase of this product.\">Details<\/span>)<\/small><\/i><\/p>\n<p><a href=\"https:\/\/amazon.de\/dp\/B004U4NI9W?tag=topgetestet09-21\"><img decoding=\"async\" src=\"https:\/\/i.imgur.com\/ISRHEWs.png\"><\/a><br \/>\n[ad_1]<br \/>\n <span>Kultige Plastikkamera f\u00fcr Profifilme im 60mm breiten Rollfilmformat 120. Entfernungseinstellung ab 1m ganz simpel \u00fcber Symbole. Mehrfachbelichtungen k\u00f6nnen auf einfachste Weise gemacht werden &#8211; einfach den Film nicht weiter transportieren.- W\u00e4hlbares Filmformat 4,5x6cm oder 6x6cm- Plastik-Objektiv mit 60mm Brennweite- Blende 8 + 11- Verschlusszeiten 1\/100 + B- Blitzschuh mit Mittenkontakt- Optischer Sucher- F\u00fcr Objektiv-Vors\u00e4tze und Vertikalsucher geeignet<\/span><br \/>\n<br \/>[ad_2]<\/p>\n","protected":false},"excerpt":{"rendered":"<p>Price: [price_with_discount](as of [price_update_date] &#8211; Details) [ad_1] Kultige Plastikkamera f\u00fcr Profifilme im 60mm breiten Rollfilmformat 120. Entfernungseinstellung ab 1m ganz simpel \u00fcber Symbole. Mehrfachbelichtungen k\u00f6nnen auf einfachste Weise gemacht werden<\/p>\n","protected":false},"featured_media":19792,"comment_status":"open","ping_status":"closed","template":"","meta":[],"product_cat":[226],"product_tag":[251],"class_list":{"0":"post-19791","1":"product","2":"type-product","3":"status-publish","4":"has-post-thumbnail","6":"product_cat-cameras","7":"product_tag-instant-film-cameras","9":"first","10":"instock","11":"shipping-taxable","12":"product-type-external"},"aioseo_notices":[],"_links":{"self":[{"href":"https:\/\/topgetestet.de\/index.php?rest_route=\/wp\/v2\/product\/19791","targetHints":{"allow":["GET"]}}],"collection":[{"href":"https:\/\/topgetestet.de\/index.php?rest_route=\/wp\/v2\/product"}],"about":[{"href":"https:\/\/topgetestet.de\/index.php?rest_route=\/wp\/v2\/types\/product"}],"replies":[{"embeddable":true,"href":"https:\/\/topgetestet.de\/index.php?rest_route=%2Fwp%2Fv2%2Fcomments&post=19791"}],"wp:featuredmedia":[{"embeddable":true,"href":"https:\/\/topgetestet.de\/index.php?rest_route=\/wp\/v2\/media\/19792"}],"wp:attachment":[{"href":"https:\/\/topgetestet.de\/index.php?rest_route=%2Fwp%2Fv2%2Fmedia&parent=19791"}],"wp:term":[{"taxonomy":"product_cat","embeddable":true,"href":"https:\/\/topgetestet.de\/index.php?rest_route=%2Fwp%2Fv2%2Fproduct_cat&post=19791"},{"taxonomy":"product_tag","embeddable":true,"href":"https:\/\/topgetestet.de\/index.php?rest_route=%2Fwp%2Fv2%2Fproduct_tag&post=19791"}],"curies":[{"name":"wp","href":"https:\/\/api.w.org\/{rel}","templated":true}]}}