{"id":19694,"date":"2022-09-23T03:46:55","date_gmt":"2022-09-23T03:46:55","guid":{"rendered":"https:\/\/topgetestet.de\/?product=mass-effect-legendary-edition-playstation-4-kompatibel-mit-playstation-5"},"modified":"2022-09-23T03:46:55","modified_gmt":"2022-09-23T03:46:55","slug":"mass-effect-legendary-edition-playstation-4-kompatibel-mit-playstation-5","status":"publish","type":"product","link":"https:\/\/topgetestet.de\/?product=mass-effect-legendary-edition-playstation-4-kompatibel-mit-playstation-5","title":{"rendered":"MASS EFFECT Legendary Edition &#8211; [Playstation 4, kompatibel mit PlayStation 5]"},"content":{"rendered":"<p>Price: <span style=\"color:#b12704\">[price_with_discount]<\/span><br \/><i><small>(as of [price_update_date] &#8211; <span class=\"wp_automatic_amazon_disclaimer\" title=\"Product prices and availability are accurate as of the date\/time indicated and are subject to change. Any price and availability information displayed on [relevant Amazon Site(s), as applicable] at the time of purchase will apply to the purchase of this product.\">Details<\/span>)<\/small><\/i><\/p>\n<p><a href=\"https:\/\/amazon.de\/dp\/B08VPSSBBS?tag=topgetestet09-21\"><img decoding=\"async\" src=\"https:\/\/i.imgur.com\/ISRHEWs.png\"><\/a><br \/>\n[ad_1]<br \/>\n <span>EINE LEGENDE KEHRT ZUR\u00dcCK!<\/p>\n<p>Entdecke die epische Saga erneut!<br \/>Zum Umfang der Mass Effect Legendary Edition geh\u00f6ren die Einzelspieler-Basisinhalte sowie \u00fcber 40 DLCs der hochgelobten Spiele Mass Effect, Mass Effect 2 und Mass Effect 3, darunter auch spezielle Promo-Waffen, -R\u00fcstungen, und -Packs &#8211; alles in \u00fcberarbeiteter und f\u00fcr 4K Ultra HD optimierter Form.<\/p>\n<p>\u00dcberlege dir deine Entscheidungen gut!<br \/>Deine Entscheidungen werden nahtlos von einem Spiel zum n\u00e4chsten \u00fcbernommen. Jede deiner Entscheidungen, beeinflusst den Ausgang jeder Mission, Beziehung und K\u00e4mpfe &#8211; und sogar das Schicksal der Galaxie selbst.<\/p>\n<p>Erlebe die Legende von Shepard!<br \/>Erstelle deinen Charakter, vom Aussehen und seinen F\u00e4higkeiten bis hin zum eigenen Arsenal, und f\u00fchre anschlie\u00dfend deine Elite-Aufkl\u00e4rungstrupp durch eine Galaxie im Aufruhr.<\/p>\n<p>REMASTERED UND OPTIMIERT F\u00dcR 4K ULTRA HD<br \/>Erlebe die kinoreife Saga in atemberaubendem 4K mit verbesserten Grafikeffekten, Texturen und Modellen. Umfasst moderne Grafikverbesserungen, eine aktualisierte Benutzeroberfl\u00e4che und mehr.<\/p>\n<p>Spiel komplett auf Deutsch!<br \/><\/span> <br \/> Alterseinstufung \u200f : \u200e  USK ab 16 freigegeben <br \/> Sprache \u200f : \u200e  Deutsch <br \/> Produktabmessungen \u200f : \u200e  17.2 x 13.4 x 1.3 cm; 100 Gramm <br \/> Erscheinungstermin \u200f : \u200e  14. Mai 2021 <br \/> ASIN \u200f : \u200e  B08VPSSBBS <br \/> Modellnummer \u200f : \u200e  1083225 <br \/> Herkunftsland \u200f : \u200e  Deutschland <\/p>\n<p>Mass Effect Legendary Edition umfasst Einzelspieler-Basisinhalte f\u00fcr alle drei Spiele und mehr als 40 DLCs mit mehr als 100 Stunden Spielzeit in einer einzigen Saga. Erlebe ein unglaublich reichhaltiges und detailliertes Universum mit einer atemberaubenden Grafik.<br \/>Deine Entscheidungen werden flie\u00dfend von Spiel zu Spiel \u00fcbernommen. Jede Entscheidung, die du triffst, beeinflusst den Ausgang jeder Mission, jeder Beziehung, jedes Kampfes \u2013 und der Galaxie selbst.<br \/>Erstelle und individualisiere deinen eigenen Charakter, vom Aussehen und seinen F\u00e4higkeiten, bis hin zu einem personalisierten Arsenal, und f\u00fchre deinen Elite-Aufkl\u00e4rungstrupp durch eine Galaxie in Aufruhr.<br \/>\n<br \/>[ad_2]<\/p>\n","protected":false},"excerpt":{"rendered":"<p>Price: [price_with_discount](as of [price_update_date] &#8211; Details) [ad_1] EINE LEGENDE KEHRT ZUR\u00dcCK! Entdecke die epische Saga erneut!Zum Umfang der Mass Effect Legendary Edition geh\u00f6ren die Einzelspieler-Basisinhalte sowie \u00fcber 40 DLCs der<\/p>\n","protected":false},"featured_media":19695,"comment_status":"open","ping_status":"closed","template":"","meta":[],"product_cat":[227],"product_tag":[261],"class_list":{"0":"post-19694","1":"product","2":"type-product","3":"status-publish","4":"has-post-thumbnail","6":"product_cat-gaming","7":"product_tag-playstation-legacy-games","9":"first","10":"instock","11":"sale","12":"shipping-taxable","13":"product-type-external"},"aioseo_notices":[],"_links":{"self":[{"href":"https:\/\/topgetestet.de\/index.php?rest_route=\/wp\/v2\/product\/19694","targetHints":{"allow":["GET"]}}],"collection":[{"href":"https:\/\/topgetestet.de\/index.php?rest_route=\/wp\/v2\/product"}],"about":[{"href":"https:\/\/topgetestet.de\/index.php?rest_route=\/wp\/v2\/types\/product"}],"replies":[{"embeddable":true,"href":"https:\/\/topgetestet.de\/index.php?rest_route=%2Fwp%2Fv2%2Fcomments&post=19694"}],"wp:featuredmedia":[{"embeddable":true,"href":"https:\/\/topgetestet.de\/index.php?rest_route=\/wp\/v2\/media\/19695"}],"wp:attachment":[{"href":"https:\/\/topgetestet.de\/index.php?rest_route=%2Fwp%2Fv2%2Fmedia&parent=19694"}],"wp:term":[{"taxonomy":"product_cat","embeddable":true,"href":"https:\/\/topgetestet.de\/index.php?rest_route=%2Fwp%2Fv2%2Fproduct_cat&post=19694"},{"taxonomy":"product_tag","embeddable":true,"href":"https:\/\/topgetestet.de\/index.php?rest_route=%2Fwp%2Fv2%2Fproduct_tag&post=19694"}],"curies":[{"name":"wp","href":"https:\/\/api.w.org\/{rel}","templated":true}]}}