{"id":19689,"date":"2022-09-23T03:45:35","date_gmt":"2022-09-23T03:45:35","guid":{"rendered":"https:\/\/topgetestet.de\/?product=scarpe-vita-unisex-damen-herren-sneaker-low-ubergrosen"},"modified":"2022-09-23T03:45:35","modified_gmt":"2022-09-23T03:45:35","slug":"scarpe-vita-unisex-damen-herren-sneaker-low-ubergrosen","status":"publish","type":"product","link":"https:\/\/topgetestet.de\/?product=scarpe-vita-unisex-damen-herren-sneaker-low-ubergrosen","title":{"rendered":"SCARPE VITA Unisex Damen Herren Sneaker Low \u00dcbergr\u00f6\u00dfen"},"content":{"rendered":"<p>Price: <span style=\"color:#b12704\">[price_with_discount]<\/span><br \/><i><small>(as of [price_update_date] &#8211; <span class=\"wp_automatic_amazon_disclaimer\" title=\"Product prices and availability are accurate as of the date\/time indicated and are subject to change. Any price and availability information displayed on [relevant Amazon Site(s), as applicable] at the time of purchase will apply to the purchase of this product.\">Details<\/span>)<\/small><\/i><\/p>\n<p><a href=\"https:\/\/amazon.de\/dp\/B07G4CD7GL?tag=topgetestet09-21\"><img decoding=\"async\" src=\"https:\/\/i.imgur.com\/ISRHEWs.png\"><\/a><br \/>\n[ad_1]<\/p>\n<p>       Produktinformation <\/p>\n<p>          <img decoding=\"async\" alt=\"A\" src=\"https:\/\/images-na.ssl-images-amazon.com\/images\/G\/01\/x-locale\/common\/grey-pixel.gif\" class=\"a-spacing-base a-lazy-loaded\" data-src=\"https:\/\/m.media-amazon.com\/images\/S\/aplus-media\/sc\/454664a1-41a5-4f9a-a3fb-3685905b471d.__CR0,0,970,600_PT0_SX970_V1___.jpg\"><\/p>\n<p>           <img decoding=\"async\" alt=\"A\" src=\"https:\/\/m.media-amazon.com\/images\/S\/aplus-media\/sc\/454664a1-41a5-4f9a-a3fb-3685905b471d.__CR0,0,970,600_PT0_SX970_V1___.jpg\"><\/p>\n<p class=\"a-spacing-base\"> Eigenschaften: <\/p>\n<p class=\"a-spacing-base\">\n<p>           Obermaterial: Angenehmer Stoff, der leicht zu pflegen ist.<br \/>\n           Innenmaterial: Das Innenmaterial besteht ebenfalls aus Stoff, der f\u00fcr Tragekomfort sorgt.<br \/>\n           Sohle: Die bequeme Gummilaufsohle ist ideal f\u00fcr den Alltag geeignet.<br \/>\n           Verarbeitung: Feine und dekorative N\u00e4hte sorgen f\u00fcr einen qualitativen Look.<\/p>\n<p> <img decoding=\"async\" alt=\"Laufsohle \" src=\"https:\/\/images-na.ssl-images-amazon.com\/images\/G\/01\/x-locale\/common\/grey-pixel.gif\" class=\"a-lazy-loaded\" data-src=\"https:\/\/m.media-amazon.com\/images\/S\/aplus-media\/sc\/37f06f94-e98a-464f-9af6-83b5da2beb2e.__CR0,0,1500,1500_PT0_SX220_V1___.jpg\">\n                     <\/p>\n<p>                      <img decoding=\"async\" alt=\"Laufsohle \" src=\"https:\/\/m.media-amazon.com\/images\/S\/aplus-media\/sc\/37f06f94-e98a-464f-9af6-83b5da2beb2e.__CR0,0,1500,1500_PT0_SX220_V1___.jpg\"><\/p>\n<p> <img decoding=\"async\" alt=\"Hochwertige Verarbeitung\" src=\"https:\/\/images-na.ssl-images-amazon.com\/images\/G\/01\/x-locale\/common\/grey-pixel.gif\" class=\"a-lazy-loaded\" data-src=\"https:\/\/m.media-amazon.com\/images\/S\/aplus-media\/sc\/e9df8b4e-0eca-4ee1-afe5-815b4beff450.__CR0,0,1500,1500_PT0_SX220_V1___.jpg\">\n                     <\/p>\n<p>                      <img decoding=\"async\" alt=\"Hochwertige Verarbeitung\" src=\"https:\/\/m.media-amazon.com\/images\/S\/aplus-media\/sc\/e9df8b4e-0eca-4ee1-afe5-815b4beff450.__CR0,0,1500,1500_PT0_SX220_V1___.jpg\"><\/p>\n<p> <img decoding=\"async\" alt=\"Gummierte Zehenkappe\" src=\"https:\/\/images-na.ssl-images-amazon.com\/images\/G\/01\/x-locale\/common\/grey-pixel.gif\" class=\"a-lazy-loaded\" data-src=\"https:\/\/m.media-amazon.com\/images\/S\/aplus-media\/sc\/45a4a6d0-0633-417e-9024-c0af7ca397fd.__CR0,0,1500,1500_PT0_SX220_V1___.jpg\">\n                     <\/p>\n<p>                      <img decoding=\"async\" alt=\"Gummierte Zehenkappe\" src=\"https:\/\/m.media-amazon.com\/images\/S\/aplus-media\/sc\/45a4a6d0-0633-417e-9024-c0af7ca397fd.__CR0,0,1500,1500_PT0_SX220_V1___.jpg\"><\/p>\n<p> <img decoding=\"async\" alt=\"Klassisches Design\" src=\"https:\/\/images-na.ssl-images-amazon.com\/images\/G\/01\/x-locale\/common\/grey-pixel.gif\" class=\"a-lazy-loaded\" data-src=\"https:\/\/m.media-amazon.com\/images\/S\/aplus-media\/sc\/b921cc17-ecd9-42db-9b7b-4f3aa73033d6.__CR0,0,1500,1500_PT0_SX220_V1___.jpg\">\n                     <\/p>\n<p>                      <img decoding=\"async\" alt=\"Klassisches Design\" src=\"https:\/\/m.media-amazon.com\/images\/S\/aplus-media\/sc\/b921cc17-ecd9-42db-9b7b-4f3aa73033d6.__CR0,0,1500,1500_PT0_SX220_V1___.jpg\"><\/p>\n<p>                     Laufsohle  <\/p>\n<p class=\"a-size-small\"> Die sportlichen Sneaker low verf\u00fcgen \u00fcber eine gummierte Laufsohle, die ideal f\u00fcr den Alltag geeignet ist. <\/p>\n<p>                     Hochwertige Verarbeitung  <\/p>\n<p class=\"a-size-small\"> Die Sneaker low \u00fcberzeugen mit einer optimalen Verarbeitung. Das stabile Obermaterial harmoniert ideal mit der klassischen Schn\u00fcrung und l\u00e4sst die Schuhe hochwertig erscheinen. <\/p>\n<p>                     Gummierte Zehenkappe  <\/p>\n<p class=\"a-size-small\"> Dank der gummierten Zehenkappe sind die Zehen vorne gesch\u00fctzt. Auch in der Freizeit oder beim Sport sorgt die gummierte Zehenkappe f\u00fcr zus\u00e4tzlichen Halt. <\/p>\n<p>                     Klassisches Design  <\/p>\n<p class=\"a-size-small\"> Die bequemen Sneaker low sind zeitlos und klassisch. Sie k\u00f6nnen im Alltag und in der Freizeit mit vielen Outfits kombiniert werden und verleihen das gewisse Etwas. <\/p>\n<p> Verpackungsabmessungen \u200f : \u200e  29.6 x 14.6 x 10 cm; 520 Gramm <br \/> Im Angebot von Amazon.de seit \u200f : \u200e  25. Juni 2018 <br \/> ASIN \u200f : \u200e  B07F14R5Z6 <br \/> Kategorie \u200f : \u200e  Damen <\/p>\n<p>[ad_2]<\/p>\n","protected":false},"excerpt":{"rendered":"<p>Price: [price_with_discount](as of [price_update_date] &#8211; Details) [ad_1] Produktinformation Eigenschaften: Obermaterial: Angenehmer Stoff, der leicht zu pflegen ist. Innenmaterial: Das Innenmaterial besteht ebenfalls aus Stoff, der f\u00fcr Tragekomfort sorgt. Sohle: Die<\/p>\n","protected":false},"featured_media":19690,"comment_status":"open","ping_status":"closed","template":"","meta":[],"product_cat":[231],"product_tag":[],"class_list":{"0":"post-19689","1":"product","2":"type-product","3":"status-publish","4":"has-post-thumbnail","6":"product_cat-mens-fashion","8":"first","9":"instock","10":"shipping-taxable","11":"product-type-external"},"aioseo_notices":[],"_links":{"self":[{"href":"https:\/\/topgetestet.de\/index.php?rest_route=\/wp\/v2\/product\/19689","targetHints":{"allow":["GET"]}}],"collection":[{"href":"https:\/\/topgetestet.de\/index.php?rest_route=\/wp\/v2\/product"}],"about":[{"href":"https:\/\/topgetestet.de\/index.php?rest_route=\/wp\/v2\/types\/product"}],"replies":[{"embeddable":true,"href":"https:\/\/topgetestet.de\/index.php?rest_route=%2Fwp%2Fv2%2Fcomments&post=19689"}],"wp:featuredmedia":[{"embeddable":true,"href":"https:\/\/topgetestet.de\/index.php?rest_route=\/wp\/v2\/media\/19690"}],"wp:attachment":[{"href":"https:\/\/topgetestet.de\/index.php?rest_route=%2Fwp%2Fv2%2Fmedia&parent=19689"}],"wp:term":[{"taxonomy":"product_cat","embeddable":true,"href":"https:\/\/topgetestet.de\/index.php?rest_route=%2Fwp%2Fv2%2Fproduct_cat&post=19689"},{"taxonomy":"product_tag","embeddable":true,"href":"https:\/\/topgetestet.de\/index.php?rest_route=%2Fwp%2Fv2%2Fproduct_tag&post=19689"}],"curies":[{"name":"wp","href":"https:\/\/api.w.org\/{rel}","templated":true}]}}