{"id":18719,"date":"2022-09-22T21:07:55","date_gmt":"2022-09-22T21:07:55","guid":{"rendered":"https:\/\/topgetestet.de\/?product=playstation-4-dualshock-4-wireless-controller-camouflage-2016"},"modified":"2022-09-22T21:07:55","modified_gmt":"2022-09-22T21:07:55","slug":"playstation-4-dualshock-4-wireless-controller-camouflage-2016","status":"publish","type":"product","link":"https:\/\/topgetestet.de\/?product=playstation-4-dualshock-4-wireless-controller-camouflage-2016","title":{"rendered":"PlayStation 4 &#8211; DualShock 4 Wireless Controller, Camouflage (2016)"},"content":{"rendered":"<p>Price: <span style=\"color:#b12704\">[price_with_discount]<\/span><br \/><i><small>(as of [price_update_date] &#8211; <span class=\"wp_automatic_amazon_disclaimer\" title=\"Product prices and availability are accurate as of the date\/time indicated and are subject to change. Any price and availability information displayed on [relevant Amazon Site(s), as applicable] at the time of purchase will apply to the purchase of this product.\">Details<\/span>)<\/small><\/i><\/p>\n<p><a href=\"https:\/\/amazon.de\/dp\/B01MQTRR0D?tag=topgetestet09-21\"><img decoding=\"async\" src=\"https:\/\/i.imgur.com\/ISRHEWs.png\"><\/a><br \/>\n[ad_1]<br \/>\n <span>DUALSHOCK4 Wireless-Controller Green Camouflage V2<\/p>\n<p>Der DUALSHOCK 4 Wireless-Controller bietet eine Kombination aus revolution\u00e4ren Funktionen in einem neuen intuitiven Design und pr\u00e4ziser Steuerung und definiert so eine vollkommen neue Generation des Gamings.<\/p>\n<p>Ergonomischer Design \u2013 Entdecken Sie das elegante, super komfortable Design und die optimierten Analog-Stick und Tasten, die f\u00fcr ein genaues und pr\u00e4zises Spiel sorgen.<\/p>\n<p>SHARE-Taste \u2013 Mit der SHARE-Taste k\u00f6nnen Gameplay-Videos und Screenshots aus dem Spiel in sozialen Netzwerken geteilt werden. Streamen Sie live auf Twitch, YouTube und Dailymotion oder schneiden Sie aufgenommene Spielszenen und teilen diese auf Facebook und Twitter.<\/p>\n<p>Touchpad \u2013 Sie k\u00f6nnen mit dem interaktiven Touchpad nicht nur steuern, sondern auch gestikulieren und zeichnen \u2013 im neuen Design ist zus\u00e4tzlich eine Leuchtleiste intrigiert.<\/p>\n<p>Leuchtleiste \u2013 Die neue Lichtleiste bietet mit der Ausstrahlung verschiedener Farben ein personalisiertes Erlebnis und eine neue Dimension des Gamings. Zudem vereinfacht es der PlayStation\u00aeCamera Ihre Position zu erfassen und somit eine verbesserte Interaktion mit der virtuellen Welt der PlayStation\u00aeVR.<\/p>\n<p>Stereoheadset-Anschluss \u2013 Genie\u00dfen Sie die extra Soundeffekte und kommunizieren Sie mit ihren Freunden via Headset.<\/p>\n<p>Vibration Feedback \u2013 Dank der intuitiven Vibrationsmotoren und des Zittern und R\u00fctteln des Controllers f\u00fchlen Sie sich noch mehr in die actionreichen Spiele eingebunden.<\/p>\n<p>Remote Play \u2013 Streamem Sie ihre Spiele \u00fcber das WLAN-Netzwerk auf Ihren PC oder Mac\u2013 die Zeiten, in denen Sie an den Fernseher gefesselt waren, sind vorbei!<\/p>\n<p>Individuelle Einstellung \u2013 Ihr DUALSHOCK\u00ae l\u00e4sst sich von Ihnen so einstellen wie es Ihnen gef\u00e4llt. Sie k\u00f6nnen mit der Lautst\u00e4rke variieren, die Vibration deaktivieren und die Helligkeit der Leuchtleiste anpassen um Akku zu sparen. Sie k\u00f6nnen ebenso entscheiden, ob sie via Bluetooth\u00ae oder USB Kabel mit Ihrer PS4\u2122 interagieren<\/span> <br \/> Auslaufartikel (Produktion durch Hersteller eingestellt) \u200f : \u200e  Nein <br \/> Batterien \u200f : \u200e  1 Lithium-Polymer Batterien erforderlich. <br \/> Alterseinstufung \u200f : \u200e  Nicht gepr\u00fcft <br \/> Sprache \u200f : \u200e  Italienisch <br \/> Handbuch \u200f : \u200e  Deutsch <br \/> Produktabmessungen \u200f : \u200e  19 x 13.5 x 3 cm; 300 Gramm <br \/> Erscheinungstermin \u200f : \u200e  11. Januar 2017 <br \/> Untertitel: \u200f : \u200e  Italienisch <br \/> ASIN \u200f : \u200e  B01MQTRR0D <br \/> Modellnummer \u200f : \u200e  9894858 <br \/> Herkunftsland \u200f : \u200e  Deutschland <\/p>\n<p>Die Dual-Analogsticks wurden verbessert und bieten eine gr\u00f6\u00dfere Pr\u00e4zision, ein besseres Material auf den Oberfl\u00e4chen sowie eine verbesserte Form, um eine noch genauere Steuerung zu erm\u00f6glichen.<br \/>Die L2\/R2-Tasten oben auf dem Controller wurden abgerundet und sind jetzt einfacher und fl\u00fcssiger zu bedienen.<br \/>Eine neue \u201cOptions\u201d-Taste kombiniert die Funktionen der \u201cSelect\u201d- und \u201cStart\u201d-Tasten auf dem DualShock 4 zur Steuerung der Ingame-Men\u00fcs.<br \/>\n<br \/>[ad_2]<\/p>\n","protected":false},"excerpt":{"rendered":"<p>Price: [price_with_discount](as of [price_update_date] &#8211; Details) [ad_1] DUALSHOCK4 Wireless-Controller Green Camouflage V2 Der DUALSHOCK 4 Wireless-Controller bietet eine Kombination aus revolution\u00e4ren Funktionen in einem neuen intuitiven Design und pr\u00e4ziser Steuerung<\/p>\n","protected":false},"featured_media":18720,"comment_status":"open","ping_status":"closed","template":"","meta":[],"product_cat":[227],"product_tag":[264],"class_list":{"0":"post-18719","1":"product","2":"type-product","3":"status-publish","4":"has-post-thumbnail","6":"product_cat-gaming","7":"product_tag-playstation-4-accessories","9":"first","10":"instock","11":"sale","12":"shipping-taxable","13":"product-type-external"},"aioseo_notices":[],"_links":{"self":[{"href":"https:\/\/topgetestet.de\/index.php?rest_route=\/wp\/v2\/product\/18719","targetHints":{"allow":["GET"]}}],"collection":[{"href":"https:\/\/topgetestet.de\/index.php?rest_route=\/wp\/v2\/product"}],"about":[{"href":"https:\/\/topgetestet.de\/index.php?rest_route=\/wp\/v2\/types\/product"}],"replies":[{"embeddable":true,"href":"https:\/\/topgetestet.de\/index.php?rest_route=%2Fwp%2Fv2%2Fcomments&post=18719"}],"wp:featuredmedia":[{"embeddable":true,"href":"https:\/\/topgetestet.de\/index.php?rest_route=\/wp\/v2\/media\/18720"}],"wp:attachment":[{"href":"https:\/\/topgetestet.de\/index.php?rest_route=%2Fwp%2Fv2%2Fmedia&parent=18719"}],"wp:term":[{"taxonomy":"product_cat","embeddable":true,"href":"https:\/\/topgetestet.de\/index.php?rest_route=%2Fwp%2Fv2%2Fproduct_cat&post=18719"},{"taxonomy":"product_tag","embeddable":true,"href":"https:\/\/topgetestet.de\/index.php?rest_route=%2Fwp%2Fv2%2Fproduct_tag&post=18719"}],"curies":[{"name":"wp","href":"https:\/\/api.w.org\/{rel}","templated":true}]}}