{"id":18370,"date":"2022-09-22T19:20:57","date_gmt":"2022-09-22T19:20:57","guid":{"rendered":"https:\/\/topgetestet.de\/?product=under-armour-herren-charged-impulse-2-laufschuh-2"},"modified":"2022-09-22T19:20:57","modified_gmt":"2022-09-22T19:20:57","slug":"under-armour-herren-charged-impulse-2-laufschuh-2","status":"publish","type":"product","link":"https:\/\/topgetestet.de\/?product=under-armour-herren-charged-impulse-2-laufschuh-2","title":{"rendered":"Under Armour Herren Charged Impulse 2 Laufschuh"},"content":{"rendered":"<p>Price: <span style=\"color:#b12704\">[price_with_discount]<\/span><br \/><i><small>(as of [price_update_date] &#8211; <span class=\"wp_automatic_amazon_disclaimer\" title=\"Product prices and availability are accurate as of the date\/time indicated and are subject to change. Any price and availability information displayed on [relevant Amazon Site(s), as applicable] at the time of purchase will apply to the purchase of this product.\">Details<\/span>)<\/small><\/i><\/p>\n<p><a href=\"https:\/\/amazon.de\/dp\/B09692T5KG?tag=topgetestet09-21\"><img decoding=\"async\" src=\"https:\/\/i.imgur.com\/ISRHEWs.png\"><\/a><br \/>\n[ad_1]<br \/>\n <span>Engineered mesh upper is extremely lightweight &amp; breathable, with strategic support where you need it. 3\/4 L\u00e4nge Bootie-Konstruktion umschlie\u00dft den Mittelfu\u00df und den Vorfu\u00df, f\u00fcr eine sicherere, pl\u00fcschige Passform. Eingebettete Einlegesohle f\u00fcr zus\u00e4tzliche D\u00e4mpfung und nahtlosen Komfort. Charged Cushioning\u00ae-Mittelsohle ist fester in der Ferse und im Vorfu\u00df weicher f\u00fcr Halt und Komfort. Vollgummi-Au\u00dfensohle deckt hohe Aufprallzonen ab, f\u00fcr mehr Haltbarkeit bei geringerem Gewicht.<\/span> <br \/> Verpackungsabmessungen \u200f : \u200e  30.71 x 20.5 x 11.2 cm; 540 Gramm <br \/> Im Angebot von Amazon.de seit \u200f : \u200e  6. November 2021 <br \/> Hersteller \u200f : \u200e  Under Armour <br \/> ASIN \u200f : \u200e  B08MVF3C66 <br \/> Modellnummer \u200f : \u200e  3024136 <br \/> Kategorie \u200f : \u200e  Herren <\/p>\n<p>[ad_2]<\/p>\n","protected":false},"excerpt":{"rendered":"<p>Price: [price_with_discount](as of [price_update_date] &#8211; Details) [ad_1] Engineered mesh upper is extremely lightweight &amp; breathable, with strategic support where you need it. 3\/4 L\u00e4nge Bootie-Konstruktion umschlie\u00dft den Mittelfu\u00df und den<\/p>\n","protected":false},"featured_media":18371,"comment_status":"open","ping_status":"closed","template":"","meta":[],"product_cat":[234],"product_tag":[235],"class_list":{"0":"post-18370","1":"product","2":"type-product","3":"status-publish","4":"has-post-thumbnail","6":"product_cat-shoes","7":"product_tag-mens-road-running-shoes","9":"first","10":"instock","11":"shipping-taxable","12":"product-type-external"},"aioseo_notices":[],"_links":{"self":[{"href":"https:\/\/topgetestet.de\/index.php?rest_route=\/wp\/v2\/product\/18370","targetHints":{"allow":["GET"]}}],"collection":[{"href":"https:\/\/topgetestet.de\/index.php?rest_route=\/wp\/v2\/product"}],"about":[{"href":"https:\/\/topgetestet.de\/index.php?rest_route=\/wp\/v2\/types\/product"}],"replies":[{"embeddable":true,"href":"https:\/\/topgetestet.de\/index.php?rest_route=%2Fwp%2Fv2%2Fcomments&post=18370"}],"wp:featuredmedia":[{"embeddable":true,"href":"https:\/\/topgetestet.de\/index.php?rest_route=\/wp\/v2\/media\/18371"}],"wp:attachment":[{"href":"https:\/\/topgetestet.de\/index.php?rest_route=%2Fwp%2Fv2%2Fmedia&parent=18370"}],"wp:term":[{"taxonomy":"product_cat","embeddable":true,"href":"https:\/\/topgetestet.de\/index.php?rest_route=%2Fwp%2Fv2%2Fproduct_cat&post=18370"},{"taxonomy":"product_tag","embeddable":true,"href":"https:\/\/topgetestet.de\/index.php?rest_route=%2Fwp%2Fv2%2Fproduct_tag&post=18370"}],"curies":[{"name":"wp","href":"https:\/\/api.w.org\/{rel}","templated":true}]}}