{"id":18262,"date":"2022-09-22T18:46:38","date_gmt":"2022-09-22T18:46:38","guid":{"rendered":"https:\/\/topgetestet.de\/?product=pulse-3d-wireless-headset-midnight-black-playstation-5"},"modified":"2022-09-22T18:46:38","modified_gmt":"2022-09-22T18:46:38","slug":"pulse-3d-wireless-headset-midnight-black-playstation-5","status":"publish","type":"product","link":"https:\/\/topgetestet.de\/?product=pulse-3d-wireless-headset-midnight-black-playstation-5","title":{"rendered":"PULSE 3D\u2122-Wireless-Headset &#8211; Midnight Black [PlayStation 5]"},"content":{"rendered":"<p>Price: <span style=\"color:#b12704\">[price_with_discount]<\/span><br \/><i><small>(as of [price_update_date] &#8211; <span class=\"wp_automatic_amazon_disclaimer\" title=\"Product prices and availability are accurate as of the date\/time indicated and are subject to change. Any price and availability information displayed on [relevant Amazon Site(s), as applicable] at the time of purchase will apply to the purchase of this product.\">Details<\/span>)<\/small><\/i><\/p>\n<p><a href=\"https:\/\/amazon.de\/dp\/B09GBY7632?tag=topgetestet09-21\"><img decoding=\"async\" src=\"https:\/\/i.imgur.com\/ISRHEWs.png\"><\/a><br \/>\n[ad_1]<br \/>\n <span>Verf\u00fcgbar, wenn die Funktion vom Spiel unterst\u00fctzt wird. ** Internetverbindung und PlayStation Network-Konto erforderlich. Kontoinhaber m\u00fcssen mindestens 7 Jahre alt sein, Personen unter 18 Jahren ben\u00f6tigen die Zustimmung eines Erziehungsberechtigten. Es gelten die vollst\u00e4ndigen Nutzungsbedingungen: playstation.com\/PSNTerms. F\u00fcr Streamingdienste ist ein Drittanbieter-Konto erforderlich.<\/span> <br \/> Batterien \u200f : \u200e  1 Lithium-Ionen Batterien erforderlich. <br \/> Alterseinstufung \u200f : \u200e  Nicht gepr\u00fcft <br \/> Sprache \u200f : \u200e  Englisch <br \/> Produktabmessungen \u200f : \u200e  22.1 x 13.1 x 22.4 cm; 292 Gramm <br \/> Erscheinungstermin \u200f : \u200e  29. Oktober 2021 <br \/> ASIN \u200f : \u200e  B09GBY7632 <br \/> Modellnummer \u200f : \u200e  9833994 <br \/> Herkunftsland \u200f : \u200e  Deutschland <\/p>\n<p>Genie\u00dfe stilvolles Spielvergn\u00fcgen mit einem eleganten Headset, das den Look deiner PS5-Konsole perfekt erg\u00e4nzt und \u00fcber optimierte Ohrpolster und ein Kopfb\u00fcgelband f\u00fcr zus\u00e4tzlichen Komfort verf\u00fcgt<br \/>Die beiden integrierten Mikrofone sind optimal positioniert f\u00fcr klare Sprachaufnahmen und mit Ger\u00e4uschunterdr\u00fcckungstechnologien ausgestattet, damit du dir sicher sein kannst, dass dich deine Freunde online h\u00f6ren k\u00f6nnen.<br \/>Mit dem integrierten Akku kannst du bis zu 12 Stunden kabellos spielen. Stelle \u00fcber den enthaltenen Adapter eine Verbindung zu PS5- und PS4-Konsolen oder zu kompatiblen Windows- und macOS-Computern her.<br \/>\u00dcber das enthaltene 3,5-mm-Audio-Kabel kannst du das Headset ganz einfach mit PlayStationVR und Mobilger\u00e4ten verbinden.<br \/>Lieferumfang: PULSE 3D-Wireless-Headset, Wireless-Adapter, USB-Kabel, Audio-Kabel, Bedienungsanleitung<br \/>\n<br \/>[ad_2]<\/p>\n","protected":false},"excerpt":{"rendered":"<p>Price: [price_with_discount](as of [price_update_date] &#8211; Details) [ad_1] Verf\u00fcgbar, wenn die Funktion vom Spiel unterst\u00fctzt wird. ** Internetverbindung und PlayStation Network-Konto erforderlich. Kontoinhaber m\u00fcssen mindestens 7 Jahre alt sein, Personen unter<\/p>\n","protected":false},"featured_media":18263,"comment_status":"open","ping_status":"closed","template":"","meta":[],"product_cat":[225],"product_tag":[],"class_list":{"0":"post-18262","1":"product","2":"type-product","3":"status-publish","4":"has-post-thumbnail","6":"product_cat-electronics","8":"first","9":"instock","10":"sale","11":"shipping-taxable","12":"product-type-external"},"aioseo_notices":[],"_links":{"self":[{"href":"https:\/\/topgetestet.de\/index.php?rest_route=\/wp\/v2\/product\/18262","targetHints":{"allow":["GET"]}}],"collection":[{"href":"https:\/\/topgetestet.de\/index.php?rest_route=\/wp\/v2\/product"}],"about":[{"href":"https:\/\/topgetestet.de\/index.php?rest_route=\/wp\/v2\/types\/product"}],"replies":[{"embeddable":true,"href":"https:\/\/topgetestet.de\/index.php?rest_route=%2Fwp%2Fv2%2Fcomments&post=18262"}],"wp:featuredmedia":[{"embeddable":true,"href":"https:\/\/topgetestet.de\/index.php?rest_route=\/wp\/v2\/media\/18263"}],"wp:attachment":[{"href":"https:\/\/topgetestet.de\/index.php?rest_route=%2Fwp%2Fv2%2Fmedia&parent=18262"}],"wp:term":[{"taxonomy":"product_cat","embeddable":true,"href":"https:\/\/topgetestet.de\/index.php?rest_route=%2Fwp%2Fv2%2Fproduct_cat&post=18262"},{"taxonomy":"product_tag","embeddable":true,"href":"https:\/\/topgetestet.de\/index.php?rest_route=%2Fwp%2Fv2%2Fproduct_tag&post=18262"}],"curies":[{"name":"wp","href":"https:\/\/api.w.org\/{rel}","templated":true}]}}