{"id":17885,"date":"2022-09-22T16:55:30","date_gmt":"2022-09-22T16:55:30","guid":{"rendered":"https:\/\/topgetestet.de\/?product=vaude-damen-womens-farley-stretch-capri-t-zip-ii-hose"},"modified":"2022-09-22T16:55:30","modified_gmt":"2022-09-22T16:55:30","slug":"vaude-damen-womens-farley-stretch-capri-t-zip-ii-hose","status":"publish","type":"product","link":"https:\/\/topgetestet.de\/?product=vaude-damen-womens-farley-stretch-capri-t-zip-ii-hose","title":{"rendered":"VAUDE Damen Women&#8217;s Farley Stretch Capri T-Zip Ii Hose"},"content":{"rendered":"<p>Price: <span style=\"color:#b12704\">[price_with_discount]<\/span><br \/><i><small>(as of [price_update_date] &#8211; <span class=\"wp_automatic_amazon_disclaimer\" title=\"Product prices and availability are accurate as of the date\/time indicated and are subject to change. Any price and availability information displayed on [relevant Amazon Site(s), as applicable] at the time of purchase will apply to the purchase of this product.\">Details<\/span>)<\/small><\/i><\/p>\n<p><a href=\"https:\/\/amazon.de\/dp\/B00HFC7OOQ?tag=topgetestet09-21\"><img decoding=\"async\" src=\"https:\/\/i.imgur.com\/ISRHEWs.png\"><\/a><br \/>\n[ad_1]<br \/>\n <span>Unser Klassiker mit T-Zips. \u00c4u\u00dferst bequeme Wander- und Trekkinghose mit abnehmbaren Beinen aus umweltvertr\u00e4glichem und bluesign-zertifiziertem Material. Macht auf jeder Reise eine hervorragende Figur. Der bequeme Bund, der hohe Stretchanteil und die vorgeformten Kniepartien bieten einen besonders hohen Tragekomfort. Das pflegeleichte und schnell trocknende Gewebe sorgt f\u00fcr eine zuverl\u00e4ssige Funktionalit\u00e4t. Mit Rei\u00dfverschlusstaschen f\u00fcr mehr Sicherheit gegen Langfinger. Unser Produkt wird mit Eco-Finish hergestellt, das umweltvertr\u00e4glich und wasserabweisend ist und ohne Fluorcarbone (PFC) auskommt. Das VAUDE Green Shape-Label steht f\u00fcr ein umweltvertr\u00e4gliches und funktionelles Produkt aus nachhaltigen Materialien.<\/span> <br \/> Auslaufartikel (Produktion durch Hersteller eingestellt) \u200f : \u200e  Nein <br \/> Produktabmessungen \u200f : \u200e  30 x 21.49 x 10.01 cm; 38 Gramm <br \/> Im Angebot von Amazon.de seit \u200f : \u200e  17. Januar 2014 <br \/> Hersteller \u200f : \u200e  VAUDE <br \/> ASIN \u200f : \u200e  B00HFC7OBE <br \/> Modellnummer \u200f : \u200e  4577 <br \/> Kategorie \u200f : \u200e  Damen <\/p>\n<p>[ad_2]<\/p>\n","protected":false},"excerpt":{"rendered":"<p>Price: [price_with_discount](as of [price_update_date] &#8211; Details) [ad_1] Unser Klassiker mit T-Zips. \u00c4u\u00dferst bequeme Wander- und Trekkinghose mit abnehmbaren Beinen aus umweltvertr\u00e4glichem und bluesign-zertifiziertem Material. Macht auf jeder Reise eine hervorragende<\/p>\n","protected":false},"featured_media":17886,"comment_status":"open","ping_status":"closed","template":"","meta":[],"product_cat":[232],"product_tag":[],"class_list":{"0":"post-17885","1":"product","2":"type-product","3":"status-publish","4":"has-post-thumbnail","6":"product_cat-women-fashion","8":"first","9":"instock","10":"shipping-taxable","11":"product-type-external"},"aioseo_notices":[],"_links":{"self":[{"href":"https:\/\/topgetestet.de\/index.php?rest_route=\/wp\/v2\/product\/17885","targetHints":{"allow":["GET"]}}],"collection":[{"href":"https:\/\/topgetestet.de\/index.php?rest_route=\/wp\/v2\/product"}],"about":[{"href":"https:\/\/topgetestet.de\/index.php?rest_route=\/wp\/v2\/types\/product"}],"replies":[{"embeddable":true,"href":"https:\/\/topgetestet.de\/index.php?rest_route=%2Fwp%2Fv2%2Fcomments&post=17885"}],"wp:featuredmedia":[{"embeddable":true,"href":"https:\/\/topgetestet.de\/index.php?rest_route=\/wp\/v2\/media\/17886"}],"wp:attachment":[{"href":"https:\/\/topgetestet.de\/index.php?rest_route=%2Fwp%2Fv2%2Fmedia&parent=17885"}],"wp:term":[{"taxonomy":"product_cat","embeddable":true,"href":"https:\/\/topgetestet.de\/index.php?rest_route=%2Fwp%2Fv2%2Fproduct_cat&post=17885"},{"taxonomy":"product_tag","embeddable":true,"href":"https:\/\/topgetestet.de\/index.php?rest_route=%2Fwp%2Fv2%2Fproduct_tag&post=17885"}],"curies":[{"name":"wp","href":"https:\/\/api.w.org\/{rel}","templated":true}]}}